
{"id":793,"date":"2022-10-20T11:27:37","date_gmt":"2022-10-20T11:27:37","guid":{"rendered":"https:\/\/www.hap.ie\/daoine-gan-didean-ict\/eolas-do-thionontai\/"},"modified":"2022-11-14T14:36:22","modified_gmt":"2022-11-14T14:36:22","slug":"eolas-do-thionontai","status":"publish","type":"page","link":"https:\/\/www.hap.ie\/ga\/daoine-gan-didean-ict\/eolas-do-thionontai\/","title":{"rendered":"Eolas do thion\u00f3nta\u00ed"},"content":{"rendered":"\n<h1 class=\"homelesshap wp-block-heading\">Eolas do thion\u00f3nta\u00ed<\/h1>\n\n<h2 class=\"wp-block-heading\">Conas a ch\u00e1il\u00edtear<\/h2>\n\n<p>Chun c\u00e1ili\u00fa le haghaidh \u00cdCT do Dhaoine gan D\u00eddean n\u00ed m\u00f3r do d\u2019\u00fadar\u00e1s \u00e1iti\u00fail a chinneadh:<\/p>\n\n<ul class=\"wp-block-list\">\n<li>go bhfuil t\u00fa gan d\u00eddean agus nach bhfuil aon rogha c\u00f3ir\u00edochta eile agat<\/li>\n\n\n\n<li>go dteasta\u00edonn taca\u00edocht bhreise uait chun teach oiri\u00fanach ar c\u00edos a fh\u00e1il<\/li>\n<\/ul>\n\n<h2 class=\"wp-block-heading\">Taca\u00edochta\u00ed Aimsitheoir \u00c1ite \u00cdCT do Dhaoine gan D\u00eddean<\/h2>\n\n<p>F\u00e9adfaidh Seirbh\u00eds an Aimsitheora \u00c1ite i d\u2019\u00fadar\u00e1s \u00e1iti\u00fail:<\/p>\n\n<ul class=\"wp-block-list\">\n<li>cabhr\u00fa leat r\u00e9admhaoin oiri\u00fanach a fh\u00e1il ar c\u00edos<\/li>\n\n\n\n<li>an \u00e9arlais le haghaidh r\u00e9admhaoine a \u00edoc le do thiarna tal\u00fan n\u00f3 do ghn\u00edomhaire<\/li>\n\n\n\n<li>c\u00edos a \u00edoc roimh r\u00e9 le do thiarna tal\u00fan n\u00f3 gn\u00edomhaire<\/li>\n\n\n\n<li>dul suas le 35% os cionn theorainn ch\u00edosa \u00cdCT lasmuigh de cheantar Bhaile \u00c1tha Cliath<\/li>\n\n\n\n<li>dul suas le 50% os cionn theorainn ch\u00edosa \u00cdCT i gceantar Bhaile \u00c1tha Cliath<\/li>\n<\/ul>\n\n<h2 class=\"wp-block-heading\">Conas Iarratas a Dh\u00e9anamh<\/h2>\n\n<p>Chun iarratas a dh\u00e9anamh ar \u00cdCT do Dhaoine gan D\u00eddean n\u00ed m\u00f3r duit <a href=\"https:\/\/www.hap.ie\/ga\/aimsigh-dudaras-aitiuil\/\">teagmh\u00e1il a dh\u00e9anamh le d\u2019\u00fadar\u00e1s \u00e1iti\u00fail.<\/a><\/p>\n\n<div class=\"wp-block-columns is-layout-flex wp-container-core-columns-is-layout-28f84493 wp-block-columns-is-layout-flex\" id=\"pagination\">\n<div class=\"wp-block-column is-layout-flow wp-block-column-is-layout-flow\" style=\"flex-basis:200px\">\n<div class=\"wp-block-button\"><a class=\"wp-block-button__link has-ast-global-color-5-color has-text-color has-background\" style=\"background-color:#985cb1\" aria-label=\"Previous Page: Your landlord and tenancy\" href=\"https:\/\/www.hap.ie\/ga\/daoine-gan-didean-ict\/\">An Leathanach Roimhe Seo<\/a><\/div>\n<\/div>\n\n\n\n<div class=\"wp-block-column is-layout-flow wp-block-column-is-layout-flow\"><\/div>\n\n\n\n<div class=\"wp-block-column is-layout-flow wp-block-column-is-layout-flow\" style=\"flex-basis:200px\">\n<div class=\"wp-block-button\"><a class=\"wp-block-button__link has-ast-global-color-5-color has-text-color has-background float-right\" style=\"background-color:#985cb1\" aria-label=\"Next Page: Your payments\" href=\"https:\/\/www.hap.ie\/ga\/daoine-gan-didean-ict\/eolas-do-thiarnai-talun\/\">An Ch\u00e9ad Leathanach Eile<\/a><\/div>\n<\/div>\n<\/div>\n\n<p><a id=\"_msocom_1\"><\/a><\/p>\n","protected":false},"excerpt":{"rendered":"<p>Eolas do thion\u00f3nta\u00ed Conas a ch\u00e1il\u00edtear Chun c\u00e1ili\u00fa le haghaidh \u00cdCT do Dhaoine gan D\u00eddean n\u00ed m\u00f3r do d\u2019\u00fadar\u00e1s \u00e1iti\u00fail a chinneadh: Taca\u00edochta\u00ed Aimsitheoir \u00c1ite \u00cdCT do Dhaoine gan D\u00eddean F\u00e9adfaidh Seirbh\u00eds an Aimsitheora \u00c1ite i d\u2019\u00fadar\u00e1s \u00e1iti\u00fail: Conas Iarratas a Dh\u00e9anamh Chun iarratas a dh\u00e9anamh ar \u00cdCT do Dhaoine gan D\u00eddean n\u00ed m\u00f3r duit [&hellip;]<\/p>\n","protected":false},"author":1,"featured_media":0,"parent":608,"menu_order":0,"comment_status":"closed","ping_status":"closed","template":"","meta":{"_uag_custom_page_level_css":"","site-sidebar-layout":"default","site-content-layout":"","ast-site-content-layout":"default","site-content-style":"default","site-sidebar-style":"default","ast-global-header-display":"","ast-banner-title-visibility":"","ast-main-header-display":"","ast-hfb-above-header-display":"","ast-hfb-below-header-display":"","ast-hfb-mobile-header-display":"","site-post-title":"disabled","ast-breadcrumbs-content":"","ast-featured-img":"","footer-sml-layout":"","ast-disable-related-posts":"","theme-transparent-header-meta":"","adv-header-id-meta":"","stick-header-meta":"","header-above-stick-meta":"","header-main-stick-meta":"","header-below-stick-meta":"","astra-migrate-meta-layouts":"default","ast-page-background-enabled":"default","ast-page-background-meta":{"desktop":{"background-color":"var(--ast-global-color-4)","background-image":"","background-repeat":"repeat","background-position":"center center","background-size":"auto","background-attachment":"scroll","background-type":"","background-media":"","overlay-type":"","overlay-color":"","overlay-opacity":"","overlay-gradient":""},"tablet":{"background-color":"","background-image":"","background-repeat":"repeat","background-position":"center center","background-size":"auto","background-attachment":"scroll","background-type":"","background-media":"","overlay-type":"","overlay-color":"","overlay-opacity":"","overlay-gradient":""},"mobile":{"background-color":"","background-image":"","background-repeat":"repeat","background-position":"center center","background-size":"auto","background-attachment":"scroll","background-type":"","background-media":"","overlay-type":"","overlay-color":"","overlay-opacity":"","overlay-gradient":""}},"ast-content-background-meta":{"desktop":{"background-color":"var(--ast-global-color-5)","background-image":"","background-repeat":"repeat","background-position":"center center","background-size":"auto","background-attachment":"scroll","background-type":"","background-media":"","overlay-type":"","overlay-color":"","overlay-opacity":"","overlay-gradient":""},"tablet":{"background-color":"var(--ast-global-color-5)","background-image":"","background-repeat":"repeat","background-position":"center center","background-size":"auto","background-attachment":"scroll","background-type":"","background-media":"","overlay-type":"","overlay-color":"","overlay-opacity":"","overlay-gradient":""},"mobile":{"background-color":"var(--ast-global-color-5)","background-image":"","background-repeat":"repeat","background-position":"center center","background-size":"auto","background-attachment":"scroll","background-type":"","background-media":"","overlay-type":"","overlay-color":"","overlay-opacity":"","overlay-gradient":""}},"footnotes":""},"class_list":["post-793","page","type-page","status-publish","hentry"],"yoast_head":"<!-- This site is optimized with the Yoast SEO plugin v27.5 - https:\/\/yoast.com\/product\/yoast-seo-wordpress\/ -->\n<title>Eolas do thion\u00f3nta\u00ed - \u00cdoca\u00edochta C\u00fanaimh Tith\u00edochta<\/title>\n<meta name=\"robots\" content=\"index, follow, max-snippet:-1, max-image-preview:large, max-video-preview:-1\" \/>\n<link rel=\"canonical\" href=\"https:\/\/www.hap.ie\/ga\/daoine-gan-didean-ict\/eolas-do-thionontai\/\" \/>\n<meta property=\"og:locale\" content=\"ga_IE\" \/>\n<meta property=\"og:type\" content=\"article\" \/>\n<meta property=\"og:title\" content=\"Eolas do thion\u00f3nta\u00ed - \u00cdoca\u00edochta C\u00fanaimh Tith\u00edochta\" \/>\n<meta property=\"og:description\" content=\"Eolas do thion\u00f3nta\u00ed Conas a ch\u00e1il\u00edtear Chun c\u00e1ili\u00fa le haghaidh \u00cdCT do Dhaoine gan D\u00eddean n\u00ed m\u00f3r do d\u2019\u00fadar\u00e1s \u00e1iti\u00fail a chinneadh: Taca\u00edochta\u00ed Aimsitheoir \u00c1ite \u00cdCT do Dhaoine gan D\u00eddean F\u00e9adfaidh Seirbh\u00eds an Aimsitheora \u00c1ite i d\u2019\u00fadar\u00e1s \u00e1iti\u00fail: Conas Iarratas a Dh\u00e9anamh Chun iarratas a dh\u00e9anamh ar \u00cdCT do Dhaoine gan D\u00eddean n\u00ed m\u00f3r duit [&hellip;]\" \/>\n<meta property=\"og:url\" content=\"https:\/\/www.hap.ie\/ga\/daoine-gan-didean-ict\/eolas-do-thionontai\/\" \/>\n<meta property=\"og:site_name\" content=\"\u00cdoca\u00edochta C\u00fanaimh Tith\u00edochta\" \/>\n<meta property=\"article:modified_time\" content=\"2022-11-14T14:36:22+00:00\" \/>\n<meta name=\"twitter:card\" content=\"summary_large_image\" \/>\n<meta name=\"twitter:label1\" content=\"Est. reading time\" \/>\n\t<meta name=\"twitter:data1\" content=\"1 minute\" \/>\n<script type=\"application\/ld+json\" class=\"yoast-schema-graph\">{\"@context\":\"https:\\\/\\\/schema.org\",\"@graph\":[{\"@type\":\"WebPage\",\"@id\":\"https:\\\/\\\/www.hap.ie\\\/ga\\\/daoine-gan-didean-ict\\\/eolas-do-thionontai\\\/\",\"url\":\"https:\\\/\\\/www.hap.ie\\\/ga\\\/daoine-gan-didean-ict\\\/eolas-do-thionontai\\\/\",\"name\":\"Eolas do thion\u00f3nta\u00ed - \u00cdoca\u00edochta C\u00fanaimh Tith\u00edochta\",\"isPartOf\":{\"@id\":\"https:\\\/\\\/www.hap.ie\\\/ga\\\/#website\"},\"datePublished\":\"2022-10-20T11:27:37+00:00\",\"dateModified\":\"2022-11-14T14:36:22+00:00\",\"breadcrumb\":{\"@id\":\"https:\\\/\\\/www.hap.ie\\\/ga\\\/daoine-gan-didean-ict\\\/eolas-do-thionontai\\\/#breadcrumb\"},\"inLanguage\":\"ga-IE\",\"potentialAction\":[{\"@type\":\"ReadAction\",\"target\":[\"https:\\\/\\\/www.hap.ie\\\/ga\\\/daoine-gan-didean-ict\\\/eolas-do-thionontai\\\/\"]}]},{\"@type\":\"BreadcrumbList\",\"@id\":\"https:\\\/\\\/www.hap.ie\\\/ga\\\/daoine-gan-didean-ict\\\/eolas-do-thionontai\\\/#breadcrumb\",\"itemListElement\":[{\"@type\":\"ListItem\",\"position\":1,\"name\":\"Daoine gan d\u00eddean ICT\",\"item\":\"https:\\\/\\\/www.hap.ie\\\/ga\\\/daoine-gan-didean-ict\\\/\"},{\"@type\":\"ListItem\",\"position\":2,\"name\":\"Eolas do thion\u00f3nta\u00ed\"}]},{\"@type\":\"WebSite\",\"@id\":\"https:\\\/\\\/www.hap.ie\\\/ga\\\/#website\",\"url\":\"https:\\\/\\\/www.hap.ie\\\/ga\\\/\",\"name\":\"\u00cdoca\u00edochta C\u00fanaimh Tith\u00edochta\",\"description\":\"\",\"publisher\":{\"@id\":\"https:\\\/\\\/www.hap.ie\\\/ga\\\/#organization\"},\"potentialAction\":[{\"@type\":\"SearchAction\",\"target\":{\"@type\":\"EntryPoint\",\"urlTemplate\":\"https:\\\/\\\/www.hap.ie\\\/ga\\\/?s={search_term_string}\"},\"query-input\":{\"@type\":\"PropertyValueSpecification\",\"valueRequired\":true,\"valueName\":\"search_term_string\"}}],\"inLanguage\":\"ga-IE\"},{\"@type\":\"Organization\",\"@id\":\"https:\\\/\\\/www.hap.ie\\\/ga\\\/#organization\",\"name\":\"\u00cdoca\u00edochta C\u00fanaimh Tith\u00edochta\",\"url\":\"https:\\\/\\\/www.hap.ie\\\/ga\\\/\",\"logo\":{\"@type\":\"ImageObject\",\"inLanguage\":\"ga-IE\",\"@id\":\"https:\\\/\\\/www.hap.ie\\\/ga\\\/#\\\/schema\\\/logo\\\/image\\\/\",\"url\":\"https:\\\/\\\/hap-cdn-prod.s3.eu-west-1.amazonaws.com\\\/wp-content\\\/uploads\\\/2022\\\/09\\\/02094307\\\/hap.png\",\"contentUrl\":\"https:\\\/\\\/hap-cdn-prod.s3.eu-west-1.amazonaws.com\\\/wp-content\\\/uploads\\\/2022\\\/09\\\/02094307\\\/hap.png\",\"width\":590,\"height\":282,\"caption\":\"\u00cdoca\u00edochta C\u00fanaimh Tith\u00edochta\"},\"image\":{\"@id\":\"https:\\\/\\\/www.hap.ie\\\/ga\\\/#\\\/schema\\\/logo\\\/image\\\/\"}}]}<\/script>\n<!-- \/ Yoast SEO plugin. -->","yoast_head_json":{"title":"Eolas do thion\u00f3nta\u00ed - \u00cdoca\u00edochta C\u00fanaimh Tith\u00edochta","robots":{"index":"index","follow":"follow","max-snippet":"max-snippet:-1","max-image-preview":"max-image-preview:large","max-video-preview":"max-video-preview:-1"},"canonical":"https:\/\/www.hap.ie\/ga\/daoine-gan-didean-ict\/eolas-do-thionontai\/","og_locale":"ga_IE","og_type":"article","og_title":"Eolas do thion\u00f3nta\u00ed - \u00cdoca\u00edochta C\u00fanaimh Tith\u00edochta","og_description":"Eolas do thion\u00f3nta\u00ed Conas a ch\u00e1il\u00edtear Chun c\u00e1ili\u00fa le haghaidh \u00cdCT do Dhaoine gan D\u00eddean n\u00ed m\u00f3r do d\u2019\u00fadar\u00e1s \u00e1iti\u00fail a chinneadh: Taca\u00edochta\u00ed Aimsitheoir \u00c1ite \u00cdCT do Dhaoine gan D\u00eddean F\u00e9adfaidh Seirbh\u00eds an Aimsitheora \u00c1ite i d\u2019\u00fadar\u00e1s \u00e1iti\u00fail: Conas Iarratas a Dh\u00e9anamh Chun iarratas a dh\u00e9anamh ar \u00cdCT do Dhaoine gan D\u00eddean n\u00ed m\u00f3r duit [&hellip;]","og_url":"https:\/\/www.hap.ie\/ga\/daoine-gan-didean-ict\/eolas-do-thionontai\/","og_site_name":"\u00cdoca\u00edochta C\u00fanaimh Tith\u00edochta","article_modified_time":"2022-11-14T14:36:22+00:00","twitter_card":"summary_large_image","twitter_misc":{"Est. reading time":"1 minute"},"schema":{"@context":"https:\/\/schema.org","@graph":[{"@type":"WebPage","@id":"https:\/\/www.hap.ie\/ga\/daoine-gan-didean-ict\/eolas-do-thionontai\/","url":"https:\/\/www.hap.ie\/ga\/daoine-gan-didean-ict\/eolas-do-thionontai\/","name":"Eolas do thion\u00f3nta\u00ed - \u00cdoca\u00edochta C\u00fanaimh Tith\u00edochta","isPartOf":{"@id":"https:\/\/www.hap.ie\/ga\/#website"},"datePublished":"2022-10-20T11:27:37+00:00","dateModified":"2022-11-14T14:36:22+00:00","breadcrumb":{"@id":"https:\/\/www.hap.ie\/ga\/daoine-gan-didean-ict\/eolas-do-thionontai\/#breadcrumb"},"inLanguage":"ga-IE","potentialAction":[{"@type":"ReadAction","target":["https:\/\/www.hap.ie\/ga\/daoine-gan-didean-ict\/eolas-do-thionontai\/"]}]},{"@type":"BreadcrumbList","@id":"https:\/\/www.hap.ie\/ga\/daoine-gan-didean-ict\/eolas-do-thionontai\/#breadcrumb","itemListElement":[{"@type":"ListItem","position":1,"name":"Daoine gan d\u00eddean ICT","item":"https:\/\/www.hap.ie\/ga\/daoine-gan-didean-ict\/"},{"@type":"ListItem","position":2,"name":"Eolas do thion\u00f3nta\u00ed"}]},{"@type":"WebSite","@id":"https:\/\/www.hap.ie\/ga\/#website","url":"https:\/\/www.hap.ie\/ga\/","name":"\u00cdoca\u00edochta C\u00fanaimh Tith\u00edochta","description":"","publisher":{"@id":"https:\/\/www.hap.ie\/ga\/#organization"},"potentialAction":[{"@type":"SearchAction","target":{"@type":"EntryPoint","urlTemplate":"https:\/\/www.hap.ie\/ga\/?s={search_term_string}"},"query-input":{"@type":"PropertyValueSpecification","valueRequired":true,"valueName":"search_term_string"}}],"inLanguage":"ga-IE"},{"@type":"Organization","@id":"https:\/\/www.hap.ie\/ga\/#organization","name":"\u00cdoca\u00edochta C\u00fanaimh Tith\u00edochta","url":"https:\/\/www.hap.ie\/ga\/","logo":{"@type":"ImageObject","inLanguage":"ga-IE","@id":"https:\/\/www.hap.ie\/ga\/#\/schema\/logo\/image\/","url":"https:\/\/hap-cdn-prod.s3.eu-west-1.amazonaws.com\/wp-content\/uploads\/2022\/09\/02094307\/hap.png","contentUrl":"https:\/\/hap-cdn-prod.s3.eu-west-1.amazonaws.com\/wp-content\/uploads\/2022\/09\/02094307\/hap.png","width":590,"height":282,"caption":"\u00cdoca\u00edochta C\u00fanaimh Tith\u00edochta"},"image":{"@id":"https:\/\/www.hap.ie\/ga\/#\/schema\/logo\/image\/"}}]}},"spectra_custom_meta":{"_wpml_media_duplicate":["1"],"_wpml_media_featured":["1"],"adv-header-id-meta":[""],"stick-header-meta":[""],"site-post-title":["disabled"],"theme-transparent-header-meta":[""],"_top_nav_excluded":[""],"_cms_nav_minihome":[""],"_last_translation_edit_mode":["translation-editor"],"_wp_page_template":[""],"_cmplz_remote_scanned_post":["1"],"_cmplz_scanned_post":["1"],"_uag_page_assets":["a:9:{s:3:\"css\";s:0:\"\";s:2:\"js\";s:0:\"\";s:18:\"current_block_list\";a:10:{i:0;s:12:\"core\/heading\";i:1;s:14:\"core\/paragraph\";i:2;s:9:\"core\/list\";i:3;s:14:\"core\/list-item\";i:4;s:12:\"core\/columns\";i:5;s:11:\"core\/column\";i:6;s:9:\"core\/html\";i:7;s:10:\"core\/group\";i:12;s:10:\"core\/image\";i:13;s:28:\"tiptip\/hyperlink-group-block\";}s:8:\"uag_flag\";b:0;s:11:\"uag_version\";s:10:\"1778160571\";s:6:\"gfonts\";a:0:{}s:10:\"gfonts_url\";s:0:\"\";s:12:\"gfonts_files\";a:0:{}s:14:\"uag_faq_layout\";b:0;}"]},"uagb_featured_image_src":{"full":false,"thumbnail":false,"medium":false,"medium_large":false,"large":false,"1536x1536":false,"2048x2048":false},"uagb_author_info":{"display_name":"BobbyJo","author_link":"https:\/\/www.hap.ie\/ga\/author\/bobbyjo\/"},"uagb_comment_info":0,"uagb_excerpt":"Eolas do thion\u00f3nta\u00ed Conas a ch\u00e1il\u00edtear Chun c\u00e1ili\u00fa le haghaidh \u00cdCT do Dhaoine gan D\u00eddean n\u00ed m\u00f3r do d\u2019\u00fadar\u00e1s \u00e1iti\u00fail a chinneadh: Taca\u00edochta\u00ed Aimsitheoir \u00c1ite \u00cdCT do Dhaoine gan D\u00eddean F\u00e9adfaidh Seirbh\u00eds an Aimsitheora \u00c1ite i d\u2019\u00fadar\u00e1s \u00e1iti\u00fail: Conas Iarratas a Dh\u00e9anamh Chun iarratas a dh\u00e9anamh ar \u00cdCT do Dhaoine gan D\u00eddean n\u00ed m\u00f3r duit&hellip;","_links":{"self":[{"href":"https:\/\/www.hap.ie\/ga\/wp-json\/wp\/v2\/pages\/793","targetHints":{"allow":["GET"]}}],"collection":[{"href":"https:\/\/www.hap.ie\/ga\/wp-json\/wp\/v2\/pages"}],"about":[{"href":"https:\/\/www.hap.ie\/ga\/wp-json\/wp\/v2\/types\/page"}],"author":[{"embeddable":true,"href":"https:\/\/www.hap.ie\/ga\/wp-json\/wp\/v2\/users\/1"}],"replies":[{"embeddable":true,"href":"https:\/\/www.hap.ie\/ga\/wp-json\/wp\/v2\/comments?post=793"}],"version-history":[{"count":2,"href":"https:\/\/www.hap.ie\/ga\/wp-json\/wp\/v2\/pages\/793\/revisions"}],"predecessor-version":[{"id":918,"href":"https:\/\/www.hap.ie\/ga\/wp-json\/wp\/v2\/pages\/793\/revisions\/918"}],"up":[{"embeddable":true,"href":"https:\/\/www.hap.ie\/ga\/wp-json\/wp\/v2\/pages\/608"}],"wp:attachment":[{"href":"https:\/\/www.hap.ie\/ga\/wp-json\/wp\/v2\/media?parent=793"}],"curies":[{"name":"wp","href":"https:\/\/api.w.org\/{rel}","templated":true}]}}