{"id":763,"date":"2022-10-20T10:49:59","date_gmt":"2022-10-20T10:49:59","guid":{"rendered":"https:\/\/www.hap.ie\/tenants\/iocaiochtai-tiononta-ict\/"},"modified":"2026-03-24T14:21:50","modified_gmt":"2026-03-24T14:21:50","slug":"iocaiochtai-tiononta-ict","status":"publish","type":"page","link":"https:\/\/www.hap.ie\/ga\/tenants\/iocaiochtai-tiononta-ict\/","title":{"rendered":"\u00cdoca\u00edochta\u00ed Tion\u00f3nta HAP"},"content":{"rendered":"\n<h1 class=\"wp-block-heading tenants\"><strong>\u00cdoca\u00edochta\u00ed Tion\u00f3nta HAP<\/strong><\/h1>\n\n<p>D\u00e9anfaidh d\u2019\u00fadar\u00e1s \u00e1iti\u00fail \u00edoca\u00edocht mh\u00edos\u00fail HAP go d\u00edreach le do thiarna tal\u00fan, ar an gC\u00e9adaoin dheireanach de gach m\u00ed. T\u00e1 \u00cdoca\u00edochta\u00ed HAP bunaithe ar l\u00edon na ndaoine i dteaghlach agus ar an margadh c\u00edosa sa cheantar.<\/p>\n\n<p>T\u00e1 sol\u00fabthacht theoranta ag \u00fadar\u00e1is \u00e1iti\u00fala chun dul thar theorainneacha c\u00edosa HAP i gc\u00e1sanna \u00e1irithe. I gc\u00e1s ina s\u00e1ra\u00edonn an c\u00edos m\u00edos\u00fail a comhaonta\u00edodh le do thiarna tal\u00fan an uasr\u00e1ta HAP is in\u00edoctha ag d&#8217;\u00fadar\u00e1s \u00e1iti\u00fail, n\u00ed m\u00f3r duit an difr\u00edocht a \u00edoc go d\u00edreach le do thiarna tal\u00fan. Mar sin f\u00e9in, t\u00e1 s\u00e9 de dhualgas ar \u00fadar\u00e1is \u00e1iti\u00fala a chinnti\u00fa go bhfuil tion\u00f3ntachta\u00ed inbhuanaithe agus n\u00ed f\u00e9idir leo taca\u00edocht HAP a shol\u00e1thar i gc\u00e1s nach bhfuil teaghlach in ann na costais c\u00edosa at\u00e1 \u00e1 lorg a chomhl\u00edonadh.<\/p>\n\n<p>T\u00e1 an rann\u00edoca\u00edocht c\u00edosa sheachtaini\u00fail a \u00edocann t\u00fa le d\u2019\u00fadar\u00e1s \u00e1iti\u00fail bunaithe ar ioncam do theaghlaigh. R\u00edomhtar \u00e9 ar an mbealach c\u00e9anna leis an gc\u00edos a \u00edocann tion\u00f3nta maoine at\u00e1 faoi \u00fain\u00e9ireacht \u00fadar\u00e1is \u00e1iti\u00fail. Caithfear \u00e9 seo a \u00edoc chun fanacht inch\u00e1ilithe do HAP.<\/p>\n\n<p>Is f\u00e9idir leat tuilleadh eolais a fh\u00e1il faoi na teorainneacha a bhaineann le do theaghlach \u00f3 <a href=\"https:\/\/www.gov.ie\/en\/help\/departments\/#local-authorities\" target=\"_blank\" rel=\"noreferrer noopener\">d\u2019\u00fadar\u00e1s \u00e1iti\u00fail.<\/a><\/p>\n\n<p>M\u00e1s mian leat duine a chur leis chun tac\u00fa leat agus t\u00fa ag cumars\u00e1id le HAP maidir le do chuntas, clice\u00e1il anseo: &#8221; <a href=\"https:\/\/hap-cdn-prod.s3.eu-west-1.amazonaws.com\/wp-content\/uploads\/2026\/03\/06162320\/COMMUNICATION-SUPPORT-FORM-2026.pdf\">Foirm Taca\u00edochta Cumars\u00e1ide<\/a> &#8221; agus seol r\u00edomhphost chuig <strong><a href=\"mailto:hapcollections@limerick.ie\">hapcollections@limerick.ie<\/a><\/strong><\/p>\n\n<p>Faoin \u00cdoca\u00edocht C\u00fanaimh Tith\u00edochta, n\u00ed \u00edocfaidh an t-\u00fadar\u00e1s \u00e1iti\u00fail \u00e9arlais chuig do thiarna tal\u00fan. T\u00fa f\u00e9in a bheidh freagrach as an \u00e9arlais a \u00edoc. <\/p>\n\n<p>T\u00e1 taca\u00edochta\u00ed ar f\u00e1il faoin sc\u00e9im \u00cdoca\u00edochta Riachtanais Bhreise, ar taca\u00edochta\u00ed iad a chuireann an Roinn Coimirce S\u00f3isiala\u00ed ar f\u00e1il, chun cabhr\u00fa le daoine a mb\u00edonn costais riachtanacha orthu nach f\u00e9idir leo a \u00edoc lena n-ioncam seachtaini\u00fail n\u00e1 le hacmhainn\u00ed pearsanta n\u00e1 le hacmhainn\u00ed teaghlaigh eile. Is f\u00e9idir leat cur isteach ar an sc\u00e9im chun c\u00fanamh a fh\u00e1il le h\u00e9arlais c\u00edosa a \u00edoc. T\u00e1 an \u00edoca\u00edocht ar f\u00e1il d\u2019aon duine a dteasta\u00edonn s\u00ed uathu agus at\u00e1 i dteideal na h\u00edoca\u00edochta, b\u00edodh siad ag f\u00e1il \u00edoca\u00edocht leasa sh\u00f3isialaigh n\u00f3 ag obair ar ioncam \u00edseal. N\u00edl aon teidl\u00edocht uathoibr\u00edoch ar \u00edoca\u00edocht. D\u00e9anfaidh an Roinn Coimirce S\u00f3isiala\u00ed d\u2019ioncam seachtaini\u00fail teaghlaigh, do choigiltis agus d\u2019infheist\u00edochta\u00ed, do chostais teaghlaigh agus an leibh\u00e9al c\u00fanaimh a theasta\u00edonn uait a mheas.     <\/p>\n\n<p>Is ar l\u00edne ag <a href=\"https:\/\/services.mywelfare.ie\/en\/topics\/community-welfare-services\/additional-needs-payment\/\">MyWelfare.ie<\/a> an bealach is tapa agus is \u00e9asca chun cur isteach ar \u00cdoca\u00edocht Riachtanais Bhreise. Mar mhalairt air sin, is f\u00e9idir leat foirm iarratais (foirm SWA1) mar aon le c\u00e1ip\u00e9is\u00edocht thaca\u00edochta \u00e1bhartha a chur ar aghaidh chuig d\u2019Ionad Intreo n\u00f3 d\u2019Oifig Brainse Leasa Sh\u00f3isialaigh \u00e1iti\u00fail. Is f\u00e9idir tuilleadh eolais a fh\u00e1il faoin \u00cdoca\u00edocht Riachtanais Bhreise ar <a href=\"https:\/\/www.gov.ie\/en\/department-of-social-protection\/services\/additional-needs-payment\/\">gov.ie\/anp<\/a>  <\/p>\n\n<div class=\"wp-block-columns is-layout-flex wp-container-core-columns-is-layout-28f84493 wp-block-columns-is-layout-flex\" id=\"pagination\">\n<div class=\"wp-block-column is-layout-flow wp-block-column-is-layout-flow\" style=\"flex-basis:200px\">\n<div class=\"wp-block-button\"><a class=\"wp-block-button__link has-ast-global-color-5-color has-text-color has-background\" style=\"background-color:#68308c\" aria-label=\"Previous Page: Why HAP?\" href=\"https:\/\/www.hap.ie\/ga\/tenants\/conas-iarratas-a-dheanamh\/\">Leathanach Roimhe Seo<\/a><\/div>\n<\/div>\n\n\n\n<div class=\"wp-block-column is-layout-flow wp-block-column-is-layout-flow\"><\/div>\n\n\n\n<div class=\"wp-block-column is-layout-flow wp-block-column-is-layout-flow\" style=\"flex-basis:200px\">\n<div class=\"wp-block-button\"><a class=\"wp-block-button__link has-ast-global-color-5-color has-text-color has-background float-right\" style=\"background-color:#68308c\" aria-label=\"Next Page: Your landlord and tenancy\" href=\"https:\/\/www.hap.ie\/ga\/tenants\/do-thiarna-talun-agus-do-thionontacht\/\">An Leathanach Eile<\/a><\/div>\n<\/div>\n<\/div>\n","protected":false},"excerpt":{"rendered":"<p>\u00cdoca\u00edochta\u00ed Tion\u00f3nta HAP D\u00e9anfaidh d\u2019\u00fadar\u00e1s \u00e1iti\u00fail \u00edoca\u00edocht mh\u00edos\u00fail HAP go d\u00edreach le do thiarna tal\u00fan, ar an gC\u00e9adaoin dheireanach de gach m\u00ed. T\u00e1 \u00cdoca\u00edochta\u00ed HAP bunaithe ar l\u00edon na ndaoine i dteaghlach agus ar an margadh c\u00edosa sa cheantar. T\u00e1 sol\u00fabthacht theoranta ag \u00fadar\u00e1is \u00e1iti\u00fala chun dul thar theorainneacha c\u00edosa HAP i gc\u00e1sanna \u00e1irithe. I [&hellip;]<\/p>\n","protected":false},"author":1,"featured_media":0,"parent":564,"menu_order":0,"comment_status":"closed","ping_status":"closed","template":"","meta":{"_uag_custom_page_level_css":"","site-sidebar-layout":"default","site-content-layout":"","ast-site-content-layout":"default","site-content-style":"default","site-sidebar-style":"default","ast-global-header-display":"","ast-banner-title-visibility":"","ast-main-header-display":"","ast-hfb-above-header-display":"","ast-hfb-below-header-display":"","ast-hfb-mobile-header-display":"","site-post-title":"disabled","ast-breadcrumbs-content":"","ast-featured-img":"","footer-sml-layout":"","ast-disable-related-posts":"","theme-transparent-header-meta":"","adv-header-id-meta":"","stick-header-meta":"","header-above-stick-meta":"","header-main-stick-meta":"","header-below-stick-meta":"","astra-migrate-meta-layouts":"default","ast-page-background-enabled":"default","ast-page-background-meta":{"desktop":{"background-color":"var(--ast-global-color-4)","background-image":"","background-repeat":"repeat","background-position":"center center","background-size":"auto","background-attachment":"scroll","background-type":"","background-media":"","overlay-type":"","overlay-color":"","overlay-opacity":"","overlay-gradient":""},"tablet":{"background-color":"","background-image":"","background-repeat":"repeat","background-position":"center center","background-size":"auto","background-attachment":"scroll","background-type":"","background-media":"","overlay-type":"","overlay-color":"","overlay-opacity":"","overlay-gradient":""},"mobile":{"background-color":"","background-image":"","background-repeat":"repeat","background-position":"center center","background-size":"auto","background-attachment":"scroll","background-type":"","background-media":"","overlay-type":"","overlay-color":"","overlay-opacity":"","overlay-gradient":""}},"ast-content-background-meta":{"desktop":{"background-color":"var(--ast-global-color-5)","background-image":"","background-repeat":"repeat","background-position":"center center","background-size":"auto","background-attachment":"scroll","background-type":"","background-media":"","overlay-type":"","overlay-color":"","overlay-opacity":"","overlay-gradient":""},"tablet":{"background-color":"var(--ast-global-color-5)","background-image":"","background-repeat":"repeat","background-position":"center center","background-size":"auto","background-attachment":"scroll","background-type":"","background-media":"","overlay-type":"","overlay-color":"","overlay-opacity":"","overlay-gradient":""},"mobile":{"background-color":"var(--ast-global-color-5)","background-image":"","background-repeat":"repeat","background-position":"center center","background-size":"auto","background-attachment":"scroll","background-type":"","background-media":"","overlay-type":"","overlay-color":"","overlay-opacity":"","overlay-gradient":""}},"footnotes":""},"class_list":["post-763","page","type-page","status-publish","hentry"],"yoast_head":"<!-- This site is optimized with the Yoast SEO plugin v27.1.1 - https:\/\/yoast.com\/product\/yoast-seo-wordpress\/ -->\n<title>\u00cdoca\u00edochta\u00ed Tion\u00f3nta HAP - \u00cdoca\u00edochta C\u00fanaimh Tith\u00edochta<\/title>\n<meta name=\"robots\" content=\"index, follow, max-snippet:-1, max-image-preview:large, max-video-preview:-1\" \/>\n<link rel=\"canonical\" href=\"https:\/\/www.hap.ie\/ga\/tenants\/iocaiochtai-tiononta-ict\/\" \/>\n<meta property=\"og:locale\" content=\"ga_IE\" \/>\n<meta property=\"og:type\" content=\"article\" \/>\n<meta property=\"og:title\" content=\"\u00cdoca\u00edochta\u00ed Tion\u00f3nta HAP - \u00cdoca\u00edochta C\u00fanaimh Tith\u00edochta\" \/>\n<meta property=\"og:description\" content=\"\u00cdoca\u00edochta\u00ed Tion\u00f3nta HAP D\u00e9anfaidh d\u2019\u00fadar\u00e1s \u00e1iti\u00fail \u00edoca\u00edocht mh\u00edos\u00fail HAP go d\u00edreach le do thiarna tal\u00fan, ar an gC\u00e9adaoin dheireanach de gach m\u00ed. T\u00e1 \u00cdoca\u00edochta\u00ed HAP bunaithe ar l\u00edon na ndaoine i dteaghlach agus ar an margadh c\u00edosa sa cheantar. T\u00e1 sol\u00fabthacht theoranta ag \u00fadar\u00e1is \u00e1iti\u00fala chun dul thar theorainneacha c\u00edosa HAP i gc\u00e1sanna \u00e1irithe. I [&hellip;]\" \/>\n<meta property=\"og:url\" content=\"https:\/\/www.hap.ie\/ga\/tenants\/iocaiochtai-tiononta-ict\/\" \/>\n<meta property=\"og:site_name\" content=\"\u00cdoca\u00edochta C\u00fanaimh Tith\u00edochta\" \/>\n<meta property=\"article:modified_time\" content=\"2026-03-24T14:21:50+00:00\" \/>\n<meta name=\"twitter:card\" content=\"summary_large_image\" \/>\n<meta name=\"twitter:label1\" content=\"Est. reading time\" \/>\n\t<meta name=\"twitter:data1\" content=\"3 minutes\" \/>\n<script type=\"application\/ld+json\" class=\"yoast-schema-graph\">{\"@context\":\"https:\/\/schema.org\",\"@graph\":[{\"@type\":\"WebPage\",\"@id\":\"https:\/\/www.hap.ie\/ga\/tenants\/iocaiochtai-tiononta-ict\/\",\"url\":\"https:\/\/www.hap.ie\/ga\/tenants\/iocaiochtai-tiononta-ict\/\",\"name\":\"\u00cdoca\u00edochta\u00ed Tion\u00f3nta HAP - \u00cdoca\u00edochta C\u00fanaimh Tith\u00edochta\",\"isPartOf\":{\"@id\":\"https:\/\/www.hap.ie\/ga\/#website\"},\"datePublished\":\"2022-10-20T10:49:59+00:00\",\"dateModified\":\"2026-03-24T14:21:50+00:00\",\"breadcrumb\":{\"@id\":\"https:\/\/www.hap.ie\/ga\/tenants\/iocaiochtai-tiononta-ict\/#breadcrumb\"},\"inLanguage\":\"ga-IE\",\"potentialAction\":[{\"@type\":\"ReadAction\",\"target\":[\"https:\/\/www.hap.ie\/ga\/tenants\/iocaiochtai-tiononta-ict\/\"]}]},{\"@type\":\"BreadcrumbList\",\"@id\":\"https:\/\/www.hap.ie\/ga\/tenants\/iocaiochtai-tiononta-ict\/#breadcrumb\",\"itemListElement\":[{\"@type\":\"ListItem\",\"position\":1,\"name\":\"Tion\u00f3nta\u00ed\",\"item\":\"https:\/\/www.hap.ie\/ga\/tenants\/\"},{\"@type\":\"ListItem\",\"position\":2,\"name\":\"\u00cdoca\u00edochta\u00ed Tion\u00f3nta HAP\"}]},{\"@type\":\"WebSite\",\"@id\":\"https:\/\/www.hap.ie\/ga\/#website\",\"url\":\"https:\/\/www.hap.ie\/ga\/\",\"name\":\"\u00cdoca\u00edochta C\u00fanaimh Tith\u00edochta\",\"description\":\"\",\"publisher\":{\"@id\":\"https:\/\/www.hap.ie\/ga\/#organization\"},\"potentialAction\":[{\"@type\":\"SearchAction\",\"target\":{\"@type\":\"EntryPoint\",\"urlTemplate\":\"https:\/\/www.hap.ie\/ga\/?s={search_term_string}\"},\"query-input\":{\"@type\":\"PropertyValueSpecification\",\"valueRequired\":true,\"valueName\":\"search_term_string\"}}],\"inLanguage\":\"ga-IE\"},{\"@type\":\"Organization\",\"@id\":\"https:\/\/www.hap.ie\/ga\/#organization\",\"name\":\"\u00cdoca\u00edochta C\u00fanaimh Tith\u00edochta\",\"url\":\"https:\/\/www.hap.ie\/ga\/\",\"logo\":{\"@type\":\"ImageObject\",\"inLanguage\":\"ga-IE\",\"@id\":\"https:\/\/www.hap.ie\/ga\/#\/schema\/logo\/image\/\",\"url\":\"https:\/\/hap-cdn-prod.s3.eu-west-1.amazonaws.com\/wp-content\/uploads\/2022\/09\/02094307\/hap.png\",\"contentUrl\":\"https:\/\/hap-cdn-prod.s3.eu-west-1.amazonaws.com\/wp-content\/uploads\/2022\/09\/02094307\/hap.png\",\"width\":590,\"height\":282,\"caption\":\"\u00cdoca\u00edochta C\u00fanaimh Tith\u00edochta\"},\"image\":{\"@id\":\"https:\/\/www.hap.ie\/ga\/#\/schema\/logo\/image\/\"}}]}<\/script>\n<!-- \/ Yoast SEO plugin. -->","yoast_head_json":{"title":"\u00cdoca\u00edochta\u00ed Tion\u00f3nta HAP - \u00cdoca\u00edochta C\u00fanaimh Tith\u00edochta","robots":{"index":"index","follow":"follow","max-snippet":"max-snippet:-1","max-image-preview":"max-image-preview:large","max-video-preview":"max-video-preview:-1"},"canonical":"https:\/\/www.hap.ie\/ga\/tenants\/iocaiochtai-tiononta-ict\/","og_locale":"ga_IE","og_type":"article","og_title":"\u00cdoca\u00edochta\u00ed Tion\u00f3nta HAP - \u00cdoca\u00edochta C\u00fanaimh Tith\u00edochta","og_description":"\u00cdoca\u00edochta\u00ed Tion\u00f3nta HAP D\u00e9anfaidh d\u2019\u00fadar\u00e1s \u00e1iti\u00fail \u00edoca\u00edocht mh\u00edos\u00fail HAP go d\u00edreach le do thiarna tal\u00fan, ar an gC\u00e9adaoin dheireanach de gach m\u00ed. T\u00e1 \u00cdoca\u00edochta\u00ed HAP bunaithe ar l\u00edon na ndaoine i dteaghlach agus ar an margadh c\u00edosa sa cheantar. T\u00e1 sol\u00fabthacht theoranta ag \u00fadar\u00e1is \u00e1iti\u00fala chun dul thar theorainneacha c\u00edosa HAP i gc\u00e1sanna \u00e1irithe. I [&hellip;]","og_url":"https:\/\/www.hap.ie\/ga\/tenants\/iocaiochtai-tiononta-ict\/","og_site_name":"\u00cdoca\u00edochta C\u00fanaimh Tith\u00edochta","article_modified_time":"2026-03-24T14:21:50+00:00","twitter_card":"summary_large_image","twitter_misc":{"Est. reading time":"3 minutes"},"schema":{"@context":"https:\/\/schema.org","@graph":[{"@type":"WebPage","@id":"https:\/\/www.hap.ie\/ga\/tenants\/iocaiochtai-tiononta-ict\/","url":"https:\/\/www.hap.ie\/ga\/tenants\/iocaiochtai-tiononta-ict\/","name":"\u00cdoca\u00edochta\u00ed Tion\u00f3nta HAP - \u00cdoca\u00edochta C\u00fanaimh Tith\u00edochta","isPartOf":{"@id":"https:\/\/www.hap.ie\/ga\/#website"},"datePublished":"2022-10-20T10:49:59+00:00","dateModified":"2026-03-24T14:21:50+00:00","breadcrumb":{"@id":"https:\/\/www.hap.ie\/ga\/tenants\/iocaiochtai-tiononta-ict\/#breadcrumb"},"inLanguage":"ga-IE","potentialAction":[{"@type":"ReadAction","target":["https:\/\/www.hap.ie\/ga\/tenants\/iocaiochtai-tiononta-ict\/"]}]},{"@type":"BreadcrumbList","@id":"https:\/\/www.hap.ie\/ga\/tenants\/iocaiochtai-tiononta-ict\/#breadcrumb","itemListElement":[{"@type":"ListItem","position":1,"name":"Tion\u00f3nta\u00ed","item":"https:\/\/www.hap.ie\/ga\/tenants\/"},{"@type":"ListItem","position":2,"name":"\u00cdoca\u00edochta\u00ed Tion\u00f3nta HAP"}]},{"@type":"WebSite","@id":"https:\/\/www.hap.ie\/ga\/#website","url":"https:\/\/www.hap.ie\/ga\/","name":"\u00cdoca\u00edochta C\u00fanaimh Tith\u00edochta","description":"","publisher":{"@id":"https:\/\/www.hap.ie\/ga\/#organization"},"potentialAction":[{"@type":"SearchAction","target":{"@type":"EntryPoint","urlTemplate":"https:\/\/www.hap.ie\/ga\/?s={search_term_string}"},"query-input":{"@type":"PropertyValueSpecification","valueRequired":true,"valueName":"search_term_string"}}],"inLanguage":"ga-IE"},{"@type":"Organization","@id":"https:\/\/www.hap.ie\/ga\/#organization","name":"\u00cdoca\u00edochta C\u00fanaimh Tith\u00edochta","url":"https:\/\/www.hap.ie\/ga\/","logo":{"@type":"ImageObject","inLanguage":"ga-IE","@id":"https:\/\/www.hap.ie\/ga\/#\/schema\/logo\/image\/","url":"https:\/\/hap-cdn-prod.s3.eu-west-1.amazonaws.com\/wp-content\/uploads\/2022\/09\/02094307\/hap.png","contentUrl":"https:\/\/hap-cdn-prod.s3.eu-west-1.amazonaws.com\/wp-content\/uploads\/2022\/09\/02094307\/hap.png","width":590,"height":282,"caption":"\u00cdoca\u00edochta C\u00fanaimh Tith\u00edochta"},"image":{"@id":"https:\/\/www.hap.ie\/ga\/#\/schema\/logo\/image\/"}}]}},"spectra_custom_meta":{"_wpml_media_duplicate":["1"],"_wpml_media_featured":["1"],"adv-header-id-meta":[""],"stick-header-meta":[""],"site-post-title":["disabled"],"theme-transparent-header-meta":[""],"_top_nav_excluded":[""],"_cms_nav_minihome":[""],"_last_translation_edit_mode":["translation-editor"],"_wp_page_template":[""],"_cmplz_scanned_post":["1"],"_cmplz_remote_scanned_post":["1"],"ast-main-header-display":[""],"ast-hfb-above-header-display":[""],"ast-hfb-below-header-display":[""],"ast-hfb-mobile-header-display":[""],"footer-sml-layout":[""],"header-main-stick-meta":[""],"header-above-stick-meta":[""],"header-below-stick-meta":[""],"site-sidebar-layout":["default"],"site-content-layout":[""],"ast-featured-img":[""],"ast-breadcrumbs-content":[""],"ast-banner-title-visibility":[""],"ast-global-header-display":[""],"ast-site-content-layout":["default"],"site-content-style":["default"],"site-sidebar-style":["default"],"amazonS3_cache":["a:4:{s:79:\"\/\/www.hap.ie\/wp-content\/uploads\/2025\/06\/COMMUNICATION-SUPPORT-FORM-advocacy.pdf\";a:2:{s:2:\"id\";s:4:\"1345\";s:11:\"source_type\";s:13:\"media-library\";}s:117:\"\/\/hap-cdn-prod.s3.eu-west-1.amazonaws.com\/wp-content\/uploads\/2025\/06\/24094412\/COMMUNICATION-SUPPORT-FORM-advocacy.pdf\";a:2:{s:2:\"id\";s:4:\"1345\";s:11:\"source_type\";s:13:\"media-library\";}s:75:\"\/\/www.hap.ie\/wp-content\/uploads\/2026\/03\/COMMUNICATION-SUPPORT-FORM-2026.pdf\";a:2:{s:2:\"id\";s:4:\"1483\";s:11:\"source_type\";s:13:\"media-library\";}s:113:\"\/\/hap-cdn-prod.s3.eu-west-1.amazonaws.com\/wp-content\/uploads\/2026\/03\/06162320\/COMMUNICATION-SUPPORT-FORM-2026.pdf\";a:2:{s:2:\"id\";s:4:\"1483\";s:11:\"source_type\";s:13:\"media-library\";}}"],"_wpml_word_count":["500"],"_uag_page_assets":["a:9:{s:3:\"css\";s:0:\"\";s:2:\"js\";s:0:\"\";s:18:\"current_block_list\";a:8:{i:0;s:12:\"core\/heading\";i:1;s:14:\"core\/paragraph\";i:2;s:12:\"core\/columns\";i:3;s:11:\"core\/column\";i:4;s:9:\"core\/html\";i:5;s:10:\"core\/group\";i:10;s:10:\"core\/image\";i:11;s:28:\"tiptip\/hyperlink-group-block\";}s:8:\"uag_flag\";b:0;s:11:\"uag_version\";s:10:\"1776217249\";s:6:\"gfonts\";a:0:{}s:10:\"gfonts_url\";s:0:\"\";s:12:\"gfonts_files\";a:0:{}s:14:\"uag_faq_layout\";b:0;}"]},"uagb_featured_image_src":{"full":false,"thumbnail":false,"medium":false,"medium_large":false,"large":false,"1536x1536":false,"2048x2048":false},"uagb_author_info":{"display_name":"BobbyJo","author_link":"https:\/\/www.hap.ie\/ga\/author\/bobbyjo\/"},"uagb_comment_info":0,"uagb_excerpt":"\u00cdoca\u00edochta\u00ed Tion\u00f3nta HAP D\u00e9anfaidh d\u2019\u00fadar\u00e1s \u00e1iti\u00fail \u00edoca\u00edocht mh\u00edos\u00fail HAP go d\u00edreach le do thiarna tal\u00fan, ar an gC\u00e9adaoin dheireanach de gach m\u00ed. T\u00e1 \u00cdoca\u00edochta\u00ed HAP bunaithe ar l\u00edon na ndaoine i dteaghlach agus ar an margadh c\u00edosa sa cheantar. T\u00e1 sol\u00fabthacht theoranta ag \u00fadar\u00e1is \u00e1iti\u00fala chun dul thar theorainneacha c\u00edosa HAP i gc\u00e1sanna \u00e1irithe. I&hellip;","_links":{"self":[{"href":"https:\/\/www.hap.ie\/ga\/wp-json\/wp\/v2\/pages\/763","targetHints":{"allow":["GET"]}}],"collection":[{"href":"https:\/\/www.hap.ie\/ga\/wp-json\/wp\/v2\/pages"}],"about":[{"href":"https:\/\/www.hap.ie\/ga\/wp-json\/wp\/v2\/types\/page"}],"author":[{"embeddable":true,"href":"https:\/\/www.hap.ie\/ga\/wp-json\/wp\/v2\/users\/1"}],"replies":[{"embeddable":true,"href":"https:\/\/www.hap.ie\/ga\/wp-json\/wp\/v2\/comments?post=763"}],"version-history":[{"count":10,"href":"https:\/\/www.hap.ie\/ga\/wp-json\/wp\/v2\/pages\/763\/revisions"}],"predecessor-version":[{"id":1514,"href":"https:\/\/www.hap.ie\/ga\/wp-json\/wp\/v2\/pages\/763\/revisions\/1514"}],"up":[{"embeddable":true,"href":"https:\/\/www.hap.ie\/ga\/wp-json\/wp\/v2\/pages\/564"}],"wp:attachment":[{"href":"https:\/\/www.hap.ie\/ga\/wp-json\/wp\/v2\/media?parent=763"}],"curies":[{"name":"wp","href":"https:\/\/api.w.org\/{rel}","templated":true}]}}