{"id":618,"date":"2022-09-30T13:04:19","date_gmt":"2022-09-30T13:04:19","guid":{"rendered":"https:\/\/www.hap.ie\/feach-ar-leabhran-ict\/"},"modified":"2025-05-27T13:40:15","modified_gmt":"2025-05-27T13:40:15","slug":"feach-ar-leabhran-ict","status":"publish","type":"page","link":"https:\/\/www.hap.ie\/ga\/feach-ar-leabhran-ict\/","title":{"rendered":"F\u00e9ach ar Leabhr\u00e1n ICT"},"content":{"rendered":"\n<h1 class=\"wp-block-heading custom-style has-ast-global-color-0-color has-text-color\">\u00cdosl\u00f3d\u00e1lacha<\/h1>\n\n<div class=\"inherit-container-width wp-block-group alignfull downloads is-layout-constrained wp-block-group-is-layout-constrained\"><a href=\"https:\/\/hap-cdn-prod.s3.eu-west-1.amazonaws.com\/wp-content\/uploads\/2022\/10\/02094306\/20210215-Template-SD05-HAP-SSC-Standing-Order-Updated-03_02_2022.docx\" rel=\"noreferrer noopener\"   class=\"wp-block-tiptip-hyperlink-group-block\" target=\"_blank\">\n<div class=\"wp-block-columns has-ast-global-color-0-background-color has-background is-layout-flex wp-container-core-columns-is-layout-28f84493 wp-block-columns-is-layout-flex\">\n<div class=\"wp-block-column is-layout-flow wp-block-column-is-layout-flow\" style=\"flex-basis:50px\">\n<div class=\"wp-block-outermost-icon-block items-justified-center\"><div class=\"icon-container has-icon-color has-ast-global-color-5-color\" style=\"color:var(--ast-global-color-5);width:48px;transform:rotate(0deg) scaleX(1) scaleY(1)\"><svg xmlns=\"http:\/\/www.w3.org\/2000\/svg\" viewbox=\"0 0 24 24\" aria-hidden=\"true\"><path d=\"M18 11.3l-1-1.1-4 4V3h-1.5v11.3L7 10.2l-1 1.1 6.2 5.8 5.8-5.8zm.5 3.7v3.5h-13V15H4v5h16v-5h-1.5z\"><\/path><\/svg><\/div><\/div>\n<\/div>\n\n\n\n<div class=\"wp-block-column is-layout-flow wp-block-column-is-layout-flow\" style=\"flex-basis:66.66%\">\n<h2 class=\"wp-block-heading has-text-align-center\">HAP Standing Order Form (English)<\/h2>\n<\/div>\n<\/div>\n\n<p class=\"has-ast-global-color-1-color has-text-color has-medium-font-size\">Form for HAP recipients to set up Standing Orders to pay their weekly HAP rent contribution<\/p>\n<\/a>\n\n<a href=\"https:\/\/hap-cdn-prod.s3.eu-west-1.amazonaws.com\/wp-content\/uploads\/2022\/10\/02094305\/HAP-leaflet-english-2018.pdf\" rel=\"noreferrer noopener\"   class=\"wp-block-tiptip-hyperlink-group-block\" target=\"_blank\">\n<div class=\"wp-block-columns has-background is-layout-flex wp-container-core-columns-is-layout-28f84493 wp-block-columns-is-layout-flex\" style=\"background-color:#860038\">\n<div class=\"wp-block-column is-layout-flow wp-block-column-is-layout-flow\" style=\"flex-basis:50px\">\n<div class=\"wp-block-outermost-icon-block items-justified-center\"><div class=\"icon-container has-icon-color has-ast-global-color-5-color\" style=\"color:var(--ast-global-color-5);width:48px;transform:rotate(0deg) scaleX(1) scaleY(1)\"><svg xmlns=\"http:\/\/www.w3.org\/2000\/svg\" viewbox=\"0 0 24 24\" aria-hidden=\"true\"><path d=\"M18 11.3l-1-1.1-4 4V3h-1.5v11.3L7 10.2l-1 1.1 6.2 5.8 5.8-5.8zm.5 3.7v3.5h-13V15H4v5h16v-5h-1.5z\"><\/path><\/svg><\/div><\/div>\n<\/div>\n\n\n\n<div class=\"wp-block-column is-layout-flow wp-block-column-is-layout-flow\" style=\"flex-basis:66.66%\">\n<h2 class=\"wp-block-heading has-text-align-center\">HAP information leaflet (English)<\/h2>\n<\/div>\n<\/div>\n\n<p class=\"has-ast-global-color-1-color has-text-color has-medium-font-size\">Housing Assistance Payment (HAP) information leaflet<\/p>\n<\/a>\n\n<a href=\"https:\/\/hap-cdn-prod.s3.eu-west-1.amazonaws.com\/wp-content\/uploads\/2022\/10\/02094305\/HAP-leaflet-gaeilge-2018.pdf\" rel=\"noreferrer noopener\"   class=\"wp-block-tiptip-hyperlink-group-block\" target=\"_blank\">\n<div class=\"wp-block-columns has-ast-global-color-0-background-color has-background is-layout-flex wp-container-core-columns-is-layout-28f84493 wp-block-columns-is-layout-flex\">\n<div class=\"wp-block-column is-layout-flow wp-block-column-is-layout-flow\" style=\"flex-basis:50px\">\n<div class=\"wp-block-outermost-icon-block items-justified-center\"><div class=\"icon-container has-icon-color has-ast-global-color-5-color\" style=\"color:var(--ast-global-color-5);width:48px;transform:rotate(0deg) scaleX(1) scaleY(1)\"><svg xmlns=\"http:\/\/www.w3.org\/2000\/svg\" viewbox=\"0 0 24 24\" aria-hidden=\"true\"><path d=\"M18 11.3l-1-1.1-4 4V3h-1.5v11.3L7 10.2l-1 1.1 6.2 5.8 5.8-5.8zm.5 3.7v3.5h-13V15H4v5h16v-5h-1.5z\"><\/path><\/svg><\/div><\/div>\n<\/div>\n\n\n\n<div class=\"wp-block-column is-layout-flow wp-block-column-is-layout-flow\" style=\"flex-basis:66.66%\">\n<h2 class=\"wp-block-heading has-text-align-center\">HAP Information Leaflet (Gaeilge)<\/h2>\n<\/div>\n<\/div>\n\n<p class=\"has-ast-global-color-1-color has-text-color has-medium-font-size\">\u00cdoca\u00edocht C\u00fanaimh Tith\u00edochta (\u00cdCT) Eolas<\/p>\n<\/a>\n\n<a href=\"https:\/\/hap-cdn-prod.s3.eu-west-1.amazonaws.com\/wp-content\/uploads\/2022\/10\/02094305\/Tenants-booklet-English-2018.pdf\" rel=\"noreferrer noopener\"   class=\"wp-block-tiptip-hyperlink-group-block\" target=\"_blank\">\n<div class=\"wp-block-columns has-background is-layout-flex wp-container-core-columns-is-layout-28f84493 wp-block-columns-is-layout-flex\" style=\"background-color:#860038\">\n<div class=\"wp-block-column is-layout-flow wp-block-column-is-layout-flow\" style=\"flex-basis:50px\">\n<div class=\"wp-block-outermost-icon-block items-justified-center\"><div class=\"icon-container has-icon-color has-ast-global-color-5-color\" style=\"color:var(--ast-global-color-5);width:48px;transform:rotate(0deg) scaleX(1) scaleY(1)\"><svg xmlns=\"http:\/\/www.w3.org\/2000\/svg\" viewbox=\"0 0 24 24\" aria-hidden=\"true\"><path d=\"M18 11.3l-1-1.1-4 4V3h-1.5v11.3L7 10.2l-1 1.1 6.2 5.8 5.8-5.8zm.5 3.7v3.5h-13V15H4v5h16v-5h-1.5z\"><\/path><\/svg><\/div><\/div>\n<\/div>\n\n\n\n<div class=\"wp-block-column is-layout-flow wp-block-column-is-layout-flow\" style=\"flex-basis:66.66%\">\n<h2 class=\"wp-block-heading has-text-align-center\">HAP Tenant Information Booklet (English)<\/h2>\n<\/div>\n<\/div>\n\n<p class=\"has-ast-global-color-1-color has-text-color has-medium-font-size\">This booklet aims to answer questions that you, as a tenant, might have about the Housing Assistance Payment (HAP) scheme.<\/p>\n<\/a>\n\n<a href=\"https:\/\/hap-cdn-prod.s3.eu-west-1.amazonaws.com\/wp-content\/uploads\/2022\/10\/02094305\/Tenants-booklet-gaeilge-2018.pdf\" rel=\"noreferrer noopener\"   class=\"wp-block-tiptip-hyperlink-group-block\" target=\"_blank\">\n<div class=\"wp-block-columns has-ast-global-color-0-background-color has-background is-layout-flex wp-container-core-columns-is-layout-28f84493 wp-block-columns-is-layout-flex\">\n<div class=\"wp-block-column is-layout-flow wp-block-column-is-layout-flow\" style=\"flex-basis:50px\">\n<div class=\"wp-block-outermost-icon-block items-justified-center\"><div class=\"icon-container has-icon-color has-ast-global-color-5-color\" style=\"color:var(--ast-global-color-5);width:48px;transform:rotate(0deg) scaleX(1) scaleY(1)\"><svg xmlns=\"http:\/\/www.w3.org\/2000\/svg\" viewbox=\"0 0 24 24\" aria-hidden=\"true\"><path d=\"M18 11.3l-1-1.1-4 4V3h-1.5v11.3L7 10.2l-1 1.1 6.2 5.8 5.8-5.8zm.5 3.7v3.5h-13V15H4v5h16v-5h-1.5z\"><\/path><\/svg><\/div><\/div>\n<\/div>\n\n\n\n<div class=\"wp-block-column is-layout-flow wp-block-column-is-layout-flow\" style=\"flex-basis:66.66%\">\n<h2 class=\"wp-block-heading has-text-align-center\">HAP Tenant Information Booklet (Gaeilge)<\/h2>\n<\/div>\n<\/div>\n\n<p class=\"has-ast-global-color-1-color has-text-color has-medium-font-size\">T\u00e1 s\u00e9 mar aidhm leis an leabhr\u00e1n seo aon cheisteanna a d\u2019fh\u00e9adfadh a bheith agat, mar thion\u00f3nta, faoi sc\u00e9im nua na n-\u00fadar\u00e1s \u00e1iti\u00fail um \u00cdoca\u00edocht C\u00fanaimh Tith\u00edochta (\u00cdCT) a fhreagairt.<\/p>\n<\/a>\n\n<a href=\"https:\/\/hap-cdn-prod.s3.eu-west-1.amazonaws.com\/wp-content\/uploads\/2022\/10\/02094305\/Landlord-booklet-English-2018.pdf\" rel=\"noreferrer noopener\"   class=\"wp-block-tiptip-hyperlink-group-block\" target=\"_blank\">\n<div class=\"wp-block-columns has-background is-layout-flex wp-container-core-columns-is-layout-28f84493 wp-block-columns-is-layout-flex\" style=\"background-color:#860038\">\n<div class=\"wp-block-column is-layout-flow wp-block-column-is-layout-flow\" style=\"flex-basis:50px\">\n<div class=\"wp-block-outermost-icon-block items-justified-center\"><div class=\"icon-container has-icon-color has-ast-global-color-5-color\" style=\"color:var(--ast-global-color-5);width:48px;transform:rotate(0deg) scaleX(1) scaleY(1)\"><svg xmlns=\"http:\/\/www.w3.org\/2000\/svg\" viewbox=\"0 0 24 24\" aria-hidden=\"true\"><path d=\"M18 11.3l-1-1.1-4 4V3h-1.5v11.3L7 10.2l-1 1.1 6.2 5.8 5.8-5.8zm.5 3.7v3.5h-13V15H4v5h16v-5h-1.5z\"><\/path><\/svg><\/div><\/div>\n<\/div>\n\n\n\n<div class=\"wp-block-column is-layout-flow wp-block-column-is-layout-flow\" style=\"flex-basis:66.66%\">\n<h2 class=\"wp-block-heading has-text-align-center\">HAP Landlord Information Booklet (English)<\/h2>\n<\/div>\n<\/div>\n\n<p class=\"has-ast-global-color-1-color has-text-color has-medium-font-size\">This booklet aims to answer questions that you, as a landlord (or an agent acting on behalf of a landlord), might have about the Housing Assistance Payment (HAP) scheme.<\/p>\n<\/a>\n\n<a href=\"https:\/\/hap-cdn-prod.s3.eu-west-1.amazonaws.com\/wp-content\/uploads\/2022\/10\/02094305\/Landlord-booklet-gaeilge-2018.pdf\" rel=\"noreferrer noopener\"   class=\"wp-block-tiptip-hyperlink-group-block\" target=\"_blank\">\n<div class=\"wp-block-columns has-ast-global-color-0-background-color has-background is-layout-flex wp-container-core-columns-is-layout-28f84493 wp-block-columns-is-layout-flex\">\n<div class=\"wp-block-column is-layout-flow wp-block-column-is-layout-flow\" style=\"flex-basis:50px\">\n<div class=\"wp-block-outermost-icon-block items-justified-center\"><div class=\"icon-container has-icon-color has-ast-global-color-5-color\" style=\"color:var(--ast-global-color-5);width:48px;transform:rotate(0deg) scaleX(1) scaleY(1)\"><svg xmlns=\"http:\/\/www.w3.org\/2000\/svg\" viewbox=\"0 0 24 24\" aria-hidden=\"true\"><path d=\"M18 11.3l-1-1.1-4 4V3h-1.5v11.3L7 10.2l-1 1.1 6.2 5.8 5.8-5.8zm.5 3.7v3.5h-13V15H4v5h16v-5h-1.5z\"><\/path><\/svg><\/div><\/div>\n<\/div>\n\n\n\n<div class=\"wp-block-column is-layout-flow wp-block-column-is-layout-flow\" style=\"flex-basis:66.66%\">\n<h2 class=\"wp-block-heading has-text-align-center\">HAP Landlord Information Booklet (Gaeilge)<\/h2>\n<\/div>\n<\/div>\n\n<p class=\"has-ast-global-color-1-color has-text-color has-medium-font-size\">T\u00e1 s\u00e9 mar aidhm leis an leabhr\u00e1n seo aon cheisteanna a d\u2019fh\u00e9adfadh a bheith agat, mar thiarna tal\u00fan (n\u00f3 mar ghn\u00edomhaire at\u00e1 ag gn\u00edomh\u00fa thar ceann an tiarna tal\u00fan), faoi sc\u00e9im nua na n-\u00fadar\u00e1s \u00e1iti\u00fail um \u00cdoca\u00edocht C\u00fanaimh Tith\u00edochta (\u00cdCT) a fhreagairt.<\/p>\n<\/a>\n\n<a href=\"https:\/\/hap-cdn-prod.s3.eu-west-1.amazonaws.com\/wp-content\/uploads\/2025\/05\/26131733\/Housing-Assistance-Payment-Privacy-Statement-2025.pdf\" rel=\"noreferrer noopener\"   class=\"wp-block-tiptip-hyperlink-group-block\" target=\"_blank\">\n<div class=\"wp-block-columns has-background is-layout-flex wp-container-core-columns-is-layout-28f84493 wp-block-columns-is-layout-flex\" style=\"background-color:#860038\">\n<div class=\"wp-block-column is-layout-flow wp-block-column-is-layout-flow\" style=\"flex-basis:50px\">\n<div class=\"wp-block-outermost-icon-block items-justified-center\"><div class=\"icon-container has-icon-color has-ast-global-color-5-color\" style=\"color:var(--ast-global-color-5);width:48px;transform:rotate(0deg) scaleX(1) scaleY(1)\"><svg xmlns=\"http:\/\/www.w3.org\/2000\/svg\" viewbox=\"0 0 24 24\" aria-hidden=\"true\"><path d=\"M18 11.3l-1-1.1-4 4V3h-1.5v11.3L7 10.2l-1 1.1 6.2 5.8 5.8-5.8zm.5 3.7v3.5h-13V15H4v5h16v-5h-1.5z\"><\/path><\/svg><\/div><\/div>\n<\/div>\n\n\n\n<div class=\"wp-block-column is-layout-flow wp-block-column-is-layout-flow\" style=\"flex-basis:66.66%\">\n<h2 class=\"wp-block-heading has-text-align-center\">Housing Assistance Payment &#8211; Privacy Statement (B\u00e9arla)<\/h2>\n<\/div>\n<\/div>\n\n<p class=\"has-ast-global-color-1-color has-text-color has-medium-font-size\">Sa r\u00e1iteas pr\u00edobh\u00e1ideachais, m\u00edn\u00edtear an chaoi a nd\u00e9anfaidh an Roinn, mar an Rialaitheoir Sonra\u00ed, na sonra\u00ed pearsanta a phr\u00f3ise\u00e1il a chuirtear ar f\u00e1il di i dtaca leis an \u00cdoca\u00edocht C\u00fanaimh Tith\u00edochta (HAP); an chaoi a n-\u00fas\u00e1idfear an t-eolas sin, agus cad iad na cearta a bheidh t\u00fa in ann a chur i bhfeidhm maidir le do shonnra\u00ed pearsanta.<\/p>\n<\/a><\/div>\n","protected":false},"excerpt":{"rendered":"<p>\u00cdosl\u00f3d\u00e1lacha<\/p>\n","protected":false},"author":1,"featured_media":0,"parent":0,"menu_order":0,"comment_status":"closed","ping_status":"closed","template":"","meta":{"_uag_custom_page_level_css":"","site-sidebar-layout":"default","site-content-layout":"","ast-site-content-layout":"default","site-content-style":"default","site-sidebar-style":"default","ast-global-header-display":"","ast-banner-title-visibility":"","ast-main-header-display":"","ast-hfb-above-header-display":"","ast-hfb-below-header-display":"","ast-hfb-mobile-header-display":"","site-post-title":"disabled","ast-breadcrumbs-content":"","ast-featured-img":"","footer-sml-layout":"","ast-disable-related-posts":"","theme-transparent-header-meta":"","adv-header-id-meta":"","stick-header-meta":"","header-above-stick-meta":"","header-main-stick-meta":"","header-below-stick-meta":"","astra-migrate-meta-layouts":"default","ast-page-background-enabled":"default","ast-page-background-meta":{"desktop":{"background-color":"var(--ast-global-color-4)","background-image":"","background-repeat":"repeat","background-position":"center center","background-size":"auto","background-attachment":"scroll","background-type":"","background-media":"","overlay-type":"","overlay-color":"","overlay-opacity":"","overlay-gradient":""},"tablet":{"background-color":"","background-image":"","background-repeat":"repeat","background-position":"center center","background-size":"auto","background-attachment":"scroll","background-type":"","background-media":"","overlay-type":"","overlay-color":"","overlay-opacity":"","overlay-gradient":""},"mobile":{"background-color":"","background-image":"","background-repeat":"repeat","background-position":"center center","background-size":"auto","background-attachment":"scroll","background-type":"","background-media":"","overlay-type":"","overlay-color":"","overlay-opacity":"","overlay-gradient":""}},"ast-content-background-meta":{"desktop":{"background-color":"var(--ast-global-color-5)","background-image":"","background-repeat":"repeat","background-position":"center center","background-size":"auto","background-attachment":"scroll","background-type":"","background-media":"","overlay-type":"","overlay-color":"","overlay-opacity":"","overlay-gradient":""},"tablet":{"background-color":"var(--ast-global-color-5)","background-image":"","background-repeat":"repeat","background-position":"center center","background-size":"auto","background-attachment":"scroll","background-type":"","background-media":"","overlay-type":"","overlay-color":"","overlay-opacity":"","overlay-gradient":""},"mobile":{"background-color":"var(--ast-global-color-5)","background-image":"","background-repeat":"repeat","background-position":"center center","background-size":"auto","background-attachment":"scroll","background-type":"","background-media":"","overlay-type":"","overlay-color":"","overlay-opacity":"","overlay-gradient":""}},"footnotes":""},"class_list":["post-618","page","type-page","status-publish","hentry"],"yoast_head":"<!-- This site is optimized with the Yoast SEO plugin v27.1.1 - https:\/\/yoast.com\/product\/yoast-seo-wordpress\/ -->\n<title>F\u00e9ach ar Leabhr\u00e1n ICT - \u00cdoca\u00edochta C\u00fanaimh Tith\u00edochta<\/title>\n<meta name=\"robots\" content=\"index, follow, max-snippet:-1, max-image-preview:large, max-video-preview:-1\" \/>\n<link rel=\"canonical\" href=\"https:\/\/www.hap.ie\/ga\/feach-ar-leabhran-ict\/\" \/>\n<meta property=\"og:locale\" content=\"ga_IE\" \/>\n<meta property=\"og:type\" content=\"article\" \/>\n<meta property=\"og:title\" content=\"F\u00e9ach ar Leabhr\u00e1n ICT - \u00cdoca\u00edochta C\u00fanaimh Tith\u00edochta\" \/>\n<meta property=\"og:description\" content=\"\u00cdosl\u00f3d\u00e1lacha\" \/>\n<meta property=\"og:url\" content=\"https:\/\/www.hap.ie\/ga\/feach-ar-leabhran-ict\/\" \/>\n<meta property=\"og:site_name\" content=\"\u00cdoca\u00edochta C\u00fanaimh Tith\u00edochta\" \/>\n<meta property=\"article:modified_time\" content=\"2025-05-27T13:40:15+00:00\" \/>\n<meta name=\"twitter:card\" content=\"summary_large_image\" \/>\n<meta name=\"twitter:label1\" content=\"Est. reading time\" \/>\n\t<meta name=\"twitter:data1\" content=\"1 minute\" \/>\n<script type=\"application\/ld+json\" class=\"yoast-schema-graph\">{\"@context\":\"https:\/\/schema.org\",\"@graph\":[{\"@type\":\"WebPage\",\"@id\":\"https:\/\/www.hap.ie\/ga\/feach-ar-leabhran-ict\/\",\"url\":\"https:\/\/www.hap.ie\/ga\/feach-ar-leabhran-ict\/\",\"name\":\"F\u00e9ach ar Leabhr\u00e1n ICT - \u00cdoca\u00edochta C\u00fanaimh Tith\u00edochta\",\"isPartOf\":{\"@id\":\"https:\/\/www.hap.ie\/ga\/#website\"},\"datePublished\":\"2022-09-30T13:04:19+00:00\",\"dateModified\":\"2025-05-27T13:40:15+00:00\",\"inLanguage\":\"ga-IE\",\"potentialAction\":[{\"@type\":\"ReadAction\",\"target\":[\"https:\/\/www.hap.ie\/ga\/feach-ar-leabhran-ict\/\"]}]},{\"@type\":\"WebSite\",\"@id\":\"https:\/\/www.hap.ie\/ga\/#website\",\"url\":\"https:\/\/www.hap.ie\/ga\/\",\"name\":\"\u00cdoca\u00edochta C\u00fanaimh Tith\u00edochta\",\"description\":\"\",\"publisher\":{\"@id\":\"https:\/\/www.hap.ie\/ga\/#organization\"},\"potentialAction\":[{\"@type\":\"SearchAction\",\"target\":{\"@type\":\"EntryPoint\",\"urlTemplate\":\"https:\/\/www.hap.ie\/ga\/?s={search_term_string}\"},\"query-input\":{\"@type\":\"PropertyValueSpecification\",\"valueRequired\":true,\"valueName\":\"search_term_string\"}}],\"inLanguage\":\"ga-IE\"},{\"@type\":\"Organization\",\"@id\":\"https:\/\/www.hap.ie\/ga\/#organization\",\"name\":\"\u00cdoca\u00edochta C\u00fanaimh Tith\u00edochta\",\"url\":\"https:\/\/www.hap.ie\/ga\/\",\"logo\":{\"@type\":\"ImageObject\",\"inLanguage\":\"ga-IE\",\"@id\":\"https:\/\/www.hap.ie\/ga\/#\/schema\/logo\/image\/\",\"url\":\"https:\/\/hap-cdn-prod.s3.eu-west-1.amazonaws.com\/wp-content\/uploads\/2022\/09\/02094307\/hap.png\",\"contentUrl\":\"https:\/\/hap-cdn-prod.s3.eu-west-1.amazonaws.com\/wp-content\/uploads\/2022\/09\/02094307\/hap.png\",\"width\":590,\"height\":282,\"caption\":\"\u00cdoca\u00edochta C\u00fanaimh Tith\u00edochta\"},\"image\":{\"@id\":\"https:\/\/www.hap.ie\/ga\/#\/schema\/logo\/image\/\"}}]}<\/script>\n<!-- \/ Yoast SEO plugin. -->","yoast_head_json":{"title":"F\u00e9ach ar Leabhr\u00e1n ICT - \u00cdoca\u00edochta C\u00fanaimh Tith\u00edochta","robots":{"index":"index","follow":"follow","max-snippet":"max-snippet:-1","max-image-preview":"max-image-preview:large","max-video-preview":"max-video-preview:-1"},"canonical":"https:\/\/www.hap.ie\/ga\/feach-ar-leabhran-ict\/","og_locale":"ga_IE","og_type":"article","og_title":"F\u00e9ach ar Leabhr\u00e1n ICT - \u00cdoca\u00edochta C\u00fanaimh Tith\u00edochta","og_description":"\u00cdosl\u00f3d\u00e1lacha","og_url":"https:\/\/www.hap.ie\/ga\/feach-ar-leabhran-ict\/","og_site_name":"\u00cdoca\u00edochta C\u00fanaimh Tith\u00edochta","article_modified_time":"2025-05-27T13:40:15+00:00","twitter_card":"summary_large_image","twitter_misc":{"Est. reading time":"1 minute"},"schema":{"@context":"https:\/\/schema.org","@graph":[{"@type":"WebPage","@id":"https:\/\/www.hap.ie\/ga\/feach-ar-leabhran-ict\/","url":"https:\/\/www.hap.ie\/ga\/feach-ar-leabhran-ict\/","name":"F\u00e9ach ar Leabhr\u00e1n ICT - \u00cdoca\u00edochta C\u00fanaimh Tith\u00edochta","isPartOf":{"@id":"https:\/\/www.hap.ie\/ga\/#website"},"datePublished":"2022-09-30T13:04:19+00:00","dateModified":"2025-05-27T13:40:15+00:00","inLanguage":"ga-IE","potentialAction":[{"@type":"ReadAction","target":["https:\/\/www.hap.ie\/ga\/feach-ar-leabhran-ict\/"]}]},{"@type":"WebSite","@id":"https:\/\/www.hap.ie\/ga\/#website","url":"https:\/\/www.hap.ie\/ga\/","name":"\u00cdoca\u00edochta C\u00fanaimh Tith\u00edochta","description":"","publisher":{"@id":"https:\/\/www.hap.ie\/ga\/#organization"},"potentialAction":[{"@type":"SearchAction","target":{"@type":"EntryPoint","urlTemplate":"https:\/\/www.hap.ie\/ga\/?s={search_term_string}"},"query-input":{"@type":"PropertyValueSpecification","valueRequired":true,"valueName":"search_term_string"}}],"inLanguage":"ga-IE"},{"@type":"Organization","@id":"https:\/\/www.hap.ie\/ga\/#organization","name":"\u00cdoca\u00edochta C\u00fanaimh Tith\u00edochta","url":"https:\/\/www.hap.ie\/ga\/","logo":{"@type":"ImageObject","inLanguage":"ga-IE","@id":"https:\/\/www.hap.ie\/ga\/#\/schema\/logo\/image\/","url":"https:\/\/hap-cdn-prod.s3.eu-west-1.amazonaws.com\/wp-content\/uploads\/2022\/09\/02094307\/hap.png","contentUrl":"https:\/\/hap-cdn-prod.s3.eu-west-1.amazonaws.com\/wp-content\/uploads\/2022\/09\/02094307\/hap.png","width":590,"height":282,"caption":"\u00cdoca\u00edochta C\u00fanaimh Tith\u00edochta"},"image":{"@id":"https:\/\/www.hap.ie\/ga\/#\/schema\/logo\/image\/"}}]}},"spectra_custom_meta":{"_wpml_media_duplicate":["0"],"_wpml_media_featured":["1"],"adv-header-id-meta":[""],"stick-header-meta":[""],"site-post-title":["disabled"],"theme-transparent-header-meta":[""],"_top_nav_excluded":[""],"_cms_nav_minihome":[""],"_last_translation_edit_mode":["translation-editor"],"_wp_page_template":[""],"_cmplz_scanned_post":["1"],"amazonS3_cache":["a:16:{s:73:\"\/\/www.hap.ie\/wp-content\/uploads\/2022\/10\/Landlord-booklet-English-2018.pdf\";a:2:{s:2:\"id\";s:3:\"410\";s:11:\"source_type\";s:13:\"media-library\";}s:111:\"\/\/hap-cdn-prod.s3.eu-west-1.amazonaws.com\/wp-content\/uploads\/2022\/10\/02094305\/Landlord-booklet-English-2018.pdf\";a:2:{s:2:\"id\";s:3:\"410\";s:11:\"source_type\";s:13:\"media-library\";}s:73:\"\/\/www.hap.ie\/wp-content\/uploads\/2022\/10\/Landlord-booklet-gaeilge-2018.pdf\";a:2:{s:2:\"id\";s:3:\"408\";s:11:\"source_type\";s:13:\"media-library\";}s:111:\"\/\/hap-cdn-prod.s3.eu-west-1.amazonaws.com\/wp-content\/uploads\/2022\/10\/02094305\/Landlord-booklet-gaeilge-2018.pdf\";a:2:{s:2:\"id\";s:3:\"408\";s:11:\"source_type\";s:13:\"media-library\";}s:68:\"\/\/www.hap.ie\/wp-content\/uploads\/2022\/10\/HAP-leaflet-english-2018.pdf\";a:2:{s:2:\"id\";s:3:\"406\";s:11:\"source_type\";s:13:\"media-library\";}s:106:\"\/\/hap-cdn-prod.s3.eu-west-1.amazonaws.com\/wp-content\/uploads\/2022\/10\/02094305\/HAP-leaflet-english-2018.pdf\";a:2:{s:2:\"id\";s:3:\"406\";s:11:\"source_type\";s:13:\"media-library\";}s:68:\"\/\/www.hap.ie\/wp-content\/uploads\/2022\/10\/HAP-leaflet-gaeilge-2018.pdf\";a:2:{s:2:\"id\";s:3:\"404\";s:11:\"source_type\";s:13:\"media-library\";}s:106:\"\/\/hap-cdn-prod.s3.eu-west-1.amazonaws.com\/wp-content\/uploads\/2022\/10\/02094305\/HAP-leaflet-gaeilge-2018.pdf\";a:2:{s:2:\"id\";s:3:\"404\";s:11:\"source_type\";s:13:\"media-library\";}s:72:\"\/\/www.hap.ie\/wp-content\/uploads\/2022\/10\/Tenants-booklet-English-2018.pdf\";a:2:{s:2:\"id\";s:3:\"402\";s:11:\"source_type\";s:13:\"media-library\";}s:110:\"\/\/hap-cdn-prod.s3.eu-west-1.amazonaws.com\/wp-content\/uploads\/2022\/10\/02094305\/Tenants-booklet-English-2018.pdf\";a:2:{s:2:\"id\";s:3:\"402\";s:11:\"source_type\";s:13:\"media-library\";}s:72:\"\/\/www.hap.ie\/wp-content\/uploads\/2022\/10\/Tenants-booklet-gaeilge-2018.pdf\";a:2:{s:2:\"id\";s:3:\"400\";s:11:\"source_type\";s:13:\"media-library\";}s:110:\"\/\/hap-cdn-prod.s3.eu-west-1.amazonaws.com\/wp-content\/uploads\/2022\/10\/02094305\/Tenants-booklet-gaeilge-2018.pdf\";a:2:{s:2:\"id\";s:3:\"400\";s:11:\"source_type\";s:13:\"media-library\";}s:109:\"\/\/www.hap.ie\/wp-content\/uploads\/2022\/10\/20210215-Template-SD05-HAP-SSC-Standing-Order-Updated-03_02_2022.docx\";a:2:{s:2:\"id\";s:3:\"394\";s:11:\"source_type\";s:13:\"media-library\";}s:147:\"\/\/hap-cdn-prod.s3.eu-west-1.amazonaws.com\/wp-content\/uploads\/2022\/10\/02094306\/20210215-Template-SD05-HAP-SSC-Standing-Order-Updated-03_02_2022.docx\";a:2:{s:2:\"id\";s:3:\"394\";s:11:\"source_type\";s:13:\"media-library\";}s:93:\"\/\/www.hap.ie\/wp-content\/uploads\/2025\/05\/Housing-Assistance-Payment-Privacy-Statement-2025.pdf\";a:2:{s:2:\"id\";s:4:\"1336\";s:11:\"source_type\";s:13:\"media-library\";}s:131:\"\/\/hap-cdn-prod.s3.eu-west-1.amazonaws.com\/wp-content\/uploads\/2025\/05\/26131733\/Housing-Assistance-Payment-Privacy-Statement-2025.pdf\";a:2:{s:2:\"id\";s:4:\"1336\";s:11:\"source_type\";s:13:\"media-library\";}}"],"ast-main-header-display":[""],"ast-hfb-above-header-display":[""],"ast-hfb-below-header-display":[""],"ast-hfb-mobile-header-display":[""],"footer-sml-layout":[""],"header-main-stick-meta":[""],"header-above-stick-meta":[""],"header-below-stick-meta":[""],"site-sidebar-layout":["default"],"site-content-layout":[""],"ast-featured-img":[""],"ast-breadcrumbs-content":[""],"ast-banner-title-visibility":[""],"ast-global-header-display":[""],"ast-site-content-layout":["default"],"site-content-style":["default"],"site-sidebar-style":["default"],"_wpml_word_count":["286"],"_uag_page_assets":["a:9:{s:3:\"css\";s:0:\"\";s:2:\"js\";s:0:\"\";s:18:\"current_block_list\";a:8:{i:0;s:12:\"core\/heading\";i:1;s:10:\"core\/group\";i:2;s:28:\"tiptip\/hyperlink-group-block\";i:3;s:12:\"core\/columns\";i:4;s:11:\"core\/column\";i:5;s:20:\"outermost\/icon-block\";i:6;s:14:\"core\/paragraph\";i:11;s:10:\"core\/image\";}s:8:\"uag_flag\";b:0;s:11:\"uag_version\";s:10:\"1777025054\";s:6:\"gfonts\";a:0:{}s:10:\"gfonts_url\";s:0:\"\";s:12:\"gfonts_files\";a:0:{}s:14:\"uag_faq_layout\";b:0;}"]},"uagb_featured_image_src":{"full":false,"thumbnail":false,"medium":false,"medium_large":false,"large":false,"1536x1536":false,"2048x2048":false},"uagb_author_info":{"display_name":"BobbyJo","author_link":"https:\/\/www.hap.ie\/ga\/author\/bobbyjo\/"},"uagb_comment_info":0,"uagb_excerpt":"\u00cdosl\u00f3d\u00e1lacha","_links":{"self":[{"href":"https:\/\/www.hap.ie\/ga\/wp-json\/wp\/v2\/pages\/618","targetHints":{"allow":["GET"]}}],"collection":[{"href":"https:\/\/www.hap.ie\/ga\/wp-json\/wp\/v2\/pages"}],"about":[{"href":"https:\/\/www.hap.ie\/ga\/wp-json\/wp\/v2\/types\/page"}],"author":[{"embeddable":true,"href":"https:\/\/www.hap.ie\/ga\/wp-json\/wp\/v2\/users\/1"}],"replies":[{"embeddable":true,"href":"https:\/\/www.hap.ie\/ga\/wp-json\/wp\/v2\/comments?post=618"}],"version-history":[{"count":7,"href":"https:\/\/www.hap.ie\/ga\/wp-json\/wp\/v2\/pages\/618\/revisions"}],"predecessor-version":[{"id":1343,"href":"https:\/\/www.hap.ie\/ga\/wp-json\/wp\/v2\/pages\/618\/revisions\/1343"}],"wp:attachment":[{"href":"https:\/\/www.hap.ie\/ga\/wp-json\/wp\/v2\/media?parent=618"}],"curies":[{"name":"wp","href":"https:\/\/api.w.org\/{rel}","templated":true}]}}