{"id":616,"date":"2022-10-05T10:34:53","date_gmt":"2022-10-05T10:34:53","guid":{"rendered":"https:\/\/www.hap.ie\/inrochtaineacht\/"},"modified":"2026-02-27T14:54:39","modified_gmt":"2026-02-27T14:54:39","slug":"inrochtaineacht","status":"publish","type":"page","link":"https:\/\/www.hap.ie\/ga\/inrochtaineacht\/","title":{"rendered":"Inrochtaineacht"},"content":{"rendered":"\n<h1 class=\"wp-block-heading custom-style has-ast-global-color-0-color has-text-color\">Inrochtaineacht<\/h1>\n\n\n\n<h2 class=\"wp-block-heading\">Housing Assistance Payments Website.<\/h2>\n\n\n\n<p>The Department of Housing, Local Government and Heritage is the Government Department responsible for housing and water, for physical and spatial planning, for local government, for weather forecasting and for built and natural heritage.<\/p>\n\n\n\n<p>The Department is committed to ensuring access for all. This accessibility statement explains how the Department, as the Service Provider, will endeavour to meet the requirements as set out in the Web Content Accessibility Guidelines Version 2.1 at AA Level as defined by the Web Accessibility Initiative.<\/p>\n\n\n\n<h3 class=\"wp-block-heading\"><strong>Our commitment and approach to maintaining an accessible website<\/strong><\/h3>\n\n\n\n<p>The Department is committed to:<\/p>\n\n\n\n<ul class=\"wp-block-list\">\n<li><strong>Maintaining an accessible website<\/strong> in accordance with the <a href=\"https:\/\/www.irishstatutebook.ie\/eli\/2020\/si\/358\/made\/en\/print\">European Union (Accessibility of Websites and Mobile Applications of Public Sector Bodies) Regulations.<\/a><\/li>\n\n\n\n<li>ensuring that this website achieves \u201cLevel AA\u201d conformance to the Web Content Accessibility Guidelines (WCAG) 2.1, to comply with the National Disability Authority\u2019s Code of Practice on Accessibility of Public Services and Information Provided by Public Bodies. (The National Disability Authority\u2019s Centre for Excellence in Universal Design has an introduction to policy and legislation relevant to Universal Design in Ireland.)<\/li>\n\n\n\n<li>Ensuring that all new information on the website will achieve \u201cLevel AA\u201d conformance to the Web Content<br>Accessibility Guidelines (WCAG) 2.1.<\/li>\n\n\n\n<li><strong>Including accessibility when we procure<\/strong> 3rd-party systems or upgrades to existing systems.<\/li>\n<\/ul>\n\n\n\n<h3 class=\"wp-block-heading\"><strong>How we test for conformance with official accessibility guidelines<\/strong><\/h3>\n\n\n\n<p>The Department uses a range of techniques to help providing access for all. They include:<\/p>\n\n\n\n<ul class=\"wp-block-list\">\n<li>Automated scanning provides a quick (but not complete) overview of issues that persons may encounter<\/li>\n\n\n\n<li>Provision of guidance to content editors such as using Alternate Text<\/li>\n\n\n\n<li>Regularly performing manual review of each site and adjusting the site to help improve accessibility<\/li>\n<\/ul>\n\n\n\n<h3 class=\"wp-block-heading\"><strong>This website\u2019s conformance with official accessibility guidelines<\/strong><\/h3>\n\n\n\n<p>The website currently has <strong>partial<\/strong> conformance to the Web Content Accessibility Guidelines (WCAG) 2.1 at AA Level. Our most recent web accessibility audit for this website was on 12\/12\/2025.<\/p>\n\n\n\n<h3 class=\"wp-block-heading\"><strong>Areas for improvement and time-lines<\/strong><\/h3>\n\n\n\n<p>We are aware of some areas on the website where we could improve accessibility. We are currently working to achieve this.<\/p>\n\n\n\n<p>Areas for improvement, time-lines for improvement, and alternatives:<\/p>\n\n\n\n<ul class=\"wp-block-list\">\n<li>As soon as new text becomes available<\/li>\n\n\n\n<li>Navigation for Links: When using the keyboard\u2019s tab key, one of the navigation link does not respond to Enter key. This will address to ensure full functionality for keyboard users.<\/li>\n\n\n\n<li>Content: Use left-aligned text for left-to-right languages, and right-aligned text for right-to-left languages<\/li>\n\n\n\n<li>Sub-menus are displayed visually on hover but not accessible for screen readers<\/li>\n\n\n\n<li>There is no search box available on the site. This feature will be considered for future improvements.<\/li>\n<\/ul>\n\n\n\n<p>If you have problems using certain sections of this site, call us on <a href=\"tel:+35318882000\">+353 (1) 888 2000<\/a><\/p>\n\n\n\n<h3 class=\"wp-block-heading\"><strong>How to send feedback on this website\u2019s accessibility<\/strong><\/h3>\n\n\n\n<p>We welcome feedback on the accessibility of this website.<\/p>\n\n\n\n<ul class=\"wp-block-list\">\n<li>Phone us on <a href=\"tel:+35318882000\">+353 (1) 888 2000<\/a><\/li>\n\n\n\n<li>Write to us at:<\/li>\n<\/ul>\n\n\n\n<pre class=\"wp-block-preformatted\">Department of Housing, Local Government and Heritage, c\/o Housing Assistance Payments Custom House, Dublin 1, D01 W6X0 <\/pre>\n\n\n\n<h3 class=\"wp-block-heading\"><strong>Accessibility features of this website<\/strong><\/h3>\n\n\n\n<p>A large number of techniques are used to enable the site become accessible for all. The process is ongoing as content changes and the structure of the site changes. Some of the accessible features on this site include (but not limited to) the following:<\/p>\n\n\n\n<h4 class=\"wp-block-heading\">Accessibility Features<\/h4>\n\n\n\n<ul class=\"wp-block-list\">\n<li>All Images where appropriate have suitable Alt text to provide a descriptive element to the image portrayed<\/li>\n\n\n\n<li>Logical sense applied to headings where possible H1, H2, H3<\/li>\n\n\n\n<li>Links and Buttons have descriptive elements or Aria labels where those elements are cannot be provided<\/li>\n\n\n\n<li>Reasonable minimums in difference with relation to contrast between foreground elements and background elements<\/li>\n\n\n\n<li>Logical structure applied to the website to ensure the site can be used without a mouse<\/li>\n\n\n\n<li>A large variety of aria- landmarks applied to aid in accessibility<\/li>\n<\/ul>\n\n\n\n<p>This list is not exhaustive.<\/p>\n","protected":false},"excerpt":{"rendered":"<p>Inrochtaineacht Housing Assistance Payments Website. The Department of Housing, Local Government and Heritage is the Government Department responsible for housing and water, for physical and spatial planning, for local government, for weather forecasting and for built and natural heritage. The Department is committed to ensuring access for all. This accessibility statement explains how the Department, [&hellip;]<\/p>\n","protected":false},"author":1,"featured_media":0,"parent":0,"menu_order":0,"comment_status":"closed","ping_status":"closed","template":"","meta":{"_uag_custom_page_level_css":"","site-sidebar-layout":"default","site-content-layout":"","ast-site-content-layout":"default","site-content-style":"default","site-sidebar-style":"default","ast-global-header-display":"","ast-banner-title-visibility":"","ast-main-header-display":"","ast-hfb-above-header-display":"","ast-hfb-below-header-display":"","ast-hfb-mobile-header-display":"","site-post-title":"disabled","ast-breadcrumbs-content":"","ast-featured-img":"","footer-sml-layout":"","ast-disable-related-posts":"","theme-transparent-header-meta":"","adv-header-id-meta":"","stick-header-meta":"","header-above-stick-meta":"","header-main-stick-meta":"","header-below-stick-meta":"","astra-migrate-meta-layouts":"set","ast-page-background-enabled":"default","ast-page-background-meta":{"desktop":{"background-color":"var(--ast-global-color-4)","background-image":"","background-repeat":"repeat","background-position":"center center","background-size":"auto","background-attachment":"scroll","background-type":"","background-media":"","overlay-type":"","overlay-color":"","overlay-opacity":"","overlay-gradient":""},"tablet":{"background-color":"","background-image":"","background-repeat":"repeat","background-position":"center center","background-size":"auto","background-attachment":"scroll","background-type":"","background-media":"","overlay-type":"","overlay-color":"","overlay-opacity":"","overlay-gradient":""},"mobile":{"background-color":"","background-image":"","background-repeat":"repeat","background-position":"center center","background-size":"auto","background-attachment":"scroll","background-type":"","background-media":"","overlay-type":"","overlay-color":"","overlay-opacity":"","overlay-gradient":""}},"ast-content-background-meta":{"desktop":{"background-color":"var(--ast-global-color-5)","background-image":"","background-repeat":"repeat","background-position":"center center","background-size":"auto","background-attachment":"scroll","background-type":"","background-media":"","overlay-type":"","overlay-color":"","overlay-opacity":"","overlay-gradient":""},"tablet":{"background-color":"var(--ast-global-color-5)","background-image":"","background-repeat":"repeat","background-position":"center center","background-size":"auto","background-attachment":"scroll","background-type":"","background-media":"","overlay-type":"","overlay-color":"","overlay-opacity":"","overlay-gradient":""},"mobile":{"background-color":"var(--ast-global-color-5)","background-image":"","background-repeat":"repeat","background-position":"center center","background-size":"auto","background-attachment":"scroll","background-type":"","background-media":"","overlay-type":"","overlay-color":"","overlay-opacity":"","overlay-gradient":""}},"footnotes":""},"class_list":["post-616","page","type-page","status-publish","hentry"],"yoast_head":"<!-- This site is optimized with the Yoast SEO plugin v27.1.1 - https:\/\/yoast.com\/product\/yoast-seo-wordpress\/ -->\n<title>Inrochtaineacht - \u00cdoca\u00edochta C\u00fanaimh Tith\u00edochta<\/title>\n<meta name=\"robots\" content=\"index, follow, max-snippet:-1, max-image-preview:large, max-video-preview:-1\" \/>\n<link rel=\"canonical\" href=\"https:\/\/www.hap.ie\/ga\/inrochtaineacht\/\" \/>\n<meta property=\"og:locale\" content=\"ga_IE\" \/>\n<meta property=\"og:type\" content=\"article\" \/>\n<meta property=\"og:title\" content=\"Inrochtaineacht - \u00cdoca\u00edochta C\u00fanaimh Tith\u00edochta\" \/>\n<meta property=\"og:description\" content=\"Inrochtaineacht Housing Assistance Payments Website. The Department of Housing, Local Government and Heritage is the Government Department responsible for housing and water, for physical and spatial planning, for local government, for weather forecasting and for built and natural heritage. The Department is committed to ensuring access for all. This accessibility statement explains how the Department, [&hellip;]\" \/>\n<meta property=\"og:url\" content=\"https:\/\/www.hap.ie\/ga\/inrochtaineacht\/\" \/>\n<meta property=\"og:site_name\" content=\"\u00cdoca\u00edochta C\u00fanaimh Tith\u00edochta\" \/>\n<meta property=\"article:modified_time\" content=\"2026-02-27T14:54:39+00:00\" \/>\n<meta name=\"twitter:card\" content=\"summary_large_image\" \/>\n<meta name=\"twitter:label1\" content=\"Est. reading time\" \/>\n\t<meta name=\"twitter:data1\" content=\"3 minutes\" \/>\n<script type=\"application\/ld+json\" class=\"yoast-schema-graph\">{\"@context\":\"https:\/\/schema.org\",\"@graph\":[{\"@type\":\"WebPage\",\"@id\":\"https:\/\/www.hap.ie\/ga\/inrochtaineacht\/\",\"url\":\"https:\/\/www.hap.ie\/ga\/inrochtaineacht\/\",\"name\":\"Inrochtaineacht - \u00cdoca\u00edochta C\u00fanaimh Tith\u00edochta\",\"isPartOf\":{\"@id\":\"https:\/\/www.hap.ie\/ga\/#website\"},\"datePublished\":\"2022-10-05T10:34:53+00:00\",\"dateModified\":\"2026-02-27T14:54:39+00:00\",\"inLanguage\":\"ga-IE\",\"potentialAction\":[{\"@type\":\"ReadAction\",\"target\":[\"https:\/\/www.hap.ie\/ga\/inrochtaineacht\/\"]}]},{\"@type\":\"WebSite\",\"@id\":\"https:\/\/www.hap.ie\/ga\/#website\",\"url\":\"https:\/\/www.hap.ie\/ga\/\",\"name\":\"\u00cdoca\u00edochta C\u00fanaimh Tith\u00edochta\",\"description\":\"\",\"publisher\":{\"@id\":\"https:\/\/www.hap.ie\/ga\/#organization\"},\"potentialAction\":[{\"@type\":\"SearchAction\",\"target\":{\"@type\":\"EntryPoint\",\"urlTemplate\":\"https:\/\/www.hap.ie\/ga\/?s={search_term_string}\"},\"query-input\":{\"@type\":\"PropertyValueSpecification\",\"valueRequired\":true,\"valueName\":\"search_term_string\"}}],\"inLanguage\":\"ga-IE\"},{\"@type\":\"Organization\",\"@id\":\"https:\/\/www.hap.ie\/ga\/#organization\",\"name\":\"\u00cdoca\u00edochta C\u00fanaimh Tith\u00edochta\",\"url\":\"https:\/\/www.hap.ie\/ga\/\",\"logo\":{\"@type\":\"ImageObject\",\"inLanguage\":\"ga-IE\",\"@id\":\"https:\/\/www.hap.ie\/ga\/#\/schema\/logo\/image\/\",\"url\":\"https:\/\/hap-cdn-prod.s3.eu-west-1.amazonaws.com\/wp-content\/uploads\/2022\/09\/02094307\/hap.png\",\"contentUrl\":\"https:\/\/hap-cdn-prod.s3.eu-west-1.amazonaws.com\/wp-content\/uploads\/2022\/09\/02094307\/hap.png\",\"width\":590,\"height\":282,\"caption\":\"\u00cdoca\u00edochta C\u00fanaimh Tith\u00edochta\"},\"image\":{\"@id\":\"https:\/\/www.hap.ie\/ga\/#\/schema\/logo\/image\/\"}}]}<\/script>\n<!-- \/ Yoast SEO plugin. -->","yoast_head_json":{"title":"Inrochtaineacht - \u00cdoca\u00edochta C\u00fanaimh Tith\u00edochta","robots":{"index":"index","follow":"follow","max-snippet":"max-snippet:-1","max-image-preview":"max-image-preview:large","max-video-preview":"max-video-preview:-1"},"canonical":"https:\/\/www.hap.ie\/ga\/inrochtaineacht\/","og_locale":"ga_IE","og_type":"article","og_title":"Inrochtaineacht - \u00cdoca\u00edochta C\u00fanaimh Tith\u00edochta","og_description":"Inrochtaineacht Housing Assistance Payments Website. The Department of Housing, Local Government and Heritage is the Government Department responsible for housing and water, for physical and spatial planning, for local government, for weather forecasting and for built and natural heritage. The Department is committed to ensuring access for all. This accessibility statement explains how the Department, [&hellip;]","og_url":"https:\/\/www.hap.ie\/ga\/inrochtaineacht\/","og_site_name":"\u00cdoca\u00edochta C\u00fanaimh Tith\u00edochta","article_modified_time":"2026-02-27T14:54:39+00:00","twitter_card":"summary_large_image","twitter_misc":{"Est. reading time":"3 minutes"},"schema":{"@context":"https:\/\/schema.org","@graph":[{"@type":"WebPage","@id":"https:\/\/www.hap.ie\/ga\/inrochtaineacht\/","url":"https:\/\/www.hap.ie\/ga\/inrochtaineacht\/","name":"Inrochtaineacht - \u00cdoca\u00edochta C\u00fanaimh Tith\u00edochta","isPartOf":{"@id":"https:\/\/www.hap.ie\/ga\/#website"},"datePublished":"2022-10-05T10:34:53+00:00","dateModified":"2026-02-27T14:54:39+00:00","inLanguage":"ga-IE","potentialAction":[{"@type":"ReadAction","target":["https:\/\/www.hap.ie\/ga\/inrochtaineacht\/"]}]},{"@type":"WebSite","@id":"https:\/\/www.hap.ie\/ga\/#website","url":"https:\/\/www.hap.ie\/ga\/","name":"\u00cdoca\u00edochta C\u00fanaimh Tith\u00edochta","description":"","publisher":{"@id":"https:\/\/www.hap.ie\/ga\/#organization"},"potentialAction":[{"@type":"SearchAction","target":{"@type":"EntryPoint","urlTemplate":"https:\/\/www.hap.ie\/ga\/?s={search_term_string}"},"query-input":{"@type":"PropertyValueSpecification","valueRequired":true,"valueName":"search_term_string"}}],"inLanguage":"ga-IE"},{"@type":"Organization","@id":"https:\/\/www.hap.ie\/ga\/#organization","name":"\u00cdoca\u00edochta C\u00fanaimh Tith\u00edochta","url":"https:\/\/www.hap.ie\/ga\/","logo":{"@type":"ImageObject","inLanguage":"ga-IE","@id":"https:\/\/www.hap.ie\/ga\/#\/schema\/logo\/image\/","url":"https:\/\/hap-cdn-prod.s3.eu-west-1.amazonaws.com\/wp-content\/uploads\/2022\/09\/02094307\/hap.png","contentUrl":"https:\/\/hap-cdn-prod.s3.eu-west-1.amazonaws.com\/wp-content\/uploads\/2022\/09\/02094307\/hap.png","width":590,"height":282,"caption":"\u00cdoca\u00edochta C\u00fanaimh Tith\u00edochta"},"image":{"@id":"https:\/\/www.hap.ie\/ga\/#\/schema\/logo\/image\/"}}]}},"spectra_custom_meta":{"_wpml_media_duplicate":["1"],"_wpml_media_featured":["1"],"adv-header-id-meta":[""],"stick-header-meta":[""],"site-post-title":["disabled"],"theme-transparent-header-meta":[""],"_top_nav_excluded":[""],"_cms_nav_minihome":[""],"_last_translation_edit_mode":["native-editor"],"_wp_page_template":[""],"_cmplz_scanned_post":["1"],"_cmplz_remote_scanned_post":["1"],"ast-site-content-layout":["default"],"_edit_lock":["1772204090:8"],"_uag_custom_page_level_css":[""],"ast-disable-related-posts":[""],"astra-migrate-meta-layouts":["set"],"ast-page-background-enabled":["default"],"ast-page-background-meta":["a:3:{s:7:\"desktop\";a:12:{s:16:\"background-color\";s:25:\"var(--ast-global-color-4)\";s:16:\"background-image\";s:0:\"\";s:17:\"background-repeat\";s:6:\"repeat\";s:19:\"background-position\";s:13:\"center center\";s:15:\"background-size\";s:4:\"auto\";s:21:\"background-attachment\";s:6:\"scroll\";s:15:\"background-type\";s:0:\"\";s:16:\"background-media\";s:0:\"\";s:12:\"overlay-type\";s:0:\"\";s:13:\"overlay-color\";s:0:\"\";s:15:\"overlay-opacity\";s:0:\"\";s:16:\"overlay-gradient\";s:0:\"\";}s:6:\"tablet\";a:12:{s:16:\"background-color\";s:0:\"\";s:16:\"background-image\";s:0:\"\";s:17:\"background-repeat\";s:6:\"repeat\";s:19:\"background-position\";s:13:\"center center\";s:15:\"background-size\";s:4:\"auto\";s:21:\"background-attachment\";s:6:\"scroll\";s:15:\"background-type\";s:0:\"\";s:16:\"background-media\";s:0:\"\";s:12:\"overlay-type\";s:0:\"\";s:13:\"overlay-color\";s:0:\"\";s:15:\"overlay-opacity\";s:0:\"\";s:16:\"overlay-gradient\";s:0:\"\";}s:6:\"mobile\";a:12:{s:16:\"background-color\";s:0:\"\";s:16:\"background-image\";s:0:\"\";s:17:\"background-repeat\";s:6:\"repeat\";s:19:\"background-position\";s:13:\"center center\";s:15:\"background-size\";s:4:\"auto\";s:21:\"background-attachment\";s:6:\"scroll\";s:15:\"background-type\";s:0:\"\";s:16:\"background-media\";s:0:\"\";s:12:\"overlay-type\";s:0:\"\";s:13:\"overlay-color\";s:0:\"\";s:15:\"overlay-opacity\";s:0:\"\";s:16:\"overlay-gradient\";s:0:\"\";}}"],"ast-content-background-meta":["a:3:{s:7:\"desktop\";a:12:{s:16:\"background-color\";s:25:\"var(--ast-global-color-5)\";s:16:\"background-image\";s:0:\"\";s:17:\"background-repeat\";s:6:\"repeat\";s:19:\"background-position\";s:13:\"center center\";s:15:\"background-size\";s:4:\"auto\";s:21:\"background-attachment\";s:6:\"scroll\";s:15:\"background-type\";s:0:\"\";s:16:\"background-media\";s:0:\"\";s:12:\"overlay-type\";s:0:\"\";s:13:\"overlay-color\";s:0:\"\";s:15:\"overlay-opacity\";s:0:\"\";s:16:\"overlay-gradient\";s:0:\"\";}s:6:\"tablet\";a:12:{s:16:\"background-color\";s:25:\"var(--ast-global-color-5)\";s:16:\"background-image\";s:0:\"\";s:17:\"background-repeat\";s:6:\"repeat\";s:19:\"background-position\";s:13:\"center center\";s:15:\"background-size\";s:4:\"auto\";s:21:\"background-attachment\";s:6:\"scroll\";s:15:\"background-type\";s:0:\"\";s:16:\"background-media\";s:0:\"\";s:12:\"overlay-type\";s:0:\"\";s:13:\"overlay-color\";s:0:\"\";s:15:\"overlay-opacity\";s:0:\"\";s:16:\"overlay-gradient\";s:0:\"\";}s:6:\"mobile\";a:12:{s:16:\"background-color\";s:25:\"var(--ast-global-color-5)\";s:16:\"background-image\";s:0:\"\";s:17:\"background-repeat\";s:6:\"repeat\";s:19:\"background-position\";s:13:\"center center\";s:15:\"background-size\";s:4:\"auto\";s:21:\"background-attachment\";s:6:\"scroll\";s:15:\"background-type\";s:0:\"\";s:16:\"background-media\";s:0:\"\";s:12:\"overlay-type\";s:0:\"\";s:13:\"overlay-color\";s:0:\"\";s:15:\"overlay-opacity\";s:0:\"\";s:16:\"overlay-gradient\";s:0:\"\";}}"],"footnotes":[""],"_wpml_word_count":["709"],"_edit_last":["8"],"_wpml_media_has_media":["1"],"cmplz_hide_cookiebanner":[""],"_yoast_wpseo_content_score":["60"],"_yoast_wpseo_estimated-reading-time-minutes":["3"],"_uag_page_assets":["a:9:{s:3:\"css\";s:0:\"\";s:2:\"js\";s:0:\"\";s:18:\"current_block_list\";a:10:{i:0;s:12:\"core\/heading\";i:1;s:14:\"core\/paragraph\";i:2;s:9:\"core\/list\";i:3;s:14:\"core\/list-item\";i:4;s:17:\"core\/preformatted\";i:5;s:10:\"core\/group\";i:8;s:12:\"core\/columns\";i:9;s:11:\"core\/column\";i:10;s:10:\"core\/image\";i:11;s:28:\"tiptip\/hyperlink-group-block\";}s:8:\"uag_flag\";b:0;s:11:\"uag_version\";s:10:\"1777818502\";s:6:\"gfonts\";a:0:{}s:10:\"gfonts_url\";s:0:\"\";s:12:\"gfonts_files\";a:0:{}s:14:\"uag_faq_layout\";b:0;}"]},"uagb_featured_image_src":{"full":false,"thumbnail":false,"medium":false,"medium_large":false,"large":false,"1536x1536":false,"2048x2048":false},"uagb_author_info":{"display_name":"BobbyJo","author_link":"https:\/\/www.hap.ie\/ga\/author\/bobbyjo\/"},"uagb_comment_info":0,"uagb_excerpt":"Inrochtaineacht Housing Assistance Payments Website. The Department of Housing, Local Government and Heritage is the Government Department responsible for housing and water, for physical and spatial planning, for local government, for weather forecasting and for built and natural heritage. The Department is committed to ensuring access for all. This accessibility statement explains how the Department,&hellip;","_links":{"self":[{"href":"https:\/\/www.hap.ie\/ga\/wp-json\/wp\/v2\/pages\/616","targetHints":{"allow":["GET"]}}],"collection":[{"href":"https:\/\/www.hap.ie\/ga\/wp-json\/wp\/v2\/pages"}],"about":[{"href":"https:\/\/www.hap.ie\/ga\/wp-json\/wp\/v2\/types\/page"}],"author":[{"embeddable":true,"href":"https:\/\/www.hap.ie\/ga\/wp-json\/wp\/v2\/users\/1"}],"replies":[{"embeddable":true,"href":"https:\/\/www.hap.ie\/ga\/wp-json\/wp\/v2\/comments?post=616"}],"version-history":[{"count":26,"href":"https:\/\/www.hap.ie\/ga\/wp-json\/wp\/v2\/pages\/616\/revisions"}],"predecessor-version":[{"id":1442,"href":"https:\/\/www.hap.ie\/ga\/wp-json\/wp\/v2\/pages\/616\/revisions\/1442"}],"wp:attachment":[{"href":"https:\/\/www.hap.ie\/ga\/wp-json\/wp\/v2\/media?parent=616"}],"curies":[{"name":"wp","href":"https:\/\/api.w.org\/{rel}","templated":true}]}}