{"id":608,"date":"2022-09-30T13:00:36","date_gmt":"2022-09-30T13:00:36","guid":{"rendered":"https:\/\/www.hap.ie\/daoine-gan-didean-ict\/"},"modified":"2022-11-15T13:50:31","modified_gmt":"2022-11-15T13:50:31","slug":"daoine-gan-didean-ict","status":"publish","type":"page","link":"https:\/\/www.hap.ie\/ga\/daoine-gan-didean-ict\/","title":{"rendered":"Daoine gan d\u00eddean ICT"},"content":{"rendered":"\n<h1 class=\"homelesshap wp-block-heading\"><strong>An m\u00e9id ata i gceist leis an \u00cdCT do Dhaoine gan D\u00eddean<\/strong>?<\/h1>\n\n<p>Cabhra\u00edonn an sc\u00e9im \u00cdCT do Dhaoine gan D\u00eddean le daoine gan d\u00eddean n\u00f3 leo si\u00fad at\u00e1 i mbaol a bheith gan d\u00eddean. Tugtar n\u00edos m\u00f3 taca\u00edochta\u00ed do thion\u00f3nta\u00ed faoin sc\u00e9im n\u00e1 faoin <a href=\"https:\/\/www.hap.ie\/ga\/\">ngn\u00e1thsc\u00e9im \u00cdCT<\/a>. \u00c1ir\u00edtear leis na taca\u00edochta\u00ed breise seo \u00e9arlais\u00ed agus \u00edoca\u00edochta\u00ed c\u00edosa roimh r\u00e9 chun cabhr\u00fa le teaghlaigh gan d\u00eddean tion\u00f3ntacht \u00cdCT oiri\u00fanach a aimsi\u00fa. Tugtar <strong>Seirbh\u00eds an Aimsitheora \u00c1ite<\/strong> ar an sc\u00e9im \u00cdCT do Dhaoine gan D\u00eddean freisin. Is iad na h\u00fadar\u00e1is \u00e1iti\u00fala a bhainist\u00edonn an tseirbh\u00eds seo. M\u00e1 t\u00e1 t\u00fa gan d\u00eddean n\u00f3 m\u00e1 t\u00e1 t\u00fa i mbaol a bheith gan d\u00eddean, is f\u00e9idir leat iarratas ar na taca\u00edochta\u00ed breise seo a chur faoi bhr\u00e1id d\u2019\u00fadar\u00e1is \u00e1iti\u00fail.<\/p>\n\n<div class=\"wp-block-columns is-layout-flex wp-container-core-columns-is-layout-28f84493 wp-block-columns-is-layout-flex\" id=\"pagination\">\n<div class=\"wp-block-column is-layout-flow wp-block-column-is-layout-flow\" style=\"flex-basis:200px\"><\/div>\n\n\n\n<div class=\"wp-block-column is-layout-flow wp-block-column-is-layout-flow\"><\/div>\n\n\n\n<div class=\"wp-block-column is-layout-flow wp-block-column-is-layout-flow\" style=\"flex-basis:200px\">\n<div class=\"wp-block-button\"><a class=\"wp-block-button__link has-ast-global-color-5-color has-text-color has-background float-right\" style=\"background-color:#985cb1\" aria-label=\"Next Page: How to Apply\" href=\"https:\/\/www.hap.ie\/ga\/daoine-gan-didean-ict\/eolas-do-thionontai\/\">An Ch\u00e9ad Leathanach Eile<\/a><\/div>\n<\/div>\n<\/div>\n\n<p><a id=\"_msocom_1\"><\/a><\/p>\n","protected":false},"excerpt":{"rendered":"<p>An m\u00e9id ata i gceist leis an \u00cdCT do Dhaoine gan D\u00eddean? Cabhra\u00edonn an sc\u00e9im \u00cdCT do Dhaoine gan D\u00eddean le daoine gan d\u00eddean n\u00f3 leo si\u00fad at\u00e1 i mbaol a bheith gan d\u00eddean. Tugtar n\u00edos m\u00f3 taca\u00edochta\u00ed do thion\u00f3nta\u00ed faoin sc\u00e9im n\u00e1 faoin ngn\u00e1thsc\u00e9im \u00cdCT. \u00c1ir\u00edtear leis na taca\u00edochta\u00ed breise seo \u00e9arlais\u00ed agus \u00edoca\u00edochta\u00ed [&hellip;]<\/p>\n","protected":false},"author":1,"featured_media":0,"parent":0,"menu_order":0,"comment_status":"closed","ping_status":"closed","template":"","meta":{"_uag_custom_page_level_css":"","site-sidebar-layout":"default","site-content-layout":"","ast-site-content-layout":"default","site-content-style":"default","site-sidebar-style":"default","ast-global-header-display":"","ast-banner-title-visibility":"","ast-main-header-display":"","ast-hfb-above-header-display":"","ast-hfb-below-header-display":"","ast-hfb-mobile-header-display":"","site-post-title":"disabled","ast-breadcrumbs-content":"","ast-featured-img":"","footer-sml-layout":"","ast-disable-related-posts":"","theme-transparent-header-meta":"","adv-header-id-meta":"","stick-header-meta":"","header-above-stick-meta":"","header-main-stick-meta":"","header-below-stick-meta":"","astra-migrate-meta-layouts":"default","ast-page-background-enabled":"default","ast-page-background-meta":{"desktop":{"background-color":"var(--ast-global-color-4)","background-image":"","background-repeat":"repeat","background-position":"center center","background-size":"auto","background-attachment":"scroll","background-type":"","background-media":"","overlay-type":"","overlay-color":"","overlay-opacity":"","overlay-gradient":""},"tablet":{"background-color":"","background-image":"","background-repeat":"repeat","background-position":"center center","background-size":"auto","background-attachment":"scroll","background-type":"","background-media":"","overlay-type":"","overlay-color":"","overlay-opacity":"","overlay-gradient":""},"mobile":{"background-color":"","background-image":"","background-repeat":"repeat","background-position":"center center","background-size":"auto","background-attachment":"scroll","background-type":"","background-media":"","overlay-type":"","overlay-color":"","overlay-opacity":"","overlay-gradient":""}},"ast-content-background-meta":{"desktop":{"background-color":"var(--ast-global-color-5)","background-image":"","background-repeat":"repeat","background-position":"center center","background-size":"auto","background-attachment":"scroll","background-type":"","background-media":"","overlay-type":"","overlay-color":"","overlay-opacity":"","overlay-gradient":""},"tablet":{"background-color":"var(--ast-global-color-5)","background-image":"","background-repeat":"repeat","background-position":"center center","background-size":"auto","background-attachment":"scroll","background-type":"","background-media":"","overlay-type":"","overlay-color":"","overlay-opacity":"","overlay-gradient":""},"mobile":{"background-color":"var(--ast-global-color-5)","background-image":"","background-repeat":"repeat","background-position":"center center","background-size":"auto","background-attachment":"scroll","background-type":"","background-media":"","overlay-type":"","overlay-color":"","overlay-opacity":"","overlay-gradient":""}},"footnotes":""},"class_list":["post-608","page","type-page","status-publish","hentry"],"yoast_head":"<!-- This site is optimized with the Yoast SEO plugin v27.1.1 - https:\/\/yoast.com\/product\/yoast-seo-wordpress\/ -->\n<title>Daoine gan d\u00eddean ICT - \u00cdoca\u00edochta C\u00fanaimh Tith\u00edochta<\/title>\n<meta name=\"robots\" content=\"index, follow, max-snippet:-1, max-image-preview:large, max-video-preview:-1\" \/>\n<link rel=\"canonical\" href=\"https:\/\/www.hap.ie\/ga\/daoine-gan-didean-ict\/\" \/>\n<meta property=\"og:locale\" content=\"ga_IE\" \/>\n<meta property=\"og:type\" content=\"article\" \/>\n<meta property=\"og:title\" content=\"Daoine gan d\u00eddean ICT - \u00cdoca\u00edochta C\u00fanaimh Tith\u00edochta\" \/>\n<meta property=\"og:description\" content=\"An m\u00e9id ata i gceist leis an \u00cdCT do Dhaoine gan D\u00eddean? Cabhra\u00edonn an sc\u00e9im \u00cdCT do Dhaoine gan D\u00eddean le daoine gan d\u00eddean n\u00f3 leo si\u00fad at\u00e1 i mbaol a bheith gan d\u00eddean. Tugtar n\u00edos m\u00f3 taca\u00edochta\u00ed do thion\u00f3nta\u00ed faoin sc\u00e9im n\u00e1 faoin ngn\u00e1thsc\u00e9im \u00cdCT. \u00c1ir\u00edtear leis na taca\u00edochta\u00ed breise seo \u00e9arlais\u00ed agus \u00edoca\u00edochta\u00ed [&hellip;]\" \/>\n<meta property=\"og:url\" content=\"https:\/\/www.hap.ie\/ga\/daoine-gan-didean-ict\/\" \/>\n<meta property=\"og:site_name\" content=\"\u00cdoca\u00edochta C\u00fanaimh Tith\u00edochta\" \/>\n<meta property=\"article:modified_time\" content=\"2022-11-15T13:50:31+00:00\" \/>\n<meta name=\"twitter:card\" content=\"summary_large_image\" \/>\n<meta name=\"twitter:label1\" content=\"Est. reading time\" \/>\n\t<meta name=\"twitter:data1\" content=\"1 minute\" \/>\n<script type=\"application\/ld+json\" class=\"yoast-schema-graph\">{\"@context\":\"https:\/\/schema.org\",\"@graph\":[{\"@type\":\"WebPage\",\"@id\":\"https:\/\/www.hap.ie\/ga\/daoine-gan-didean-ict\/\",\"url\":\"https:\/\/www.hap.ie\/ga\/daoine-gan-didean-ict\/\",\"name\":\"Daoine gan d\u00eddean ICT - \u00cdoca\u00edochta C\u00fanaimh Tith\u00edochta\",\"isPartOf\":{\"@id\":\"https:\/\/www.hap.ie\/ga\/#website\"},\"datePublished\":\"2022-09-30T13:00:36+00:00\",\"dateModified\":\"2022-11-15T13:50:31+00:00\",\"inLanguage\":\"ga-IE\",\"potentialAction\":[{\"@type\":\"ReadAction\",\"target\":[\"https:\/\/www.hap.ie\/ga\/daoine-gan-didean-ict\/\"]}]},{\"@type\":\"WebSite\",\"@id\":\"https:\/\/www.hap.ie\/ga\/#website\",\"url\":\"https:\/\/www.hap.ie\/ga\/\",\"name\":\"\u00cdoca\u00edochta C\u00fanaimh Tith\u00edochta\",\"description\":\"\",\"publisher\":{\"@id\":\"https:\/\/www.hap.ie\/ga\/#organization\"},\"potentialAction\":[{\"@type\":\"SearchAction\",\"target\":{\"@type\":\"EntryPoint\",\"urlTemplate\":\"https:\/\/www.hap.ie\/ga\/?s={search_term_string}\"},\"query-input\":{\"@type\":\"PropertyValueSpecification\",\"valueRequired\":true,\"valueName\":\"search_term_string\"}}],\"inLanguage\":\"ga-IE\"},{\"@type\":\"Organization\",\"@id\":\"https:\/\/www.hap.ie\/ga\/#organization\",\"name\":\"\u00cdoca\u00edochta C\u00fanaimh Tith\u00edochta\",\"url\":\"https:\/\/www.hap.ie\/ga\/\",\"logo\":{\"@type\":\"ImageObject\",\"inLanguage\":\"ga-IE\",\"@id\":\"https:\/\/www.hap.ie\/ga\/#\/schema\/logo\/image\/\",\"url\":\"https:\/\/hap-cdn-prod.s3.eu-west-1.amazonaws.com\/wp-content\/uploads\/2022\/09\/02094307\/hap.png\",\"contentUrl\":\"https:\/\/hap-cdn-prod.s3.eu-west-1.amazonaws.com\/wp-content\/uploads\/2022\/09\/02094307\/hap.png\",\"width\":590,\"height\":282,\"caption\":\"\u00cdoca\u00edochta C\u00fanaimh Tith\u00edochta\"},\"image\":{\"@id\":\"https:\/\/www.hap.ie\/ga\/#\/schema\/logo\/image\/\"}}]}<\/script>\n<!-- \/ Yoast SEO plugin. -->","yoast_head_json":{"title":"Daoine gan d\u00eddean ICT - \u00cdoca\u00edochta C\u00fanaimh Tith\u00edochta","robots":{"index":"index","follow":"follow","max-snippet":"max-snippet:-1","max-image-preview":"max-image-preview:large","max-video-preview":"max-video-preview:-1"},"canonical":"https:\/\/www.hap.ie\/ga\/daoine-gan-didean-ict\/","og_locale":"ga_IE","og_type":"article","og_title":"Daoine gan d\u00eddean ICT - \u00cdoca\u00edochta C\u00fanaimh Tith\u00edochta","og_description":"An m\u00e9id ata i gceist leis an \u00cdCT do Dhaoine gan D\u00eddean? Cabhra\u00edonn an sc\u00e9im \u00cdCT do Dhaoine gan D\u00eddean le daoine gan d\u00eddean n\u00f3 leo si\u00fad at\u00e1 i mbaol a bheith gan d\u00eddean. Tugtar n\u00edos m\u00f3 taca\u00edochta\u00ed do thion\u00f3nta\u00ed faoin sc\u00e9im n\u00e1 faoin ngn\u00e1thsc\u00e9im \u00cdCT. \u00c1ir\u00edtear leis na taca\u00edochta\u00ed breise seo \u00e9arlais\u00ed agus \u00edoca\u00edochta\u00ed [&hellip;]","og_url":"https:\/\/www.hap.ie\/ga\/daoine-gan-didean-ict\/","og_site_name":"\u00cdoca\u00edochta C\u00fanaimh Tith\u00edochta","article_modified_time":"2022-11-15T13:50:31+00:00","twitter_card":"summary_large_image","twitter_misc":{"Est. reading time":"1 minute"},"schema":{"@context":"https:\/\/schema.org","@graph":[{"@type":"WebPage","@id":"https:\/\/www.hap.ie\/ga\/daoine-gan-didean-ict\/","url":"https:\/\/www.hap.ie\/ga\/daoine-gan-didean-ict\/","name":"Daoine gan d\u00eddean ICT - \u00cdoca\u00edochta C\u00fanaimh Tith\u00edochta","isPartOf":{"@id":"https:\/\/www.hap.ie\/ga\/#website"},"datePublished":"2022-09-30T13:00:36+00:00","dateModified":"2022-11-15T13:50:31+00:00","inLanguage":"ga-IE","potentialAction":[{"@type":"ReadAction","target":["https:\/\/www.hap.ie\/ga\/daoine-gan-didean-ict\/"]}]},{"@type":"WebSite","@id":"https:\/\/www.hap.ie\/ga\/#website","url":"https:\/\/www.hap.ie\/ga\/","name":"\u00cdoca\u00edochta C\u00fanaimh Tith\u00edochta","description":"","publisher":{"@id":"https:\/\/www.hap.ie\/ga\/#organization"},"potentialAction":[{"@type":"SearchAction","target":{"@type":"EntryPoint","urlTemplate":"https:\/\/www.hap.ie\/ga\/?s={search_term_string}"},"query-input":{"@type":"PropertyValueSpecification","valueRequired":true,"valueName":"search_term_string"}}],"inLanguage":"ga-IE"},{"@type":"Organization","@id":"https:\/\/www.hap.ie\/ga\/#organization","name":"\u00cdoca\u00edochta C\u00fanaimh Tith\u00edochta","url":"https:\/\/www.hap.ie\/ga\/","logo":{"@type":"ImageObject","inLanguage":"ga-IE","@id":"https:\/\/www.hap.ie\/ga\/#\/schema\/logo\/image\/","url":"https:\/\/hap-cdn-prod.s3.eu-west-1.amazonaws.com\/wp-content\/uploads\/2022\/09\/02094307\/hap.png","contentUrl":"https:\/\/hap-cdn-prod.s3.eu-west-1.amazonaws.com\/wp-content\/uploads\/2022\/09\/02094307\/hap.png","width":590,"height":282,"caption":"\u00cdoca\u00edochta C\u00fanaimh Tith\u00edochta"},"image":{"@id":"https:\/\/www.hap.ie\/ga\/#\/schema\/logo\/image\/"}}]}},"spectra_custom_meta":{"_wpml_media_duplicate":["0"],"_wpml_media_featured":["1"],"adv-header-id-meta":[""],"stick-header-meta":[""],"site-post-title":["disabled"],"theme-transparent-header-meta":[""],"_top_nav_excluded":[""],"_cms_nav_minihome":[""],"_last_translation_edit_mode":["translation-editor"],"_wp_page_template":[""],"_cmplz_scanned_post":["1"],"_uag_page_assets":["a:9:{s:3:\"css\";s:0:\"\";s:2:\"js\";s:0:\"\";s:18:\"current_block_list\";a:8:{i:0;s:12:\"core\/heading\";i:1;s:14:\"core\/paragraph\";i:2;s:12:\"core\/columns\";i:3;s:11:\"core\/column\";i:5;s:9:\"core\/html\";i:6;s:10:\"core\/group\";i:11;s:10:\"core\/image\";i:12;s:28:\"tiptip\/hyperlink-group-block\";}s:8:\"uag_flag\";b:0;s:11:\"uag_version\";s:10:\"1776217249\";s:6:\"gfonts\";a:0:{}s:10:\"gfonts_url\";s:0:\"\";s:12:\"gfonts_files\";a:0:{}s:14:\"uag_faq_layout\";b:0;}"]},"uagb_featured_image_src":{"full":false,"thumbnail":false,"medium":false,"medium_large":false,"large":false,"1536x1536":false,"2048x2048":false},"uagb_author_info":{"display_name":"BobbyJo","author_link":"https:\/\/www.hap.ie\/ga\/author\/bobbyjo\/"},"uagb_comment_info":0,"uagb_excerpt":"An m\u00e9id ata i gceist leis an \u00cdCT do Dhaoine gan D\u00eddean? Cabhra\u00edonn an sc\u00e9im \u00cdCT do Dhaoine gan D\u00eddean le daoine gan d\u00eddean n\u00f3 leo si\u00fad at\u00e1 i mbaol a bheith gan d\u00eddean. Tugtar n\u00edos m\u00f3 taca\u00edochta\u00ed do thion\u00f3nta\u00ed faoin sc\u00e9im n\u00e1 faoin ngn\u00e1thsc\u00e9im \u00cdCT. \u00c1ir\u00edtear leis na taca\u00edochta\u00ed breise seo \u00e9arlais\u00ed agus \u00edoca\u00edochta\u00ed&hellip;","_links":{"self":[{"href":"https:\/\/www.hap.ie\/ga\/wp-json\/wp\/v2\/pages\/608","targetHints":{"allow":["GET"]}}],"collection":[{"href":"https:\/\/www.hap.ie\/ga\/wp-json\/wp\/v2\/pages"}],"about":[{"href":"https:\/\/www.hap.ie\/ga\/wp-json\/wp\/v2\/types\/page"}],"author":[{"embeddable":true,"href":"https:\/\/www.hap.ie\/ga\/wp-json\/wp\/v2\/users\/1"}],"replies":[{"embeddable":true,"href":"https:\/\/www.hap.ie\/ga\/wp-json\/wp\/v2\/comments?post=608"}],"version-history":[{"count":4,"href":"https:\/\/www.hap.ie\/ga\/wp-json\/wp\/v2\/pages\/608\/revisions"}],"predecessor-version":[{"id":924,"href":"https:\/\/www.hap.ie\/ga\/wp-json\/wp\/v2\/pages\/608\/revisions\/924"}],"wp:attachment":[{"href":"https:\/\/www.hap.ie\/ga\/wp-json\/wp\/v2\/media?parent=608"}],"curies":[{"name":"wp","href":"https:\/\/api.w.org\/{rel}","templated":true}]}}