{"id":604,"date":"2022-09-30T13:38:10","date_gmt":"2022-09-30T13:38:10","guid":{"rendered":"https:\/\/www.hap.ie\/landlords\/tionontacht-agus-readmhaoin\/"},"modified":"2026-03-10T09:54:37","modified_gmt":"2026-03-10T09:54:37","slug":"tionontacht-agus-readmhaoin","status":"publish","type":"page","link":"https:\/\/www.hap.ie\/ga\/landlords\/tionontacht-agus-readmhaoin\/","title":{"rendered":"Tion\u00f3ntacht agus r\u00e9admhaoin"},"content":{"rendered":"\n<h1 class=\"wp-block-heading landlords\">Tion\u00f3ntacht agus r\u00e9admhaoin<\/h1>\n\n<p>T\u00e1 gaol an \u2018tiarna tal\u00fan agus an tion\u00f3nta\u2019 idir t\u00fa f\u00e9in agus do thion\u00f3nta ICT. Beidh an tion\u00f3ntacht rialaithe ag t\u00e9arma\u00ed an tAcht Thion\u00f3ntachta\u00ed C\u00f3naithe 2004 (arna leas\u00fa). Cialla\u00edonn s\u00e9 seo go bhfuil an tion\u00f3nta \u00cdCT do thion\u00f3nta agus n\u00ed tion\u00f3nta an t-\u00fadar\u00e1s \u00e1iti\u00fail \u00e9. Cialla\u00edonn s\u00e9 freisin go gcaithfidh t\u00fa an tion\u00f3ntacht a chl\u00e1r\u00fa leis an mBord Tion\u00f3ntachta\u00ed C\u00f3naithe (BTC). T\u00e1 tuilleadh eolais ar f\u00e1il ar shu\u00edomh gr\u00e9as\u00e1in an BTC <a href=\"http:\/\/www.rtb.ie\">www.rtb.ie.<\/a> <\/p>\n\n<p>B\u00edonn ar R\u00e9admhaoin \u00cdCT, cos\u00fail le r\u00e9admhaoin eile ar c\u00edos, caighde\u00e1in c\u00f3ir\u00edochta c\u00edosa a chomhl\u00edonadh. Is f\u00e9idir le d\u2019\u00fadar\u00e1s \u00e1iti\u00fail eolas a thabhairt duit maidir leis na caighde\u00e1in seo. Is f\u00e9idir leat f\u00e9achaint freisin ar na h\u00cdoschaighde\u00e1in i gC\u00f3ir\u00edocht ar C\u00edos ar shu\u00edomh <a href=\"https:\/\/www.gov.ie\/en\/publication\/37ccb-minimum-standards-in-rented-accommodation\/\" target=\"_blank\" rel=\"noreferrer noopener\">Gr\u00e9as\u00e1in na Roinne Tith\u00edochta<\/a>. <\/p>\n\n<p>Mar chuid den iarratas tion\u00f3nta ICT, caithfidh tusa, mar thiarna tal\u00fan, f\u00e9indeimhni\u00fa go bhfuil na caighde\u00e1in cearta ag an r\u00e9admhaoin. Scr\u00fad\u00f3idh an t-\u00fadar\u00e1s \u00e1iti\u00fail an r\u00e9admhaoin chun cinnti\u00fa go bhfuil na caighde\u00e1in cearta aige. Eagr\u00f3idh siad \u00e9 seo taobh istigh de ocht m\u00ed \u00f3n gc\u00e9ad \u00edoca\u00edocht ICT at\u00e1 d\u00e9anta duit.<\/p>\n\n<p>Le haghaidh tuilleadh eolais, f\u00e9ach ar an Leabhr\u00e1n Eolais \u00cdCT do Thiarna\u00ed Tal\u00fan <a href=\"https:\/\/www.hap.ie\/ga\/aimsigh-dudaras-aitiuil\/\">n\u00f3 d\u00e9an teagmh\u00e1il le d\u2019\u00fadar\u00e1s \u00e1iti\u00fail.<\/a><\/p>\n\n<p>Is f\u00e9idir leat tuilleadh eolais a fh\u00e1il faoi do chearta agus do fhreagrachta\u00ed mar thiarna tal\u00fan ar <a href=\"https:\/\/www.rtb.ie\/\">shu\u00edomh gr\u00e9as\u00e1in BTC.<\/a><\/p>\n\n<div class=\"wp-block-columns is-layout-flex wp-container-core-columns-is-layout-28f84493 wp-block-columns-is-layout-flex\" id=\"pagination\">\n<div class=\"wp-block-column is-layout-flow wp-block-column-is-layout-flow\" style=\"flex-basis:200px\">\n<div class=\"wp-block-button\"><a class=\"wp-block-button__link has-ast-global-color-5-color has-text-color has-background\" style=\"background-color:#b64a99\" aria-label=\"Previous Page: Rent Payments to Landlords\" href=\"https:\/\/www.hap.ie\/ga\/landlords\/iocaiochtai-ciosa-go-thiarnai-talun\/\">Leathanach Roimhe Seo<\/a><\/div>\n<\/div>\n\n\n\n<div class=\"wp-block-column is-layout-flow wp-block-column-is-layout-flow\"><\/div>\n\n\n\n<div class=\"wp-block-column is-layout-flow wp-block-column-is-layout-flow\" style=\"flex-basis:200px\">\n<div class=\"wp-block-button\"><a class=\"wp-block-button__link has-ast-global-color-5-color has-text-color has-background float-right\" style=\"background-color:#b64a99\" aria-label=\"Next Page: HAP Terms and Conditions\" href=\"https:\/\/www.hap.ie\/ga\/landlords\/sceim-ict-tearmai-agus-coinniollacha-na-tiarnai-talun\/\">An Leathanach Eile<\/a><\/div>\n<\/div>\n<\/div>\n","protected":false},"excerpt":{"rendered":"<p>Tion\u00f3ntacht agus r\u00e9admhaoin T\u00e1 gaol an \u2018tiarna tal\u00fan agus an tion\u00f3nta\u2019 idir t\u00fa f\u00e9in agus do thion\u00f3nta ICT. Beidh an tion\u00f3ntacht rialaithe ag t\u00e9arma\u00ed an tAcht Thion\u00f3ntachta\u00ed C\u00f3naithe 2004 (arna leas\u00fa). Cialla\u00edonn s\u00e9 seo go bhfuil an tion\u00f3nta \u00cdCT do thion\u00f3nta agus n\u00ed tion\u00f3nta an t-\u00fadar\u00e1s \u00e1iti\u00fail \u00e9. Cialla\u00edonn s\u00e9 freisin go gcaithfidh t\u00fa an [&hellip;]<\/p>\n","protected":false},"author":1,"featured_media":0,"parent":594,"menu_order":0,"comment_status":"closed","ping_status":"closed","template":"","meta":{"_uag_custom_page_level_css":"","site-sidebar-layout":"default","site-content-layout":"","ast-site-content-layout":"default","site-content-style":"default","site-sidebar-style":"default","ast-global-header-display":"","ast-banner-title-visibility":"","ast-main-header-display":"","ast-hfb-above-header-display":"","ast-hfb-below-header-display":"","ast-hfb-mobile-header-display":"","site-post-title":"disabled","ast-breadcrumbs-content":"","ast-featured-img":"","footer-sml-layout":"","ast-disable-related-posts":"","theme-transparent-header-meta":"","adv-header-id-meta":"","stick-header-meta":"","header-above-stick-meta":"","header-main-stick-meta":"","header-below-stick-meta":"","astra-migrate-meta-layouts":"default","ast-page-background-enabled":"default","ast-page-background-meta":{"desktop":{"background-color":"var(--ast-global-color-4)","background-image":"","background-repeat":"repeat","background-position":"center center","background-size":"auto","background-attachment":"scroll","background-type":"","background-media":"","overlay-type":"","overlay-color":"","overlay-opacity":"","overlay-gradient":""},"tablet":{"background-color":"","background-image":"","background-repeat":"repeat","background-position":"center center","background-size":"auto","background-attachment":"scroll","background-type":"","background-media":"","overlay-type":"","overlay-color":"","overlay-opacity":"","overlay-gradient":""},"mobile":{"background-color":"","background-image":"","background-repeat":"repeat","background-position":"center center","background-size":"auto","background-attachment":"scroll","background-type":"","background-media":"","overlay-type":"","overlay-color":"","overlay-opacity":"","overlay-gradient":""}},"ast-content-background-meta":{"desktop":{"background-color":"var(--ast-global-color-5)","background-image":"","background-repeat":"repeat","background-position":"center center","background-size":"auto","background-attachment":"scroll","background-type":"","background-media":"","overlay-type":"","overlay-color":"","overlay-opacity":"","overlay-gradient":""},"tablet":{"background-color":"var(--ast-global-color-5)","background-image":"","background-repeat":"repeat","background-position":"center center","background-size":"auto","background-attachment":"scroll","background-type":"","background-media":"","overlay-type":"","overlay-color":"","overlay-opacity":"","overlay-gradient":""},"mobile":{"background-color":"var(--ast-global-color-5)","background-image":"","background-repeat":"repeat","background-position":"center center","background-size":"auto","background-attachment":"scroll","background-type":"","background-media":"","overlay-type":"","overlay-color":"","overlay-opacity":"","overlay-gradient":""}},"footnotes":""},"class_list":["post-604","page","type-page","status-publish","hentry"],"yoast_head":"<!-- This site is optimized with the Yoast SEO plugin v27.1.1 - https:\/\/yoast.com\/product\/yoast-seo-wordpress\/ -->\n<title>Tion\u00f3ntacht agus r\u00e9admhaoin - \u00cdoca\u00edochta C\u00fanaimh Tith\u00edochta<\/title>\n<meta name=\"robots\" content=\"index, follow, max-snippet:-1, max-image-preview:large, max-video-preview:-1\" \/>\n<link rel=\"canonical\" href=\"https:\/\/www.hap.ie\/ga\/landlords\/tionontacht-agus-readmhaoin\/\" \/>\n<meta property=\"og:locale\" content=\"ga_IE\" \/>\n<meta property=\"og:type\" content=\"article\" \/>\n<meta property=\"og:title\" content=\"Tion\u00f3ntacht agus r\u00e9admhaoin - \u00cdoca\u00edochta C\u00fanaimh Tith\u00edochta\" \/>\n<meta property=\"og:description\" content=\"Tion\u00f3ntacht agus r\u00e9admhaoin T\u00e1 gaol an \u2018tiarna tal\u00fan agus an tion\u00f3nta\u2019 idir t\u00fa f\u00e9in agus do thion\u00f3nta ICT. Beidh an tion\u00f3ntacht rialaithe ag t\u00e9arma\u00ed an tAcht Thion\u00f3ntachta\u00ed C\u00f3naithe 2004 (arna leas\u00fa). Cialla\u00edonn s\u00e9 seo go bhfuil an tion\u00f3nta \u00cdCT do thion\u00f3nta agus n\u00ed tion\u00f3nta an t-\u00fadar\u00e1s \u00e1iti\u00fail \u00e9. Cialla\u00edonn s\u00e9 freisin go gcaithfidh t\u00fa an [&hellip;]\" \/>\n<meta property=\"og:url\" content=\"https:\/\/www.hap.ie\/ga\/landlords\/tionontacht-agus-readmhaoin\/\" \/>\n<meta property=\"og:site_name\" content=\"\u00cdoca\u00edochta C\u00fanaimh Tith\u00edochta\" \/>\n<meta property=\"article:modified_time\" content=\"2026-03-10T09:54:37+00:00\" \/>\n<meta name=\"twitter:card\" content=\"summary_large_image\" \/>\n<meta name=\"twitter:label1\" content=\"Est. reading time\" \/>\n\t<meta name=\"twitter:data1\" content=\"1 minute\" \/>\n<script type=\"application\/ld+json\" class=\"yoast-schema-graph\">{\"@context\":\"https:\/\/schema.org\",\"@graph\":[{\"@type\":\"WebPage\",\"@id\":\"https:\/\/www.hap.ie\/ga\/landlords\/tionontacht-agus-readmhaoin\/\",\"url\":\"https:\/\/www.hap.ie\/ga\/landlords\/tionontacht-agus-readmhaoin\/\",\"name\":\"Tion\u00f3ntacht agus r\u00e9admhaoin - \u00cdoca\u00edochta C\u00fanaimh Tith\u00edochta\",\"isPartOf\":{\"@id\":\"https:\/\/www.hap.ie\/ga\/#website\"},\"datePublished\":\"2022-09-30T13:38:10+00:00\",\"dateModified\":\"2026-03-10T09:54:37+00:00\",\"breadcrumb\":{\"@id\":\"https:\/\/www.hap.ie\/ga\/landlords\/tionontacht-agus-readmhaoin\/#breadcrumb\"},\"inLanguage\":\"ga-IE\",\"potentialAction\":[{\"@type\":\"ReadAction\",\"target\":[\"https:\/\/www.hap.ie\/ga\/landlords\/tionontacht-agus-readmhaoin\/\"]}]},{\"@type\":\"BreadcrumbList\",\"@id\":\"https:\/\/www.hap.ie\/ga\/landlords\/tionontacht-agus-readmhaoin\/#breadcrumb\",\"itemListElement\":[{\"@type\":\"ListItem\",\"position\":1,\"name\":\"Tiarna\u00ed Tal\u00fan\",\"item\":\"https:\/\/www.hap.ie\/ga\/landlords\/\"},{\"@type\":\"ListItem\",\"position\":2,\"name\":\"Tion\u00f3ntacht agus r\u00e9admhaoin\"}]},{\"@type\":\"WebSite\",\"@id\":\"https:\/\/www.hap.ie\/ga\/#website\",\"url\":\"https:\/\/www.hap.ie\/ga\/\",\"name\":\"\u00cdoca\u00edochta C\u00fanaimh Tith\u00edochta\",\"description\":\"\",\"publisher\":{\"@id\":\"https:\/\/www.hap.ie\/ga\/#organization\"},\"potentialAction\":[{\"@type\":\"SearchAction\",\"target\":{\"@type\":\"EntryPoint\",\"urlTemplate\":\"https:\/\/www.hap.ie\/ga\/?s={search_term_string}\"},\"query-input\":{\"@type\":\"PropertyValueSpecification\",\"valueRequired\":true,\"valueName\":\"search_term_string\"}}],\"inLanguage\":\"ga-IE\"},{\"@type\":\"Organization\",\"@id\":\"https:\/\/www.hap.ie\/ga\/#organization\",\"name\":\"\u00cdoca\u00edochta C\u00fanaimh Tith\u00edochta\",\"url\":\"https:\/\/www.hap.ie\/ga\/\",\"logo\":{\"@type\":\"ImageObject\",\"inLanguage\":\"ga-IE\",\"@id\":\"https:\/\/www.hap.ie\/ga\/#\/schema\/logo\/image\/\",\"url\":\"https:\/\/hap-cdn-prod.s3.eu-west-1.amazonaws.com\/wp-content\/uploads\/2022\/09\/02094307\/hap.png\",\"contentUrl\":\"https:\/\/hap-cdn-prod.s3.eu-west-1.amazonaws.com\/wp-content\/uploads\/2022\/09\/02094307\/hap.png\",\"width\":590,\"height\":282,\"caption\":\"\u00cdoca\u00edochta C\u00fanaimh Tith\u00edochta\"},\"image\":{\"@id\":\"https:\/\/www.hap.ie\/ga\/#\/schema\/logo\/image\/\"}}]}<\/script>\n<!-- \/ Yoast SEO plugin. -->","yoast_head_json":{"title":"Tion\u00f3ntacht agus r\u00e9admhaoin - \u00cdoca\u00edochta C\u00fanaimh Tith\u00edochta","robots":{"index":"index","follow":"follow","max-snippet":"max-snippet:-1","max-image-preview":"max-image-preview:large","max-video-preview":"max-video-preview:-1"},"canonical":"https:\/\/www.hap.ie\/ga\/landlords\/tionontacht-agus-readmhaoin\/","og_locale":"ga_IE","og_type":"article","og_title":"Tion\u00f3ntacht agus r\u00e9admhaoin - \u00cdoca\u00edochta C\u00fanaimh Tith\u00edochta","og_description":"Tion\u00f3ntacht agus r\u00e9admhaoin T\u00e1 gaol an \u2018tiarna tal\u00fan agus an tion\u00f3nta\u2019 idir t\u00fa f\u00e9in agus do thion\u00f3nta ICT. Beidh an tion\u00f3ntacht rialaithe ag t\u00e9arma\u00ed an tAcht Thion\u00f3ntachta\u00ed C\u00f3naithe 2004 (arna leas\u00fa). Cialla\u00edonn s\u00e9 seo go bhfuil an tion\u00f3nta \u00cdCT do thion\u00f3nta agus n\u00ed tion\u00f3nta an t-\u00fadar\u00e1s \u00e1iti\u00fail \u00e9. Cialla\u00edonn s\u00e9 freisin go gcaithfidh t\u00fa an [&hellip;]","og_url":"https:\/\/www.hap.ie\/ga\/landlords\/tionontacht-agus-readmhaoin\/","og_site_name":"\u00cdoca\u00edochta C\u00fanaimh Tith\u00edochta","article_modified_time":"2026-03-10T09:54:37+00:00","twitter_card":"summary_large_image","twitter_misc":{"Est. reading time":"1 minute"},"schema":{"@context":"https:\/\/schema.org","@graph":[{"@type":"WebPage","@id":"https:\/\/www.hap.ie\/ga\/landlords\/tionontacht-agus-readmhaoin\/","url":"https:\/\/www.hap.ie\/ga\/landlords\/tionontacht-agus-readmhaoin\/","name":"Tion\u00f3ntacht agus r\u00e9admhaoin - \u00cdoca\u00edochta C\u00fanaimh Tith\u00edochta","isPartOf":{"@id":"https:\/\/www.hap.ie\/ga\/#website"},"datePublished":"2022-09-30T13:38:10+00:00","dateModified":"2026-03-10T09:54:37+00:00","breadcrumb":{"@id":"https:\/\/www.hap.ie\/ga\/landlords\/tionontacht-agus-readmhaoin\/#breadcrumb"},"inLanguage":"ga-IE","potentialAction":[{"@type":"ReadAction","target":["https:\/\/www.hap.ie\/ga\/landlords\/tionontacht-agus-readmhaoin\/"]}]},{"@type":"BreadcrumbList","@id":"https:\/\/www.hap.ie\/ga\/landlords\/tionontacht-agus-readmhaoin\/#breadcrumb","itemListElement":[{"@type":"ListItem","position":1,"name":"Tiarna\u00ed Tal\u00fan","item":"https:\/\/www.hap.ie\/ga\/landlords\/"},{"@type":"ListItem","position":2,"name":"Tion\u00f3ntacht agus r\u00e9admhaoin"}]},{"@type":"WebSite","@id":"https:\/\/www.hap.ie\/ga\/#website","url":"https:\/\/www.hap.ie\/ga\/","name":"\u00cdoca\u00edochta C\u00fanaimh Tith\u00edochta","description":"","publisher":{"@id":"https:\/\/www.hap.ie\/ga\/#organization"},"potentialAction":[{"@type":"SearchAction","target":{"@type":"EntryPoint","urlTemplate":"https:\/\/www.hap.ie\/ga\/?s={search_term_string}"},"query-input":{"@type":"PropertyValueSpecification","valueRequired":true,"valueName":"search_term_string"}}],"inLanguage":"ga-IE"},{"@type":"Organization","@id":"https:\/\/www.hap.ie\/ga\/#organization","name":"\u00cdoca\u00edochta C\u00fanaimh Tith\u00edochta","url":"https:\/\/www.hap.ie\/ga\/","logo":{"@type":"ImageObject","inLanguage":"ga-IE","@id":"https:\/\/www.hap.ie\/ga\/#\/schema\/logo\/image\/","url":"https:\/\/hap-cdn-prod.s3.eu-west-1.amazonaws.com\/wp-content\/uploads\/2022\/09\/02094307\/hap.png","contentUrl":"https:\/\/hap-cdn-prod.s3.eu-west-1.amazonaws.com\/wp-content\/uploads\/2022\/09\/02094307\/hap.png","width":590,"height":282,"caption":"\u00cdoca\u00edochta C\u00fanaimh Tith\u00edochta"},"image":{"@id":"https:\/\/www.hap.ie\/ga\/#\/schema\/logo\/image\/"}}]}},"spectra_custom_meta":{"_wpml_media_duplicate":["0"],"_wpml_media_featured":["1"],"adv-header-id-meta":[""],"stick-header-meta":[""],"site-post-title":["disabled"],"theme-transparent-header-meta":[""],"_top_nav_excluded":[""],"_cms_nav_minihome":[""],"_last_translation_edit_mode":["translation-editor"],"_wp_page_template":[""],"_cmplz_scanned_post":["1"],"_cmplz_remote_scanned_post":["1"],"ast-main-header-display":[""],"ast-hfb-above-header-display":[""],"ast-hfb-below-header-display":[""],"ast-hfb-mobile-header-display":[""],"footer-sml-layout":[""],"header-main-stick-meta":[""],"header-above-stick-meta":[""],"header-below-stick-meta":[""],"site-sidebar-layout":["default"],"site-content-layout":[""],"ast-featured-img":[""],"ast-breadcrumbs-content":[""],"ast-banner-title-visibility":[""],"ast-global-header-display":[""],"ast-site-content-layout":["default"],"site-content-style":["default"],"site-sidebar-style":["default"],"_wpml_word_count":["259"],"_uag_page_assets":["a:9:{s:3:\"css\";s:0:\"\";s:2:\"js\";s:0:\"\";s:18:\"current_block_list\";a:8:{i:0;s:12:\"core\/heading\";i:1;s:14:\"core\/paragraph\";i:2;s:12:\"core\/columns\";i:3;s:11:\"core\/column\";i:4;s:9:\"core\/html\";i:5;s:10:\"core\/group\";i:10;s:10:\"core\/image\";i:11;s:28:\"tiptip\/hyperlink-group-block\";}s:8:\"uag_flag\";b:0;s:11:\"uag_version\";s:10:\"1776558288\";s:6:\"gfonts\";a:0:{}s:10:\"gfonts_url\";s:0:\"\";s:12:\"gfonts_files\";a:0:{}s:14:\"uag_faq_layout\";b:0;}"]},"uagb_featured_image_src":{"full":false,"thumbnail":false,"medium":false,"medium_large":false,"large":false,"1536x1536":false,"2048x2048":false},"uagb_author_info":{"display_name":"BobbyJo","author_link":"https:\/\/www.hap.ie\/ga\/author\/bobbyjo\/"},"uagb_comment_info":0,"uagb_excerpt":"Tion\u00f3ntacht agus r\u00e9admhaoin T\u00e1 gaol an \u2018tiarna tal\u00fan agus an tion\u00f3nta\u2019 idir t\u00fa f\u00e9in agus do thion\u00f3nta ICT. Beidh an tion\u00f3ntacht rialaithe ag t\u00e9arma\u00ed an tAcht Thion\u00f3ntachta\u00ed C\u00f3naithe 2004 (arna leas\u00fa). Cialla\u00edonn s\u00e9 seo go bhfuil an tion\u00f3nta \u00cdCT do thion\u00f3nta agus n\u00ed tion\u00f3nta an t-\u00fadar\u00e1s \u00e1iti\u00fail \u00e9. Cialla\u00edonn s\u00e9 freisin go gcaithfidh t\u00fa an&hellip;","_links":{"self":[{"href":"https:\/\/www.hap.ie\/ga\/wp-json\/wp\/v2\/pages\/604","targetHints":{"allow":["GET"]}}],"collection":[{"href":"https:\/\/www.hap.ie\/ga\/wp-json\/wp\/v2\/pages"}],"about":[{"href":"https:\/\/www.hap.ie\/ga\/wp-json\/wp\/v2\/types\/page"}],"author":[{"embeddable":true,"href":"https:\/\/www.hap.ie\/ga\/wp-json\/wp\/v2\/users\/1"}],"replies":[{"embeddable":true,"href":"https:\/\/www.hap.ie\/ga\/wp-json\/wp\/v2\/comments?post=604"}],"version-history":[{"count":4,"href":"https:\/\/www.hap.ie\/ga\/wp-json\/wp\/v2\/pages\/604\/revisions"}],"predecessor-version":[{"id":1496,"href":"https:\/\/www.hap.ie\/ga\/wp-json\/wp\/v2\/pages\/604\/revisions\/1496"}],"up":[{"embeddable":true,"href":"https:\/\/www.hap.ie\/ga\/wp-json\/wp\/v2\/pages\/594"}],"wp:attachment":[{"href":"https:\/\/www.hap.ie\/ga\/wp-json\/wp\/v2\/media?parent=604"}],"curies":[{"name":"wp","href":"https:\/\/api.w.org\/{rel}","templated":true}]}}