{"id":598,"date":"2022-09-30T13:36:15","date_gmt":"2022-09-30T13:36:15","guid":{"rendered":"https:\/\/www.hap.ie\/landlords\/tiarnai-talun-gniomhairi-cen-fath-ict\/"},"modified":"2022-11-14T14:40:53","modified_gmt":"2022-11-14T14:40:53","slug":"tiarnai-talun-gniomhairi-cen-fath-ict","status":"publish","type":"page","link":"https:\/\/www.hap.ie\/ga\/landlords\/tiarnai-talun-gniomhairi-cen-fath-ict\/","title":{"rendered":"Bunt\u00e1ist\u00ed na h\u00cdoca\u00edochta C\u00fanaimh Tith\u00edochta do thiarna\u00ed tal\u00fan agus gn\u00edomhair\u00ed"},"content":{"rendered":"\n<h1 class=\"landlords wp-block-heading\"><strong>Bunt\u00e1ist\u00ed na h\u00cdoca\u00edochta C\u00fanaimh Tith\u00edochta do thiarna\u00ed tal\u00fan agus gn\u00edomhair\u00ed<\/strong><\/h1>\n\n<p>Is \u00e9ard at\u00e1 sa sc\u00e9im \u00cdoca\u00edocht C\u00fanaimh Tith\u00edochta (\u00cdCT) n\u00e1 taca\u00edocht tith\u00edochta s\u00f3isialta arna cur ar f\u00e1il ag an \u00fadar\u00e1s \u00e1iti\u00fail a oibr\u00edonn ar mhaithe le tiarna\u00ed tal\u00fan, gn\u00edomhair\u00ed agus tion\u00f3nta\u00ed araon.<\/p>\n\n<p>Sol\u00e1thra\u00edonn \u00cdCT c\u00fanamh tith\u00edochta do theaghlaigh a ch\u00e1il\u00edonn do thaca\u00edocht tith\u00edochta s\u00f3isialta, agus do go leor daoine a bhfuil Forl\u00edonadh C\u00edosa \u00e1 fh\u00e1il acu ar feadh tr\u00e9imhse fada.<\/p>\n\n<p>\u00c1ir\u00edtear na bunt\u00e1ist\u00ed seo a leanas leis na bunt\u00e1ist\u00ed do thiarna\u00ed tal\u00fan agus gn\u00edomhair\u00ed:<\/p>\n\n<ul class=\"wp-block-list\">\n<li>\u00edoctar tiarna\u00ed tal\u00fan \u00cdCT gach m\u00ed ag \u00dadar\u00e1is \u00c1iti\u00fala ar son an tion\u00f3nta<\/li>\n\n\n\n<li>n\u00edl baili\u00fa c\u00edosa riachtanach, d\u00e9antar gach \u00edoca\u00edocht go leictreonach<\/li>\n\n\n\n<li>d\u00e9antar gach \u00edoca\u00edocht \u00cdCT in ainneoin aon athruithe ar ioncam an tion\u00f3nta<\/li>\n\n\n\n<li>n\u00ed dh\u00e9antar aon chigireachta\u00ed caighde\u00e1in ar r\u00e9admhaoin phr\u00edobh\u00e1ideach ar c\u00edos n\u00e1 seice\u00e1lacha ar chomhl\u00edonadh c\u00e1nach roimh r\u00e9 (is f\u00e9idir an d\u00e1 rud sin a dh\u00e9anamh tar \u00e9is an tion\u00f3ntacht agus na h\u00edoca\u00edochta\u00ed c\u00edosanna a thos\u00fa, m\u00e1s g\u00e1)<\/li>\n<\/ul>\n\n<p>Ceangla\u00edtear ar thion\u00f3nta\u00ed \u00cdCT rann\u00edoca\u00edocht c\u00edosa sheachtaini\u00fail a \u00edoc go d\u00edreach lena n-\u00fadar\u00e1s \u00e1iti\u00fail. Is f\u00e9idir le h\u00fadar\u00e1s \u00e1iti\u00fala fuaidrigh n\u00f3 stop a chuir le h\u00edoca\u00edochta\u00ed faoi dheireadh le haghaidh neamh\u00edoc an ch\u00edosa ag an tion\u00f3nta. Mar sin, ta riosca \u00edseal maidir le neamh\u00edoc a tharla. Oibr\u00edonn an fhoireann ICT go dl\u00fath le tion\u00f3nta\u00ed chun cinnti\u00fato go n-\u00edocann siad a gc\u00edos in am.<\/p>\n\n<div class=\"wp-block-columns is-layout-flex wp-container-core-columns-is-layout-28f84493 wp-block-columns-is-layout-flex\" id=\"pagination\">\n<div class=\"wp-block-column is-layout-flow wp-block-column-is-layout-flow\" style=\"flex-basis:200px\"><\/div>\n\n\n\n<div class=\"wp-block-column is-layout-flow wp-block-column-is-layout-flow\"><\/div>\n\n\n\n<div class=\"wp-block-column is-layout-flow wp-block-column-is-layout-flow\" style=\"flex-basis:200px\">\n<div class=\"wp-block-button\"><a class=\"wp-block-button__link has-ast-global-color-5-color has-text-color has-background float-right\" style=\"background-color:#b64a99\" aria-label=\"Next Page: Becoming a HAP Landlord\" href=\"https:\/\/www.hap.ie\/ga\/landlords\/ag-iarraidh-a-bheith-i-do-thiarna-talun\/\">An Ch\u00e9ad Leathanach Eile<\/a><\/div>\n<\/div>\n<\/div>\n","protected":false},"excerpt":{"rendered":"<p>Bunt\u00e1ist\u00ed na h\u00cdoca\u00edochta C\u00fanaimh Tith\u00edochta do thiarna\u00ed tal\u00fan agus gn\u00edomhair\u00ed Is \u00e9ard at\u00e1 sa sc\u00e9im \u00cdoca\u00edocht C\u00fanaimh Tith\u00edochta (\u00cdCT) n\u00e1 taca\u00edocht tith\u00edochta s\u00f3isialta arna cur ar f\u00e1il ag an \u00fadar\u00e1s \u00e1iti\u00fail a oibr\u00edonn ar mhaithe le tiarna\u00ed tal\u00fan, gn\u00edomhair\u00ed agus tion\u00f3nta\u00ed araon. Sol\u00e1thra\u00edonn \u00cdCT c\u00fanamh tith\u00edochta do theaghlaigh a ch\u00e1il\u00edonn do thaca\u00edocht tith\u00edochta s\u00f3isialta, agus [&hellip;]<\/p>\n","protected":false},"author":1,"featured_media":0,"parent":594,"menu_order":0,"comment_status":"closed","ping_status":"closed","template":"","meta":{"_uag_custom_page_level_css":"","site-sidebar-layout":"default","site-content-layout":"","ast-site-content-layout":"default","site-content-style":"default","site-sidebar-style":"default","ast-global-header-display":"","ast-banner-title-visibility":"","ast-main-header-display":"","ast-hfb-above-header-display":"","ast-hfb-below-header-display":"","ast-hfb-mobile-header-display":"","site-post-title":"disabled","ast-breadcrumbs-content":"","ast-featured-img":"","footer-sml-layout":"","ast-disable-related-posts":"","theme-transparent-header-meta":"","adv-header-id-meta":"","stick-header-meta":"","header-above-stick-meta":"","header-main-stick-meta":"","header-below-stick-meta":"","astra-migrate-meta-layouts":"default","ast-page-background-enabled":"default","ast-page-background-meta":{"desktop":{"background-color":"var(--ast-global-color-4)","background-image":"","background-repeat":"repeat","background-position":"center center","background-size":"auto","background-attachment":"scroll","background-type":"","background-media":"","overlay-type":"","overlay-color":"","overlay-opacity":"","overlay-gradient":""},"tablet":{"background-color":"","background-image":"","background-repeat":"repeat","background-position":"center center","background-size":"auto","background-attachment":"scroll","background-type":"","background-media":"","overlay-type":"","overlay-color":"","overlay-opacity":"","overlay-gradient":""},"mobile":{"background-color":"","background-image":"","background-repeat":"repeat","background-position":"center center","background-size":"auto","background-attachment":"scroll","background-type":"","background-media":"","overlay-type":"","overlay-color":"","overlay-opacity":"","overlay-gradient":""}},"ast-content-background-meta":{"desktop":{"background-color":"var(--ast-global-color-5)","background-image":"","background-repeat":"repeat","background-position":"center center","background-size":"auto","background-attachment":"scroll","background-type":"","background-media":"","overlay-type":"","overlay-color":"","overlay-opacity":"","overlay-gradient":""},"tablet":{"background-color":"var(--ast-global-color-5)","background-image":"","background-repeat":"repeat","background-position":"center center","background-size":"auto","background-attachment":"scroll","background-type":"","background-media":"","overlay-type":"","overlay-color":"","overlay-opacity":"","overlay-gradient":""},"mobile":{"background-color":"var(--ast-global-color-5)","background-image":"","background-repeat":"repeat","background-position":"center center","background-size":"auto","background-attachment":"scroll","background-type":"","background-media":"","overlay-type":"","overlay-color":"","overlay-opacity":"","overlay-gradient":""}},"footnotes":""},"class_list":["post-598","page","type-page","status-publish","hentry"],"yoast_head":"<!-- This site is optimized with the Yoast SEO plugin v27.1.1 - https:\/\/yoast.com\/product\/yoast-seo-wordpress\/ -->\n<title>Bunt\u00e1ist\u00ed na h\u00cdoca\u00edochta C\u00fanaimh Tith\u00edochta do thiarna\u00ed tal\u00fan agus gn\u00edomhair\u00ed - \u00cdoca\u00edochta C\u00fanaimh Tith\u00edochta<\/title>\n<meta name=\"robots\" content=\"index, follow, max-snippet:-1, max-image-preview:large, max-video-preview:-1\" \/>\n<link rel=\"canonical\" href=\"https:\/\/www.hap.ie\/ga\/landlords\/tiarnai-talun-gniomhairi-cen-fath-ict\/\" \/>\n<meta property=\"og:locale\" content=\"ga_IE\" \/>\n<meta property=\"og:type\" content=\"article\" \/>\n<meta property=\"og:title\" content=\"Bunt\u00e1ist\u00ed na h\u00cdoca\u00edochta C\u00fanaimh Tith\u00edochta do thiarna\u00ed tal\u00fan agus gn\u00edomhair\u00ed - \u00cdoca\u00edochta C\u00fanaimh Tith\u00edochta\" \/>\n<meta property=\"og:description\" content=\"Bunt\u00e1ist\u00ed na h\u00cdoca\u00edochta C\u00fanaimh Tith\u00edochta do thiarna\u00ed tal\u00fan agus gn\u00edomhair\u00ed Is \u00e9ard at\u00e1 sa sc\u00e9im \u00cdoca\u00edocht C\u00fanaimh Tith\u00edochta (\u00cdCT) n\u00e1 taca\u00edocht tith\u00edochta s\u00f3isialta arna cur ar f\u00e1il ag an \u00fadar\u00e1s \u00e1iti\u00fail a oibr\u00edonn ar mhaithe le tiarna\u00ed tal\u00fan, gn\u00edomhair\u00ed agus tion\u00f3nta\u00ed araon. Sol\u00e1thra\u00edonn \u00cdCT c\u00fanamh tith\u00edochta do theaghlaigh a ch\u00e1il\u00edonn do thaca\u00edocht tith\u00edochta s\u00f3isialta, agus [&hellip;]\" \/>\n<meta property=\"og:url\" content=\"https:\/\/www.hap.ie\/ga\/landlords\/tiarnai-talun-gniomhairi-cen-fath-ict\/\" \/>\n<meta property=\"og:site_name\" content=\"\u00cdoca\u00edochta C\u00fanaimh Tith\u00edochta\" \/>\n<meta property=\"article:modified_time\" content=\"2022-11-14T14:40:53+00:00\" \/>\n<meta name=\"twitter:card\" content=\"summary_large_image\" \/>\n<meta name=\"twitter:label1\" content=\"Est. reading time\" \/>\n\t<meta name=\"twitter:data1\" content=\"2 minutes\" \/>\n<script type=\"application\/ld+json\" class=\"yoast-schema-graph\">{\"@context\":\"https:\/\/schema.org\",\"@graph\":[{\"@type\":\"WebPage\",\"@id\":\"https:\/\/www.hap.ie\/ga\/landlords\/tiarnai-talun-gniomhairi-cen-fath-ict\/\",\"url\":\"https:\/\/www.hap.ie\/ga\/landlords\/tiarnai-talun-gniomhairi-cen-fath-ict\/\",\"name\":\"Bunt\u00e1ist\u00ed na h\u00cdoca\u00edochta C\u00fanaimh Tith\u00edochta do thiarna\u00ed tal\u00fan agus gn\u00edomhair\u00ed - \u00cdoca\u00edochta C\u00fanaimh Tith\u00edochta\",\"isPartOf\":{\"@id\":\"https:\/\/www.hap.ie\/ga\/#website\"},\"datePublished\":\"2022-09-30T13:36:15+00:00\",\"dateModified\":\"2022-11-14T14:40:53+00:00\",\"breadcrumb\":{\"@id\":\"https:\/\/www.hap.ie\/ga\/landlords\/tiarnai-talun-gniomhairi-cen-fath-ict\/#breadcrumb\"},\"inLanguage\":\"ga-IE\",\"potentialAction\":[{\"@type\":\"ReadAction\",\"target\":[\"https:\/\/www.hap.ie\/ga\/landlords\/tiarnai-talun-gniomhairi-cen-fath-ict\/\"]}]},{\"@type\":\"BreadcrumbList\",\"@id\":\"https:\/\/www.hap.ie\/ga\/landlords\/tiarnai-talun-gniomhairi-cen-fath-ict\/#breadcrumb\",\"itemListElement\":[{\"@type\":\"ListItem\",\"position\":1,\"name\":\"Tiarna\u00ed Tal\u00fan\",\"item\":\"https:\/\/www.hap.ie\/ga\/landlords\/\"},{\"@type\":\"ListItem\",\"position\":2,\"name\":\"Bunt\u00e1ist\u00ed na h\u00cdoca\u00edochta C\u00fanaimh Tith\u00edochta do thiarna\u00ed tal\u00fan agus gn\u00edomhair\u00ed\"}]},{\"@type\":\"WebSite\",\"@id\":\"https:\/\/www.hap.ie\/ga\/#website\",\"url\":\"https:\/\/www.hap.ie\/ga\/\",\"name\":\"\u00cdoca\u00edochta C\u00fanaimh Tith\u00edochta\",\"description\":\"\",\"publisher\":{\"@id\":\"https:\/\/www.hap.ie\/ga\/#organization\"},\"potentialAction\":[{\"@type\":\"SearchAction\",\"target\":{\"@type\":\"EntryPoint\",\"urlTemplate\":\"https:\/\/www.hap.ie\/ga\/?s={search_term_string}\"},\"query-input\":{\"@type\":\"PropertyValueSpecification\",\"valueRequired\":true,\"valueName\":\"search_term_string\"}}],\"inLanguage\":\"ga-IE\"},{\"@type\":\"Organization\",\"@id\":\"https:\/\/www.hap.ie\/ga\/#organization\",\"name\":\"\u00cdoca\u00edochta C\u00fanaimh Tith\u00edochta\",\"url\":\"https:\/\/www.hap.ie\/ga\/\",\"logo\":{\"@type\":\"ImageObject\",\"inLanguage\":\"ga-IE\",\"@id\":\"https:\/\/www.hap.ie\/ga\/#\/schema\/logo\/image\/\",\"url\":\"https:\/\/hap-cdn-prod.s3.eu-west-1.amazonaws.com\/wp-content\/uploads\/2022\/09\/02094307\/hap.png\",\"contentUrl\":\"https:\/\/hap-cdn-prod.s3.eu-west-1.amazonaws.com\/wp-content\/uploads\/2022\/09\/02094307\/hap.png\",\"width\":590,\"height\":282,\"caption\":\"\u00cdoca\u00edochta C\u00fanaimh Tith\u00edochta\"},\"image\":{\"@id\":\"https:\/\/www.hap.ie\/ga\/#\/schema\/logo\/image\/\"}}]}<\/script>\n<!-- \/ Yoast SEO plugin. -->","yoast_head_json":{"title":"Bunt\u00e1ist\u00ed na h\u00cdoca\u00edochta C\u00fanaimh Tith\u00edochta do thiarna\u00ed tal\u00fan agus gn\u00edomhair\u00ed - \u00cdoca\u00edochta C\u00fanaimh Tith\u00edochta","robots":{"index":"index","follow":"follow","max-snippet":"max-snippet:-1","max-image-preview":"max-image-preview:large","max-video-preview":"max-video-preview:-1"},"canonical":"https:\/\/www.hap.ie\/ga\/landlords\/tiarnai-talun-gniomhairi-cen-fath-ict\/","og_locale":"ga_IE","og_type":"article","og_title":"Bunt\u00e1ist\u00ed na h\u00cdoca\u00edochta C\u00fanaimh Tith\u00edochta do thiarna\u00ed tal\u00fan agus gn\u00edomhair\u00ed - \u00cdoca\u00edochta C\u00fanaimh Tith\u00edochta","og_description":"Bunt\u00e1ist\u00ed na h\u00cdoca\u00edochta C\u00fanaimh Tith\u00edochta do thiarna\u00ed tal\u00fan agus gn\u00edomhair\u00ed Is \u00e9ard at\u00e1 sa sc\u00e9im \u00cdoca\u00edocht C\u00fanaimh Tith\u00edochta (\u00cdCT) n\u00e1 taca\u00edocht tith\u00edochta s\u00f3isialta arna cur ar f\u00e1il ag an \u00fadar\u00e1s \u00e1iti\u00fail a oibr\u00edonn ar mhaithe le tiarna\u00ed tal\u00fan, gn\u00edomhair\u00ed agus tion\u00f3nta\u00ed araon. Sol\u00e1thra\u00edonn \u00cdCT c\u00fanamh tith\u00edochta do theaghlaigh a ch\u00e1il\u00edonn do thaca\u00edocht tith\u00edochta s\u00f3isialta, agus [&hellip;]","og_url":"https:\/\/www.hap.ie\/ga\/landlords\/tiarnai-talun-gniomhairi-cen-fath-ict\/","og_site_name":"\u00cdoca\u00edochta C\u00fanaimh Tith\u00edochta","article_modified_time":"2022-11-14T14:40:53+00:00","twitter_card":"summary_large_image","twitter_misc":{"Est. reading time":"2 minutes"},"schema":{"@context":"https:\/\/schema.org","@graph":[{"@type":"WebPage","@id":"https:\/\/www.hap.ie\/ga\/landlords\/tiarnai-talun-gniomhairi-cen-fath-ict\/","url":"https:\/\/www.hap.ie\/ga\/landlords\/tiarnai-talun-gniomhairi-cen-fath-ict\/","name":"Bunt\u00e1ist\u00ed na h\u00cdoca\u00edochta C\u00fanaimh Tith\u00edochta do thiarna\u00ed tal\u00fan agus gn\u00edomhair\u00ed - \u00cdoca\u00edochta C\u00fanaimh Tith\u00edochta","isPartOf":{"@id":"https:\/\/www.hap.ie\/ga\/#website"},"datePublished":"2022-09-30T13:36:15+00:00","dateModified":"2022-11-14T14:40:53+00:00","breadcrumb":{"@id":"https:\/\/www.hap.ie\/ga\/landlords\/tiarnai-talun-gniomhairi-cen-fath-ict\/#breadcrumb"},"inLanguage":"ga-IE","potentialAction":[{"@type":"ReadAction","target":["https:\/\/www.hap.ie\/ga\/landlords\/tiarnai-talun-gniomhairi-cen-fath-ict\/"]}]},{"@type":"BreadcrumbList","@id":"https:\/\/www.hap.ie\/ga\/landlords\/tiarnai-talun-gniomhairi-cen-fath-ict\/#breadcrumb","itemListElement":[{"@type":"ListItem","position":1,"name":"Tiarna\u00ed Tal\u00fan","item":"https:\/\/www.hap.ie\/ga\/landlords\/"},{"@type":"ListItem","position":2,"name":"Bunt\u00e1ist\u00ed na h\u00cdoca\u00edochta C\u00fanaimh Tith\u00edochta do thiarna\u00ed tal\u00fan agus gn\u00edomhair\u00ed"}]},{"@type":"WebSite","@id":"https:\/\/www.hap.ie\/ga\/#website","url":"https:\/\/www.hap.ie\/ga\/","name":"\u00cdoca\u00edochta C\u00fanaimh Tith\u00edochta","description":"","publisher":{"@id":"https:\/\/www.hap.ie\/ga\/#organization"},"potentialAction":[{"@type":"SearchAction","target":{"@type":"EntryPoint","urlTemplate":"https:\/\/www.hap.ie\/ga\/?s={search_term_string}"},"query-input":{"@type":"PropertyValueSpecification","valueRequired":true,"valueName":"search_term_string"}}],"inLanguage":"ga-IE"},{"@type":"Organization","@id":"https:\/\/www.hap.ie\/ga\/#organization","name":"\u00cdoca\u00edochta C\u00fanaimh Tith\u00edochta","url":"https:\/\/www.hap.ie\/ga\/","logo":{"@type":"ImageObject","inLanguage":"ga-IE","@id":"https:\/\/www.hap.ie\/ga\/#\/schema\/logo\/image\/","url":"https:\/\/hap-cdn-prod.s3.eu-west-1.amazonaws.com\/wp-content\/uploads\/2022\/09\/02094307\/hap.png","contentUrl":"https:\/\/hap-cdn-prod.s3.eu-west-1.amazonaws.com\/wp-content\/uploads\/2022\/09\/02094307\/hap.png","width":590,"height":282,"caption":"\u00cdoca\u00edochta C\u00fanaimh Tith\u00edochta"},"image":{"@id":"https:\/\/www.hap.ie\/ga\/#\/schema\/logo\/image\/"}}]}},"spectra_custom_meta":{"_wpml_media_duplicate":["0"],"_wpml_media_featured":["1"],"adv-header-id-meta":[""],"stick-header-meta":[""],"site-post-title":["disabled"],"theme-transparent-header-meta":[""],"_top_nav_excluded":[""],"_cms_nav_minihome":[""],"_last_translation_edit_mode":["translation-editor"],"_wp_page_template":[""],"_cmplz_scanned_post":["1"],"_uag_page_assets":["a:9:{s:3:\"css\";s:0:\"\";s:2:\"js\";s:0:\"\";s:18:\"current_block_list\";a:10:{i:0;s:12:\"core\/heading\";i:1;s:14:\"core\/paragraph\";i:2;s:9:\"core\/list\";i:3;s:14:\"core\/list-item\";i:4;s:12:\"core\/columns\";i:5;s:11:\"core\/column\";i:6;s:9:\"core\/html\";i:7;s:10:\"core\/group\";i:12;s:10:\"core\/image\";i:13;s:28:\"tiptip\/hyperlink-group-block\";}s:8:\"uag_flag\";b:0;s:11:\"uag_version\";s:10:\"1776558288\";s:6:\"gfonts\";a:0:{}s:10:\"gfonts_url\";s:0:\"\";s:12:\"gfonts_files\";a:0:{}s:14:\"uag_faq_layout\";b:0;}"]},"uagb_featured_image_src":{"full":false,"thumbnail":false,"medium":false,"medium_large":false,"large":false,"1536x1536":false,"2048x2048":false},"uagb_author_info":{"display_name":"BobbyJo","author_link":"https:\/\/www.hap.ie\/ga\/author\/bobbyjo\/"},"uagb_comment_info":0,"uagb_excerpt":"Bunt\u00e1ist\u00ed na h\u00cdoca\u00edochta C\u00fanaimh Tith\u00edochta do thiarna\u00ed tal\u00fan agus gn\u00edomhair\u00ed Is \u00e9ard at\u00e1 sa sc\u00e9im \u00cdoca\u00edocht C\u00fanaimh Tith\u00edochta (\u00cdCT) n\u00e1 taca\u00edocht tith\u00edochta s\u00f3isialta arna cur ar f\u00e1il ag an \u00fadar\u00e1s \u00e1iti\u00fail a oibr\u00edonn ar mhaithe le tiarna\u00ed tal\u00fan, gn\u00edomhair\u00ed agus tion\u00f3nta\u00ed araon. Sol\u00e1thra\u00edonn \u00cdCT c\u00fanamh tith\u00edochta do theaghlaigh a ch\u00e1il\u00edonn do thaca\u00edocht tith\u00edochta s\u00f3isialta, agus&hellip;","_links":{"self":[{"href":"https:\/\/www.hap.ie\/ga\/wp-json\/wp\/v2\/pages\/598","targetHints":{"allow":["GET"]}}],"collection":[{"href":"https:\/\/www.hap.ie\/ga\/wp-json\/wp\/v2\/pages"}],"about":[{"href":"https:\/\/www.hap.ie\/ga\/wp-json\/wp\/v2\/types\/page"}],"author":[{"embeddable":true,"href":"https:\/\/www.hap.ie\/ga\/wp-json\/wp\/v2\/users\/1"}],"replies":[{"embeddable":true,"href":"https:\/\/www.hap.ie\/ga\/wp-json\/wp\/v2\/comments?post=598"}],"version-history":[{"count":5,"href":"https:\/\/www.hap.ie\/ga\/wp-json\/wp\/v2\/pages\/598\/revisions"}],"predecessor-version":[{"id":921,"href":"https:\/\/www.hap.ie\/ga\/wp-json\/wp\/v2\/pages\/598\/revisions\/921"}],"up":[{"embeddable":true,"href":"https:\/\/www.hap.ie\/ga\/wp-json\/wp\/v2\/pages\/594"}],"wp:attachment":[{"href":"https:\/\/www.hap.ie\/ga\/wp-json\/wp\/v2\/media?parent=598"}],"curies":[{"name":"wp","href":"https:\/\/api.w.org\/{rel}","templated":true}]}}