{"id":588,"date":"2022-09-30T13:33:21","date_gmt":"2022-09-30T13:33:21","guid":{"rendered":"https:\/\/www.hap.ie\/tenants\/ag-ioc-as-do-ranniocaiochtai-ciosanna-seachtainiula\/"},"modified":"2024-10-31T15:41:53","modified_gmt":"2024-10-31T15:41:53","slug":"ag-ioc-as-do-ranniocaiochtai-ciosanna-seachtainiula","status":"publish","type":"page","link":"https:\/\/www.hap.ie\/ga\/tenants\/ag-ioc-as-do-ranniocaiochtai-ciosanna-seachtainiula\/","title":{"rendered":"Conas do rann\u00edoca\u00edocht c\u00edosa sheachtaini\u00fail a \u00edoc"},"content":{"rendered":"\n<h1 class=\"wp-block-heading tenants\"><strong>Conas do rann\u00edoca\u00edocht c\u00edosa sheachtaini\u00fail a \u00edoc<\/strong><\/h1>\n\n<p>Is f\u00e9idir do rann\u00edoca\u00edocht c\u00edosa sheachtaini\u00fail a \u00edoc mar seo a leanas:<\/p>\n\n<ul class=\"wp-block-list\">\n<li>An Post (Asbhaint Buis\u00e9ad Teaghlaigh)<\/li>\n\n\n\n<li>Buanord\u00fa Bainc <a href=\"\/wp-content\/uploads\/2022\/10\/20210215-Template-SD05-HAP-SSC-Standing-Order-Updated-03_02_2022.docx\">(\u00das\u00e1id an Foirm Bhuanord\u00fa seo le do thoil)<\/a><\/li>\n<\/ul>\n\n<p>Mura n-asbhaintear do ch\u00edos go huathoibr\u00edoch, bain \u00fas\u00e1id as ceann de na modhanna seo a leanas:<\/p>\n\n<ul class=\"wp-block-list\">\n<li>\u00cdosl\u00f3d\u00e1il an Aip HAP (<strong><a href=\"https:\/\/hap-cdn-prod.s3.eu-west-1.amazonaws.com\/wp-content\/uploads\/2024\/06\/14115510\/2024HAPAppHowtoGuide.pdf\" target=\"_blank\" rel=\"noreferrer noopener\">F\u00e9ach \u00e1r dTreoir Conas \u00e9 a Dh\u00e9anamh anseo<\/a><\/strong>) chun \u00edoca\u00edocht a dh\u00e9anamh, f\u00e9achaint ar do chuntas agus r\u00e1iteas a \u00edosl\u00f3d\u00e1il (<strong>Faighteoir HAP agus pascal ag teast\u00e1il<\/strong>)<\/li>\n\n\n\n<li>Ar l\u00edne ag baint <a href=\"https:\/\/happayments.limerick.ie\/\">\u00fas\u00e1id as an tairseach \u00cdoca\u00edochta\u00ed C\u00fanaimh Tith\u00edochta<\/a> (<strong>aitheantas agus pasfhocal d\u2019Fhaighteoir \u00cdCT ag teast\u00e1il<\/strong>)<\/li>\n\n\n\n<li>Tr\u00ed ghlaoch a chur ar 061-556600 (<strong>aitheantas agus pasfhocal d\u2019Fhaighteoir \u00cdCT ag teast\u00e1il<\/strong>)<\/li>\n\n\n\n<li>C\u00e1rta \u00cdoc Bille \u00cdCT (<strong>eisithe laistigh de 10 l\u00e1 \u00f3n l\u00e1 tosaithe<\/strong>) in aon Oifig an Phoist n\u00f3 in aon siopa ina dtaispe\u00e1ntar an comhartha PostPoint <img decoding=\"async\" src=\"\/wp-content\/uploads\/2022\/10\/Postpoint-logo__70x15.jpg\" alt=\"PointePhost\"\/> chun do ch\u00edos sheachtaini\u00fail a \u00edoc<\/li>\n<\/ul>\n\n<p>Tabhair faoi deara gur f\u00e9idir leat do r\u00e1iteas cuntais \u00cdCT f\u00e9in a ghini\u00faint agus a \u00edosl\u00f3d\u00e1il ar l\u00edne ag <a href=\"https:\/\/eur04.safelinks.protection.outlook.com\/?url=https%3A%2F%2Fhappayments.limerick.ie%2F&amp;data=05%7C01%7Cchristina.mcginn%40limerick.ie%7C1dcc124b0dda41cc4c2208da5e9d10aa%7C1e1a5d0dc1d74802a64986e3a852284b%7C0%7C0%7C637926325925319999%7CUnknown%7CTWFpbGZsb3d8eyJWIjoiMC4wLjAwMDAiLCJQIjoiV2luMzIiLCJBTiI6Ik1haWwiLCJXVCI6Mn0%3D%7C3000%7C%7C%7C&amp;sdata=AFvuYjqyxRzxez5TYtur7gCsgcAdVp%2BBJnD%2BpHvLr58%3D&amp;reserved=0\">https:\/\/happayments.limerick.ie<\/a>. Is f\u00e9idir an \u00e1is ghr\u00e9as\u00e1in seo a \u00fas\u00e1id freisin chun riar\u00e1ist\u00ed a ghlanadh n\u00f3 chun do ch\u00edos sheachtaini\u00fail \u00cdCT a \u00edoc ar l\u00edne, m\u00e1s g\u00e1.<\/p>\n\n<p><strong>Tusa at\u00e1 freagrach as a chinnti\u00fa go bhfuil an rann\u00edoca\u00edocht c\u00edosa sheachtaini\u00fail ceart.<\/strong><strong><\/strong><\/p>\n\n<p><strong>Roimh<\/strong> <strong>\u00edoca\u00edocht a dh\u00e9anamh tr\u00ed mhodh \u00edoca\u00edochta eile, le do thoil d\u00e9an cinnte nach raibh do ch\u00edos bainte go huathoibr\u00edoch \u00f3 do bhainc n\u00f3 oifig an phoist.<\/strong><\/p>\n\n<div class=\"wp-block-columns is-layout-flex wp-container-core-columns-is-layout-28f84493 wp-block-columns-is-layout-flex\" id=\"pagination\">\n<div class=\"wp-block-column is-layout-flow wp-block-column-is-layout-flow\" style=\"flex-basis:200px\">\n<div class=\"wp-block-button\"><a class=\"wp-block-button__link has-ast-global-color-5-color has-text-color has-background\" style=\"background-color:#68308c\" aria-label=\"Previous Page: Transferring from Rent Supplement\" href=\"https:\/\/www.hap.ie\/ga\/tenants\/ag-aistriu-on-bhforlionadh\/\">An Leathanach Roimhe Seo<\/a><\/div>\n<\/div>\n\n\n\n<div class=\"wp-block-column is-layout-flow wp-block-column-is-layout-flow\"><\/div>\n\n\n\n<div class=\"wp-block-column is-layout-flow wp-block-column-is-layout-flow\" style=\"flex-basis:200px\">\n<div class=\"wp-block-button\"><a class=\"wp-block-button__link has-ast-global-color-5-color has-text-color has-background float-right\" style=\"background-color:#68308c\" aria-label=\"Next Page: HAP Terms and Conditions\" href=\"https:\/\/www.hap.ie\/ga\/tenants\/conas-iarratas-a-dheanamh-ar-aisiocaiocht-ciosa-ro-ioctha-le-dudaras-aitiuil\/\">An Ch\u00e9ad Leathanach Eile<\/a><\/div>\n<\/div>\n<\/div>\n","protected":false},"excerpt":{"rendered":"<p>Conas do rann\u00edoca\u00edocht c\u00edosa sheachtaini\u00fail a \u00edoc Is f\u00e9idir do rann\u00edoca\u00edocht c\u00edosa sheachtaini\u00fail a \u00edoc mar seo a leanas: Mura n-asbhaintear do ch\u00edos go huathoibr\u00edoch, bain \u00fas\u00e1id as ceann de na modhanna seo a leanas: Tabhair faoi deara gur f\u00e9idir leat do r\u00e1iteas cuntais \u00cdCT f\u00e9in a ghini\u00faint agus a \u00edosl\u00f3d\u00e1il ar l\u00edne ag https:\/\/happayments.limerick.ie. [&hellip;]<\/p>\n","protected":false},"author":1,"featured_media":0,"parent":564,"menu_order":0,"comment_status":"closed","ping_status":"closed","template":"","meta":{"_uag_custom_page_level_css":"","site-sidebar-layout":"default","site-content-layout":"","ast-site-content-layout":"default","site-content-style":"default","site-sidebar-style":"default","ast-global-header-display":"","ast-banner-title-visibility":"","ast-main-header-display":"","ast-hfb-above-header-display":"","ast-hfb-below-header-display":"","ast-hfb-mobile-header-display":"","site-post-title":"disabled","ast-breadcrumbs-content":"","ast-featured-img":"","footer-sml-layout":"","ast-disable-related-posts":"","theme-transparent-header-meta":"","adv-header-id-meta":"","stick-header-meta":"","header-above-stick-meta":"","header-main-stick-meta":"","header-below-stick-meta":"","astra-migrate-meta-layouts":"default","ast-page-background-enabled":"default","ast-page-background-meta":{"desktop":{"background-color":"var(--ast-global-color-4)","background-image":"","background-repeat":"repeat","background-position":"center center","background-size":"auto","background-attachment":"scroll","background-type":"","background-media":"","overlay-type":"","overlay-color":"","overlay-opacity":"","overlay-gradient":""},"tablet":{"background-color":"","background-image":"","background-repeat":"repeat","background-position":"center center","background-size":"auto","background-attachment":"scroll","background-type":"","background-media":"","overlay-type":"","overlay-color":"","overlay-opacity":"","overlay-gradient":""},"mobile":{"background-color":"","background-image":"","background-repeat":"repeat","background-position":"center center","background-size":"auto","background-attachment":"scroll","background-type":"","background-media":"","overlay-type":"","overlay-color":"","overlay-opacity":"","overlay-gradient":""}},"ast-content-background-meta":{"desktop":{"background-color":"var(--ast-global-color-5)","background-image":"","background-repeat":"repeat","background-position":"center center","background-size":"auto","background-attachment":"scroll","background-type":"","background-media":"","overlay-type":"","overlay-color":"","overlay-opacity":"","overlay-gradient":""},"tablet":{"background-color":"var(--ast-global-color-5)","background-image":"","background-repeat":"repeat","background-position":"center center","background-size":"auto","background-attachment":"scroll","background-type":"","background-media":"","overlay-type":"","overlay-color":"","overlay-opacity":"","overlay-gradient":""},"mobile":{"background-color":"var(--ast-global-color-5)","background-image":"","background-repeat":"repeat","background-position":"center center","background-size":"auto","background-attachment":"scroll","background-type":"","background-media":"","overlay-type":"","overlay-color":"","overlay-opacity":"","overlay-gradient":""}},"footnotes":""},"class_list":["post-588","page","type-page","status-publish","hentry"],"yoast_head":"<!-- This site is optimized with the Yoast SEO plugin v27.1.1 - https:\/\/yoast.com\/product\/yoast-seo-wordpress\/ -->\n<title>Conas do rann\u00edoca\u00edocht c\u00edosa sheachtaini\u00fail a \u00edoc - \u00cdoca\u00edochta C\u00fanaimh Tith\u00edochta<\/title>\n<meta name=\"robots\" content=\"index, follow, max-snippet:-1, max-image-preview:large, max-video-preview:-1\" \/>\n<link rel=\"canonical\" href=\"https:\/\/www.hap.ie\/ga\/tenants\/ag-ioc-as-do-ranniocaiochtai-ciosanna-seachtainiula\/\" \/>\n<meta property=\"og:locale\" content=\"ga_IE\" \/>\n<meta property=\"og:type\" content=\"article\" \/>\n<meta property=\"og:title\" content=\"Conas do rann\u00edoca\u00edocht c\u00edosa sheachtaini\u00fail a \u00edoc - \u00cdoca\u00edochta C\u00fanaimh Tith\u00edochta\" \/>\n<meta property=\"og:description\" content=\"Conas do rann\u00edoca\u00edocht c\u00edosa sheachtaini\u00fail a \u00edoc Is f\u00e9idir do rann\u00edoca\u00edocht c\u00edosa sheachtaini\u00fail a \u00edoc mar seo a leanas: Mura n-asbhaintear do ch\u00edos go huathoibr\u00edoch, bain \u00fas\u00e1id as ceann de na modhanna seo a leanas: Tabhair faoi deara gur f\u00e9idir leat do r\u00e1iteas cuntais \u00cdCT f\u00e9in a ghini\u00faint agus a \u00edosl\u00f3d\u00e1il ar l\u00edne ag https:\/\/happayments.limerick.ie. [&hellip;]\" \/>\n<meta property=\"og:url\" content=\"https:\/\/www.hap.ie\/ga\/tenants\/ag-ioc-as-do-ranniocaiochtai-ciosanna-seachtainiula\/\" \/>\n<meta property=\"og:site_name\" content=\"\u00cdoca\u00edochta C\u00fanaimh Tith\u00edochta\" \/>\n<meta property=\"article:modified_time\" content=\"2024-10-31T15:41:53+00:00\" \/>\n<meta name=\"twitter:card\" content=\"summary_large_image\" \/>\n<meta name=\"twitter:label1\" content=\"Est. reading time\" \/>\n\t<meta name=\"twitter:data1\" content=\"2 minutes\" \/>\n<script type=\"application\/ld+json\" class=\"yoast-schema-graph\">{\"@context\":\"https:\/\/schema.org\",\"@graph\":[{\"@type\":\"WebPage\",\"@id\":\"https:\/\/www.hap.ie\/ga\/tenants\/ag-ioc-as-do-ranniocaiochtai-ciosanna-seachtainiula\/\",\"url\":\"https:\/\/www.hap.ie\/ga\/tenants\/ag-ioc-as-do-ranniocaiochtai-ciosanna-seachtainiula\/\",\"name\":\"Conas do rann\u00edoca\u00edocht c\u00edosa sheachtaini\u00fail a \u00edoc - \u00cdoca\u00edochta C\u00fanaimh Tith\u00edochta\",\"isPartOf\":{\"@id\":\"https:\/\/www.hap.ie\/ga\/#website\"},\"datePublished\":\"2022-09-30T13:33:21+00:00\",\"dateModified\":\"2024-10-31T15:41:53+00:00\",\"breadcrumb\":{\"@id\":\"https:\/\/www.hap.ie\/ga\/tenants\/ag-ioc-as-do-ranniocaiochtai-ciosanna-seachtainiula\/#breadcrumb\"},\"inLanguage\":\"ga-IE\",\"potentialAction\":[{\"@type\":\"ReadAction\",\"target\":[\"https:\/\/www.hap.ie\/ga\/tenants\/ag-ioc-as-do-ranniocaiochtai-ciosanna-seachtainiula\/\"]}]},{\"@type\":\"BreadcrumbList\",\"@id\":\"https:\/\/www.hap.ie\/ga\/tenants\/ag-ioc-as-do-ranniocaiochtai-ciosanna-seachtainiula\/#breadcrumb\",\"itemListElement\":[{\"@type\":\"ListItem\",\"position\":1,\"name\":\"Tion\u00f3nta\u00ed\",\"item\":\"https:\/\/www.hap.ie\/ga\/tenants\/\"},{\"@type\":\"ListItem\",\"position\":2,\"name\":\"Conas do rann\u00edoca\u00edocht c\u00edosa sheachtaini\u00fail a \u00edoc\"}]},{\"@type\":\"WebSite\",\"@id\":\"https:\/\/www.hap.ie\/ga\/#website\",\"url\":\"https:\/\/www.hap.ie\/ga\/\",\"name\":\"\u00cdoca\u00edochta C\u00fanaimh Tith\u00edochta\",\"description\":\"\",\"publisher\":{\"@id\":\"https:\/\/www.hap.ie\/ga\/#organization\"},\"potentialAction\":[{\"@type\":\"SearchAction\",\"target\":{\"@type\":\"EntryPoint\",\"urlTemplate\":\"https:\/\/www.hap.ie\/ga\/?s={search_term_string}\"},\"query-input\":{\"@type\":\"PropertyValueSpecification\",\"valueRequired\":true,\"valueName\":\"search_term_string\"}}],\"inLanguage\":\"ga-IE\"},{\"@type\":\"Organization\",\"@id\":\"https:\/\/www.hap.ie\/ga\/#organization\",\"name\":\"\u00cdoca\u00edochta C\u00fanaimh Tith\u00edochta\",\"url\":\"https:\/\/www.hap.ie\/ga\/\",\"logo\":{\"@type\":\"ImageObject\",\"inLanguage\":\"ga-IE\",\"@id\":\"https:\/\/www.hap.ie\/ga\/#\/schema\/logo\/image\/\",\"url\":\"https:\/\/hap-cdn-prod.s3.eu-west-1.amazonaws.com\/wp-content\/uploads\/2022\/09\/02094307\/hap.png\",\"contentUrl\":\"https:\/\/hap-cdn-prod.s3.eu-west-1.amazonaws.com\/wp-content\/uploads\/2022\/09\/02094307\/hap.png\",\"width\":590,\"height\":282,\"caption\":\"\u00cdoca\u00edochta C\u00fanaimh Tith\u00edochta\"},\"image\":{\"@id\":\"https:\/\/www.hap.ie\/ga\/#\/schema\/logo\/image\/\"}}]}<\/script>\n<!-- \/ Yoast SEO plugin. -->","yoast_head_json":{"title":"Conas do rann\u00edoca\u00edocht c\u00edosa sheachtaini\u00fail a \u00edoc - \u00cdoca\u00edochta C\u00fanaimh Tith\u00edochta","robots":{"index":"index","follow":"follow","max-snippet":"max-snippet:-1","max-image-preview":"max-image-preview:large","max-video-preview":"max-video-preview:-1"},"canonical":"https:\/\/www.hap.ie\/ga\/tenants\/ag-ioc-as-do-ranniocaiochtai-ciosanna-seachtainiula\/","og_locale":"ga_IE","og_type":"article","og_title":"Conas do rann\u00edoca\u00edocht c\u00edosa sheachtaini\u00fail a \u00edoc - \u00cdoca\u00edochta C\u00fanaimh Tith\u00edochta","og_description":"Conas do rann\u00edoca\u00edocht c\u00edosa sheachtaini\u00fail a \u00edoc Is f\u00e9idir do rann\u00edoca\u00edocht c\u00edosa sheachtaini\u00fail a \u00edoc mar seo a leanas: Mura n-asbhaintear do ch\u00edos go huathoibr\u00edoch, bain \u00fas\u00e1id as ceann de na modhanna seo a leanas: Tabhair faoi deara gur f\u00e9idir leat do r\u00e1iteas cuntais \u00cdCT f\u00e9in a ghini\u00faint agus a \u00edosl\u00f3d\u00e1il ar l\u00edne ag https:\/\/happayments.limerick.ie. [&hellip;]","og_url":"https:\/\/www.hap.ie\/ga\/tenants\/ag-ioc-as-do-ranniocaiochtai-ciosanna-seachtainiula\/","og_site_name":"\u00cdoca\u00edochta C\u00fanaimh Tith\u00edochta","article_modified_time":"2024-10-31T15:41:53+00:00","twitter_card":"summary_large_image","twitter_misc":{"Est. reading time":"2 minutes"},"schema":{"@context":"https:\/\/schema.org","@graph":[{"@type":"WebPage","@id":"https:\/\/www.hap.ie\/ga\/tenants\/ag-ioc-as-do-ranniocaiochtai-ciosanna-seachtainiula\/","url":"https:\/\/www.hap.ie\/ga\/tenants\/ag-ioc-as-do-ranniocaiochtai-ciosanna-seachtainiula\/","name":"Conas do rann\u00edoca\u00edocht c\u00edosa sheachtaini\u00fail a \u00edoc - \u00cdoca\u00edochta C\u00fanaimh Tith\u00edochta","isPartOf":{"@id":"https:\/\/www.hap.ie\/ga\/#website"},"datePublished":"2022-09-30T13:33:21+00:00","dateModified":"2024-10-31T15:41:53+00:00","breadcrumb":{"@id":"https:\/\/www.hap.ie\/ga\/tenants\/ag-ioc-as-do-ranniocaiochtai-ciosanna-seachtainiula\/#breadcrumb"},"inLanguage":"ga-IE","potentialAction":[{"@type":"ReadAction","target":["https:\/\/www.hap.ie\/ga\/tenants\/ag-ioc-as-do-ranniocaiochtai-ciosanna-seachtainiula\/"]}]},{"@type":"BreadcrumbList","@id":"https:\/\/www.hap.ie\/ga\/tenants\/ag-ioc-as-do-ranniocaiochtai-ciosanna-seachtainiula\/#breadcrumb","itemListElement":[{"@type":"ListItem","position":1,"name":"Tion\u00f3nta\u00ed","item":"https:\/\/www.hap.ie\/ga\/tenants\/"},{"@type":"ListItem","position":2,"name":"Conas do rann\u00edoca\u00edocht c\u00edosa sheachtaini\u00fail a \u00edoc"}]},{"@type":"WebSite","@id":"https:\/\/www.hap.ie\/ga\/#website","url":"https:\/\/www.hap.ie\/ga\/","name":"\u00cdoca\u00edochta C\u00fanaimh Tith\u00edochta","description":"","publisher":{"@id":"https:\/\/www.hap.ie\/ga\/#organization"},"potentialAction":[{"@type":"SearchAction","target":{"@type":"EntryPoint","urlTemplate":"https:\/\/www.hap.ie\/ga\/?s={search_term_string}"},"query-input":{"@type":"PropertyValueSpecification","valueRequired":true,"valueName":"search_term_string"}}],"inLanguage":"ga-IE"},{"@type":"Organization","@id":"https:\/\/www.hap.ie\/ga\/#organization","name":"\u00cdoca\u00edochta C\u00fanaimh Tith\u00edochta","url":"https:\/\/www.hap.ie\/ga\/","logo":{"@type":"ImageObject","inLanguage":"ga-IE","@id":"https:\/\/www.hap.ie\/ga\/#\/schema\/logo\/image\/","url":"https:\/\/hap-cdn-prod.s3.eu-west-1.amazonaws.com\/wp-content\/uploads\/2022\/09\/02094307\/hap.png","contentUrl":"https:\/\/hap-cdn-prod.s3.eu-west-1.amazonaws.com\/wp-content\/uploads\/2022\/09\/02094307\/hap.png","width":590,"height":282,"caption":"\u00cdoca\u00edochta C\u00fanaimh Tith\u00edochta"},"image":{"@id":"https:\/\/www.hap.ie\/ga\/#\/schema\/logo\/image\/"}}]}},"spectra_custom_meta":{"_wpml_media_duplicate":["0"],"_wpml_media_featured":["1"],"adv-header-id-meta":[""],"stick-header-meta":[""],"site-post-title":["disabled"],"theme-transparent-header-meta":[""],"_top_nav_excluded":[""],"_cms_nav_minihome":[""],"_last_translation_edit_mode":["translation-editor"],"_wp_page_template":[""],"_cmplz_scanned_post":["1"],"amazonS3_cache":["a:4:{s:60:\"\/\/www.hap.ie\/wp-content\/uploads\/2023\/03\/HAPAppHowToGuide.pdf\";a:2:{s:2:\"id\";s:3:\"962\";s:11:\"source_type\";s:13:\"media-library\";}s:98:\"\/\/hap-cdn-prod.s3.eu-west-1.amazonaws.com\/wp-content\/uploads\/2023\/03\/02094304\/HAPAppHowToGuide.pdf\";a:2:{s:2:\"id\";s:3:\"962\";s:11:\"source_type\";s:13:\"media-library\";}s:64:\"\/\/www.hap.ie\/wp-content\/uploads\/2024\/06\/2024HAPAppHowtoGuide.pdf\";a:2:{s:2:\"id\";s:4:\"1197\";s:11:\"source_type\";s:13:\"media-library\";}s:102:\"\/\/hap-cdn-prod.s3.eu-west-1.amazonaws.com\/wp-content\/uploads\/2024\/06\/14115510\/2024HAPAppHowtoGuide.pdf\";a:2:{s:2:\"id\";s:4:\"1197\";s:11:\"source_type\";s:13:\"media-library\";}}"],"ast-site-content-layout":["default"],"_uag_page_assets":["a:9:{s:3:\"css\";s:0:\"\";s:2:\"js\";s:0:\"\";s:18:\"current_block_list\";a:10:{i:0;s:12:\"core\/heading\";i:1;s:14:\"core\/paragraph\";i:2;s:9:\"core\/list\";i:3;s:14:\"core\/list-item\";i:4;s:12:\"core\/columns\";i:5;s:11:\"core\/column\";i:6;s:9:\"core\/html\";i:7;s:10:\"core\/group\";i:12;s:10:\"core\/image\";i:13;s:28:\"tiptip\/hyperlink-group-block\";}s:8:\"uag_flag\";b:0;s:11:\"uag_version\";s:10:\"1777384197\";s:6:\"gfonts\";a:0:{}s:10:\"gfonts_url\";s:0:\"\";s:12:\"gfonts_files\";a:0:{}s:14:\"uag_faq_layout\";b:0;}"]},"uagb_featured_image_src":{"full":false,"thumbnail":false,"medium":false,"medium_large":false,"large":false,"1536x1536":false,"2048x2048":false},"uagb_author_info":{"display_name":"BobbyJo","author_link":"https:\/\/www.hap.ie\/ga\/author\/bobbyjo\/"},"uagb_comment_info":0,"uagb_excerpt":"Conas do rann\u00edoca\u00edocht c\u00edosa sheachtaini\u00fail a \u00edoc Is f\u00e9idir do rann\u00edoca\u00edocht c\u00edosa sheachtaini\u00fail a \u00edoc mar seo a leanas: Mura n-asbhaintear do ch\u00edos go huathoibr\u00edoch, bain \u00fas\u00e1id as ceann de na modhanna seo a leanas: Tabhair faoi deara gur f\u00e9idir leat do r\u00e1iteas cuntais \u00cdCT f\u00e9in a ghini\u00faint agus a \u00edosl\u00f3d\u00e1il ar l\u00edne ag https:\/\/happayments.limerick.ie.&hellip;","_links":{"self":[{"href":"https:\/\/www.hap.ie\/ga\/wp-json\/wp\/v2\/pages\/588","targetHints":{"allow":["GET"]}}],"collection":[{"href":"https:\/\/www.hap.ie\/ga\/wp-json\/wp\/v2\/pages"}],"about":[{"href":"https:\/\/www.hap.ie\/ga\/wp-json\/wp\/v2\/types\/page"}],"author":[{"embeddable":true,"href":"https:\/\/www.hap.ie\/ga\/wp-json\/wp\/v2\/users\/1"}],"replies":[{"embeddable":true,"href":"https:\/\/www.hap.ie\/ga\/wp-json\/wp\/v2\/comments?post=588"}],"version-history":[{"count":16,"href":"https:\/\/www.hap.ie\/ga\/wp-json\/wp\/v2\/pages\/588\/revisions"}],"predecessor-version":[{"id":1202,"href":"https:\/\/www.hap.ie\/ga\/wp-json\/wp\/v2\/pages\/588\/revisions\/1202"}],"up":[{"embeddable":true,"href":"https:\/\/www.hap.ie\/ga\/wp-json\/wp\/v2\/pages\/564"}],"wp:attachment":[{"href":"https:\/\/www.hap.ie\/ga\/wp-json\/wp\/v2\/media?parent=588"}],"curies":[{"name":"wp","href":"https:\/\/api.w.org\/{rel}","templated":true}]}}