{"id":570,"date":"2022-09-30T13:27:03","date_gmt":"2022-09-30T13:27:03","guid":{"rendered":"https:\/\/www.hap.ie\/tenants\/conas-iarratas-a-dheanamh\/"},"modified":"2022-11-14T12:26:58","modified_gmt":"2022-11-14T12:26:58","slug":"conas-iarratas-a-dheanamh","status":"publish","type":"page","link":"https:\/\/www.hap.ie\/ga\/tenants\/conas-iarratas-a-dheanamh\/","title":{"rendered":"Conas a ch\u00e1il\u00edtear"},"content":{"rendered":"\n<h1 class=\"tenants wp-block-heading\">Conas a ch\u00e1il\u00edtear<\/h1>\n\n<p>N\u00ed m\u00f3r duit a bheith c\u00e1ilithe le haghaidh taca\u00edocht tith\u00edochta s\u00f3isialta \u00f3 d\u2019\u00fadar\u00e1s \u00e1iti\u00fail, rud a chialla\u00edonn nach m\u00f3r duit c\u00e1ili\u00fa le dul ar liosta feithimh do thith\u00edocht \u00fadar\u00e1is \u00e1iti\u00fail. M\u00e1 t\u00e1 t\u00fa ar liosta tith\u00edochta d\u2019\u00fadar\u00e1is \u00e1iti\u00fail cheana f\u00e9in, agus mura bhfuil t\u00fa i gcine\u00e1l tith\u00edochta s\u00f3isialta faoi l\u00e1thair, beidh t\u00fa inch\u00e1ilithe do \u00cdCT.<\/p>\n\n<p>T\u00e1 na daoine a bhfuil an Forl\u00edonadh C\u00edosa (FC) \u00e1 fh\u00e1il acu le fada agus at\u00e1 c\u00e1ilithe do thaca\u00edocht tith\u00edochta s\u00f3isialta \u00e1 n-aistri\u00fa \u00f3 FC go \u00cdCT.<\/p>\n\n<p>Is f\u00e9idir le d\u2019\u00fadar\u00e1s \u00e1iti\u00fail seice\u00e1il an bhfuil t\u00fa c\u00e1ilithe do thaca\u00edocht tith\u00edochta s\u00f3isialta agus \u00cdCT. <a href=\"https:\/\/www.gov.ie\/en\/help\/departments\/#local-authorities\" target=\"_blank\" rel=\"noreferrer noopener\">D\u00e9an teagmh\u00e1il le d\u2019\u00fadar\u00e1s \u00e1iti\u00fail.<\/a><\/p>\n\n<div class=\"wp-block-columns is-layout-flex wp-container-core-columns-is-layout-28f84493 wp-block-columns-is-layout-flex\" id=\"pagination\">\n<div class=\"wp-block-column is-layout-flow wp-block-column-is-layout-flow\" style=\"flex-basis:200px\">\n<div class=\"wp-block-button\"><a class=\"wp-block-button__link has-ast-global-color-5-color has-text-color has-background\" style=\"background-color:#68308c\" aria-label=\"Previous Page: Why HAP?\" href=\"https:\/\/www.hap.ie\/ga\/tenants\/cen-fath-ict\/\">An Leathanach Roimhe Seo<\/a><\/div>\n<\/div>\n\n\n\n<div class=\"wp-block-column is-layout-flow wp-block-column-is-layout-flow\"><\/div>\n\n\n\n<div class=\"wp-block-column is-layout-flow wp-block-column-is-layout-flow\" style=\"flex-basis:200px\">\n<div class=\"wp-block-button\"><a class=\"wp-block-button__link has-ast-global-color-5-color has-text-color has-background float-right\" style=\"background-color:#68308c\" aria-label=\"Next Page: Your landlord and tenancy\" href=\"https:\/\/www.hap.ie\/ga\/tenants\/iocaiochtai-tiononta-ict\/\">An Ch\u00e9ad Leathanach Eile<\/a><\/div>\n<\/div>\n<\/div>\n","protected":false},"excerpt":{"rendered":"<p>Conas a ch\u00e1il\u00edtear N\u00ed m\u00f3r duit a bheith c\u00e1ilithe le haghaidh taca\u00edocht tith\u00edochta s\u00f3isialta \u00f3 d\u2019\u00fadar\u00e1s \u00e1iti\u00fail, rud a chialla\u00edonn nach m\u00f3r duit c\u00e1ili\u00fa le dul ar liosta feithimh do thith\u00edocht \u00fadar\u00e1is \u00e1iti\u00fail. M\u00e1 t\u00e1 t\u00fa ar liosta tith\u00edochta d\u2019\u00fadar\u00e1is \u00e1iti\u00fail cheana f\u00e9in, agus mura bhfuil t\u00fa i gcine\u00e1l tith\u00edochta s\u00f3isialta faoi l\u00e1thair, beidh t\u00fa [&hellip;]<\/p>\n","protected":false},"author":1,"featured_media":0,"parent":564,"menu_order":0,"comment_status":"closed","ping_status":"closed","template":"","meta":{"_uag_custom_page_level_css":"","site-sidebar-layout":"default","site-content-layout":"","ast-site-content-layout":"default","site-content-style":"default","site-sidebar-style":"default","ast-global-header-display":"","ast-banner-title-visibility":"","ast-main-header-display":"","ast-hfb-above-header-display":"","ast-hfb-below-header-display":"","ast-hfb-mobile-header-display":"","site-post-title":"disabled","ast-breadcrumbs-content":"","ast-featured-img":"","footer-sml-layout":"","ast-disable-related-posts":"","theme-transparent-header-meta":"","adv-header-id-meta":"","stick-header-meta":"","header-above-stick-meta":"","header-main-stick-meta":"","header-below-stick-meta":"","astra-migrate-meta-layouts":"default","ast-page-background-enabled":"default","ast-page-background-meta":{"desktop":{"background-color":"var(--ast-global-color-4)","background-image":"","background-repeat":"repeat","background-position":"center center","background-size":"auto","background-attachment":"scroll","background-type":"","background-media":"","overlay-type":"","overlay-color":"","overlay-opacity":"","overlay-gradient":""},"tablet":{"background-color":"","background-image":"","background-repeat":"repeat","background-position":"center center","background-size":"auto","background-attachment":"scroll","background-type":"","background-media":"","overlay-type":"","overlay-color":"","overlay-opacity":"","overlay-gradient":""},"mobile":{"background-color":"","background-image":"","background-repeat":"repeat","background-position":"center center","background-size":"auto","background-attachment":"scroll","background-type":"","background-media":"","overlay-type":"","overlay-color":"","overlay-opacity":"","overlay-gradient":""}},"ast-content-background-meta":{"desktop":{"background-color":"var(--ast-global-color-5)","background-image":"","background-repeat":"repeat","background-position":"center center","background-size":"auto","background-attachment":"scroll","background-type":"","background-media":"","overlay-type":"","overlay-color":"","overlay-opacity":"","overlay-gradient":""},"tablet":{"background-color":"var(--ast-global-color-5)","background-image":"","background-repeat":"repeat","background-position":"center center","background-size":"auto","background-attachment":"scroll","background-type":"","background-media":"","overlay-type":"","overlay-color":"","overlay-opacity":"","overlay-gradient":""},"mobile":{"background-color":"var(--ast-global-color-5)","background-image":"","background-repeat":"repeat","background-position":"center center","background-size":"auto","background-attachment":"scroll","background-type":"","background-media":"","overlay-type":"","overlay-color":"","overlay-opacity":"","overlay-gradient":""}},"footnotes":""},"class_list":["post-570","page","type-page","status-publish","hentry"],"yoast_head":"<!-- This site is optimized with the Yoast SEO plugin v27.1.1 - https:\/\/yoast.com\/product\/yoast-seo-wordpress\/ -->\n<title>Conas a ch\u00e1il\u00edtear - \u00cdoca\u00edochta C\u00fanaimh Tith\u00edochta<\/title>\n<meta name=\"robots\" content=\"index, follow, max-snippet:-1, max-image-preview:large, max-video-preview:-1\" \/>\n<link rel=\"canonical\" href=\"https:\/\/www.hap.ie\/ga\/tenants\/conas-iarratas-a-dheanamh\/\" \/>\n<meta property=\"og:locale\" content=\"ga_IE\" \/>\n<meta property=\"og:type\" content=\"article\" \/>\n<meta property=\"og:title\" content=\"Conas a ch\u00e1il\u00edtear - \u00cdoca\u00edochta C\u00fanaimh Tith\u00edochta\" \/>\n<meta property=\"og:description\" content=\"Conas a ch\u00e1il\u00edtear N\u00ed m\u00f3r duit a bheith c\u00e1ilithe le haghaidh taca\u00edocht tith\u00edochta s\u00f3isialta \u00f3 d\u2019\u00fadar\u00e1s \u00e1iti\u00fail, rud a chialla\u00edonn nach m\u00f3r duit c\u00e1ili\u00fa le dul ar liosta feithimh do thith\u00edocht \u00fadar\u00e1is \u00e1iti\u00fail. M\u00e1 t\u00e1 t\u00fa ar liosta tith\u00edochta d\u2019\u00fadar\u00e1is \u00e1iti\u00fail cheana f\u00e9in, agus mura bhfuil t\u00fa i gcine\u00e1l tith\u00edochta s\u00f3isialta faoi l\u00e1thair, beidh t\u00fa [&hellip;]\" \/>\n<meta property=\"og:url\" content=\"https:\/\/www.hap.ie\/ga\/tenants\/conas-iarratas-a-dheanamh\/\" \/>\n<meta property=\"og:site_name\" content=\"\u00cdoca\u00edochta C\u00fanaimh Tith\u00edochta\" \/>\n<meta property=\"article:modified_time\" content=\"2022-11-14T12:26:58+00:00\" \/>\n<meta name=\"twitter:card\" content=\"summary_large_image\" \/>\n<meta name=\"twitter:label1\" content=\"Est. reading time\" \/>\n\t<meta name=\"twitter:data1\" content=\"1 minute\" \/>\n<script type=\"application\/ld+json\" class=\"yoast-schema-graph\">{\"@context\":\"https:\/\/schema.org\",\"@graph\":[{\"@type\":\"WebPage\",\"@id\":\"https:\/\/www.hap.ie\/ga\/tenants\/conas-iarratas-a-dheanamh\/\",\"url\":\"https:\/\/www.hap.ie\/ga\/tenants\/conas-iarratas-a-dheanamh\/\",\"name\":\"Conas a ch\u00e1il\u00edtear - \u00cdoca\u00edochta C\u00fanaimh Tith\u00edochta\",\"isPartOf\":{\"@id\":\"https:\/\/www.hap.ie\/ga\/#website\"},\"datePublished\":\"2022-09-30T13:27:03+00:00\",\"dateModified\":\"2022-11-14T12:26:58+00:00\",\"breadcrumb\":{\"@id\":\"https:\/\/www.hap.ie\/ga\/tenants\/conas-iarratas-a-dheanamh\/#breadcrumb\"},\"inLanguage\":\"ga-IE\",\"potentialAction\":[{\"@type\":\"ReadAction\",\"target\":[\"https:\/\/www.hap.ie\/ga\/tenants\/conas-iarratas-a-dheanamh\/\"]}]},{\"@type\":\"BreadcrumbList\",\"@id\":\"https:\/\/www.hap.ie\/ga\/tenants\/conas-iarratas-a-dheanamh\/#breadcrumb\",\"itemListElement\":[{\"@type\":\"ListItem\",\"position\":1,\"name\":\"Tion\u00f3nta\u00ed\",\"item\":\"https:\/\/www.hap.ie\/ga\/tenants\/\"},{\"@type\":\"ListItem\",\"position\":2,\"name\":\"Conas a ch\u00e1il\u00edtear\"}]},{\"@type\":\"WebSite\",\"@id\":\"https:\/\/www.hap.ie\/ga\/#website\",\"url\":\"https:\/\/www.hap.ie\/ga\/\",\"name\":\"\u00cdoca\u00edochta C\u00fanaimh Tith\u00edochta\",\"description\":\"\",\"publisher\":{\"@id\":\"https:\/\/www.hap.ie\/ga\/#organization\"},\"potentialAction\":[{\"@type\":\"SearchAction\",\"target\":{\"@type\":\"EntryPoint\",\"urlTemplate\":\"https:\/\/www.hap.ie\/ga\/?s={search_term_string}\"},\"query-input\":{\"@type\":\"PropertyValueSpecification\",\"valueRequired\":true,\"valueName\":\"search_term_string\"}}],\"inLanguage\":\"ga-IE\"},{\"@type\":\"Organization\",\"@id\":\"https:\/\/www.hap.ie\/ga\/#organization\",\"name\":\"\u00cdoca\u00edochta C\u00fanaimh Tith\u00edochta\",\"url\":\"https:\/\/www.hap.ie\/ga\/\",\"logo\":{\"@type\":\"ImageObject\",\"inLanguage\":\"ga-IE\",\"@id\":\"https:\/\/www.hap.ie\/ga\/#\/schema\/logo\/image\/\",\"url\":\"https:\/\/hap-cdn-prod.s3.eu-west-1.amazonaws.com\/wp-content\/uploads\/2022\/09\/02094307\/hap.png\",\"contentUrl\":\"https:\/\/hap-cdn-prod.s3.eu-west-1.amazonaws.com\/wp-content\/uploads\/2022\/09\/02094307\/hap.png\",\"width\":590,\"height\":282,\"caption\":\"\u00cdoca\u00edochta C\u00fanaimh Tith\u00edochta\"},\"image\":{\"@id\":\"https:\/\/www.hap.ie\/ga\/#\/schema\/logo\/image\/\"}}]}<\/script>\n<!-- \/ Yoast SEO plugin. -->","yoast_head_json":{"title":"Conas a ch\u00e1il\u00edtear - \u00cdoca\u00edochta C\u00fanaimh Tith\u00edochta","robots":{"index":"index","follow":"follow","max-snippet":"max-snippet:-1","max-image-preview":"max-image-preview:large","max-video-preview":"max-video-preview:-1"},"canonical":"https:\/\/www.hap.ie\/ga\/tenants\/conas-iarratas-a-dheanamh\/","og_locale":"ga_IE","og_type":"article","og_title":"Conas a ch\u00e1il\u00edtear - \u00cdoca\u00edochta C\u00fanaimh Tith\u00edochta","og_description":"Conas a ch\u00e1il\u00edtear N\u00ed m\u00f3r duit a bheith c\u00e1ilithe le haghaidh taca\u00edocht tith\u00edochta s\u00f3isialta \u00f3 d\u2019\u00fadar\u00e1s \u00e1iti\u00fail, rud a chialla\u00edonn nach m\u00f3r duit c\u00e1ili\u00fa le dul ar liosta feithimh do thith\u00edocht \u00fadar\u00e1is \u00e1iti\u00fail. M\u00e1 t\u00e1 t\u00fa ar liosta tith\u00edochta d\u2019\u00fadar\u00e1is \u00e1iti\u00fail cheana f\u00e9in, agus mura bhfuil t\u00fa i gcine\u00e1l tith\u00edochta s\u00f3isialta faoi l\u00e1thair, beidh t\u00fa [&hellip;]","og_url":"https:\/\/www.hap.ie\/ga\/tenants\/conas-iarratas-a-dheanamh\/","og_site_name":"\u00cdoca\u00edochta C\u00fanaimh Tith\u00edochta","article_modified_time":"2022-11-14T12:26:58+00:00","twitter_card":"summary_large_image","twitter_misc":{"Est. reading time":"1 minute"},"schema":{"@context":"https:\/\/schema.org","@graph":[{"@type":"WebPage","@id":"https:\/\/www.hap.ie\/ga\/tenants\/conas-iarratas-a-dheanamh\/","url":"https:\/\/www.hap.ie\/ga\/tenants\/conas-iarratas-a-dheanamh\/","name":"Conas a ch\u00e1il\u00edtear - \u00cdoca\u00edochta C\u00fanaimh Tith\u00edochta","isPartOf":{"@id":"https:\/\/www.hap.ie\/ga\/#website"},"datePublished":"2022-09-30T13:27:03+00:00","dateModified":"2022-11-14T12:26:58+00:00","breadcrumb":{"@id":"https:\/\/www.hap.ie\/ga\/tenants\/conas-iarratas-a-dheanamh\/#breadcrumb"},"inLanguage":"ga-IE","potentialAction":[{"@type":"ReadAction","target":["https:\/\/www.hap.ie\/ga\/tenants\/conas-iarratas-a-dheanamh\/"]}]},{"@type":"BreadcrumbList","@id":"https:\/\/www.hap.ie\/ga\/tenants\/conas-iarratas-a-dheanamh\/#breadcrumb","itemListElement":[{"@type":"ListItem","position":1,"name":"Tion\u00f3nta\u00ed","item":"https:\/\/www.hap.ie\/ga\/tenants\/"},{"@type":"ListItem","position":2,"name":"Conas a ch\u00e1il\u00edtear"}]},{"@type":"WebSite","@id":"https:\/\/www.hap.ie\/ga\/#website","url":"https:\/\/www.hap.ie\/ga\/","name":"\u00cdoca\u00edochta C\u00fanaimh Tith\u00edochta","description":"","publisher":{"@id":"https:\/\/www.hap.ie\/ga\/#organization"},"potentialAction":[{"@type":"SearchAction","target":{"@type":"EntryPoint","urlTemplate":"https:\/\/www.hap.ie\/ga\/?s={search_term_string}"},"query-input":{"@type":"PropertyValueSpecification","valueRequired":true,"valueName":"search_term_string"}}],"inLanguage":"ga-IE"},{"@type":"Organization","@id":"https:\/\/www.hap.ie\/ga\/#organization","name":"\u00cdoca\u00edochta C\u00fanaimh Tith\u00edochta","url":"https:\/\/www.hap.ie\/ga\/","logo":{"@type":"ImageObject","inLanguage":"ga-IE","@id":"https:\/\/www.hap.ie\/ga\/#\/schema\/logo\/image\/","url":"https:\/\/hap-cdn-prod.s3.eu-west-1.amazonaws.com\/wp-content\/uploads\/2022\/09\/02094307\/hap.png","contentUrl":"https:\/\/hap-cdn-prod.s3.eu-west-1.amazonaws.com\/wp-content\/uploads\/2022\/09\/02094307\/hap.png","width":590,"height":282,"caption":"\u00cdoca\u00edochta C\u00fanaimh Tith\u00edochta"},"image":{"@id":"https:\/\/www.hap.ie\/ga\/#\/schema\/logo\/image\/"}}]}},"spectra_custom_meta":{"_wpml_media_duplicate":["0"],"_wpml_media_featured":["1"],"adv-header-id-meta":[""],"stick-header-meta":[""],"site-post-title":["disabled"],"theme-transparent-header-meta":[""],"_top_nav_excluded":[""],"_cms_nav_minihome":[""],"_last_translation_edit_mode":["translation-editor"],"_wp_page_template":[""],"_cmplz_scanned_post":["1"],"_uag_page_assets":["a:9:{s:3:\"css\";s:0:\"\";s:2:\"js\";s:0:\"\";s:18:\"current_block_list\";a:8:{i:0;s:12:\"core\/heading\";i:1;s:14:\"core\/paragraph\";i:2;s:12:\"core\/columns\";i:3;s:11:\"core\/column\";i:4;s:9:\"core\/html\";i:5;s:10:\"core\/group\";i:10;s:10:\"core\/image\";i:11;s:28:\"tiptip\/hyperlink-group-block\";}s:8:\"uag_flag\";b:0;s:11:\"uag_version\";s:10:\"1776558288\";s:6:\"gfonts\";a:0:{}s:10:\"gfonts_url\";s:0:\"\";s:12:\"gfonts_files\";a:0:{}s:14:\"uag_faq_layout\";b:0;}"]},"uagb_featured_image_src":{"full":false,"thumbnail":false,"medium":false,"medium_large":false,"large":false,"1536x1536":false,"2048x2048":false},"uagb_author_info":{"display_name":"BobbyJo","author_link":"https:\/\/www.hap.ie\/ga\/author\/bobbyjo\/"},"uagb_comment_info":0,"uagb_excerpt":"Conas a ch\u00e1il\u00edtear N\u00ed m\u00f3r duit a bheith c\u00e1ilithe le haghaidh taca\u00edocht tith\u00edochta s\u00f3isialta \u00f3 d\u2019\u00fadar\u00e1s \u00e1iti\u00fail, rud a chialla\u00edonn nach m\u00f3r duit c\u00e1ili\u00fa le dul ar liosta feithimh do thith\u00edocht \u00fadar\u00e1is \u00e1iti\u00fail. M\u00e1 t\u00e1 t\u00fa ar liosta tith\u00edochta d\u2019\u00fadar\u00e1is \u00e1iti\u00fail cheana f\u00e9in, agus mura bhfuil t\u00fa i gcine\u00e1l tith\u00edochta s\u00f3isialta faoi l\u00e1thair, beidh t\u00fa&hellip;","_links":{"self":[{"href":"https:\/\/www.hap.ie\/ga\/wp-json\/wp\/v2\/pages\/570","targetHints":{"allow":["GET"]}}],"collection":[{"href":"https:\/\/www.hap.ie\/ga\/wp-json\/wp\/v2\/pages"}],"about":[{"href":"https:\/\/www.hap.ie\/ga\/wp-json\/wp\/v2\/types\/page"}],"author":[{"embeddable":true,"href":"https:\/\/www.hap.ie\/ga\/wp-json\/wp\/v2\/users\/1"}],"replies":[{"embeddable":true,"href":"https:\/\/www.hap.ie\/ga\/wp-json\/wp\/v2\/comments?post=570"}],"version-history":[{"count":10,"href":"https:\/\/www.hap.ie\/ga\/wp-json\/wp\/v2\/pages\/570\/revisions"}],"predecessor-version":[{"id":871,"href":"https:\/\/www.hap.ie\/ga\/wp-json\/wp\/v2\/pages\/570\/revisions\/871"}],"up":[{"embeddable":true,"href":"https:\/\/www.hap.ie\/ga\/wp-json\/wp\/v2\/pages\/564"}],"wp:attachment":[{"href":"https:\/\/www.hap.ie\/ga\/wp-json\/wp\/v2\/media?parent=570"}],"curies":[{"name":"wp","href":"https:\/\/api.w.org\/{rel}","templated":true}]}}