{"id":560,"date":"2022-09-30T12:57:41","date_gmt":"2022-09-30T12:57:41","guid":{"rendered":"https:\/\/www.hap.ie\/conas-a-oibrionn-ict\/"},"modified":"2026-03-24T15:31:43","modified_gmt":"2026-03-24T15:31:43","slug":"conas-a-oibrionn-ict","status":"publish","type":"page","link":"https:\/\/www.hap.ie\/ga\/conas-a-oibrionn-ict\/","title":{"rendered":"Conas a oibr\u00edonn ICT?"},"content":{"rendered":"\n<h1 class=\"wp-block-heading howdoeshapwork\">Conas a oibr\u00edonn ICT?<\/h1>\n\n<ul class=\"wp-block-list\">\n<li>Chun c\u00e1ili\u00fa do ICT, caithfidh teaghlaigh a bheith c\u00e1ilithe do thaca\u00edocht tith\u00edochta sh\u00f3isialta lena n-\u00fadar\u00e1s \u00e1iti\u00fail, a chialla\u00edonn go gcaithfidh an teaghlach a bheith c\u00e1ilithe chun dul ar an liosta feithimh do thith\u00edocht \u00fadar\u00e1is \u00e1iti\u00fail.<\/li>\n\n\n\n<li>N\u00ed m\u00f3r do tion\u00f3nta\u00ed \u00cdCT a gc\u00f3ir\u00edocht f\u00e9in a fh\u00e1il ar mhargadh na gc\u00edosanna pr\u00edobh\u00e1ideacha. (T\u00e1 s\u00e9 seo mar an gc\u00e9anna leis an sc\u00e9im Forl\u00edonadh C\u00edosa reatha.)<\/li>\n\n\n\n<li>Caithfidh an tiarna tal\u00fan glacadh lena r\u00e9admhaoin a ligeadh ar c\u00edos go tion\u00f3nta ICT.<\/li>\n\n\n\n<li>T\u00fa f\u00e9in a bheidh freagrach as an \u00e9arlais c\u00edosa a \u00edoc. (f\u00e9ach <a href=\"https:\/\/www.hap.ie\/ga\/tenants\/iocaiochtai-tiononta-ict\/\">\u00cdoca\u00edochta\u00ed Tion\u00f3nta\u00ed \u00cdCT<\/a>).<\/li>\n\n\n\n<li>D\u00e9anfaidh an t-\u00fadar\u00e1s \u00e1iti\u00fail \u00edoca\u00edocht mh\u00edos\u00fail don tiarna tal\u00fan. D\u00e9antar an \u00edoca\u00edocht seo ar an gC\u00e9adaoin dheireanach de gach m\u00ed. T\u00e1 an \u00edoca\u00edocht ag brath ar th\u00e9arma\u00ed agus coinn\u00edollacha teorainneacha c\u00edosa, <em>agus<\/em><strong> <\/strong>go n-\u00edocann an tion\u00f3nta ICT a rann\u00edoca\u00edocht c\u00edosa don \u00fadar\u00e1s \u00e1iti\u00fail san \u00e1ireamh.<\/li>\n\n\n\n<li>\u00cdocann an tion\u00f3nta ICT a rann\u00edoca\u00edocht c\u00edosa don \u00fadar\u00e1s \u00e1iti\u00fail. Beidh rann\u00edoca\u00edochta\u00ed c\u00edosanna d\u00e9anta go ginear\u00e1lta tr\u00ed Sc\u00e9im Bhuis\u00e9id Teaghlaigh An Post. Mura \u00edocann an tion\u00f3nta ICT an rann\u00edoca\u00edocht c\u00edosa seo, beidh a \u00edoca\u00edochta\u00ed ICT a th\u00e9ann chuig a dtiarna tal\u00fan curtha ar fionra\u00ed agus cuirfear stop leo faoi dheireadh. T\u00e1 an tion\u00f3nta ICT freagrach as an gc\u00edos ioml\u00e1n a \u00edoc iad f\u00e9in.<\/li>\n<\/ul>\n","protected":false},"excerpt":{"rendered":"<p>Conas a oibr\u00edonn ICT?<\/p>\n","protected":false},"author":1,"featured_media":0,"parent":0,"menu_order":0,"comment_status":"closed","ping_status":"closed","template":"","meta":{"_uag_custom_page_level_css":"","site-sidebar-layout":"default","site-content-layout":"","ast-site-content-layout":"default","site-content-style":"default","site-sidebar-style":"default","ast-global-header-display":"","ast-banner-title-visibility":"","ast-main-header-display":"","ast-hfb-above-header-display":"","ast-hfb-below-header-display":"","ast-hfb-mobile-header-display":"","site-post-title":"disabled","ast-breadcrumbs-content":"","ast-featured-img":"","footer-sml-layout":"","ast-disable-related-posts":"","theme-transparent-header-meta":"","adv-header-id-meta":"","stick-header-meta":"","header-above-stick-meta":"","header-main-stick-meta":"","header-below-stick-meta":"","astra-migrate-meta-layouts":"default","ast-page-background-enabled":"default","ast-page-background-meta":{"desktop":{"background-color":"var(--ast-global-color-4)","background-image":"","background-repeat":"repeat","background-position":"center center","background-size":"auto","background-attachment":"scroll","background-type":"","background-media":"","overlay-type":"","overlay-color":"","overlay-opacity":"","overlay-gradient":""},"tablet":{"background-color":"","background-image":"","background-repeat":"repeat","background-position":"center center","background-size":"auto","background-attachment":"scroll","background-type":"","background-media":"","overlay-type":"","overlay-color":"","overlay-opacity":"","overlay-gradient":""},"mobile":{"background-color":"","background-image":"","background-repeat":"repeat","background-position":"center center","background-size":"auto","background-attachment":"scroll","background-type":"","background-media":"","overlay-type":"","overlay-color":"","overlay-opacity":"","overlay-gradient":""}},"ast-content-background-meta":{"desktop":{"background-color":"var(--ast-global-color-5)","background-image":"","background-repeat":"repeat","background-position":"center center","background-size":"auto","background-attachment":"scroll","background-type":"","background-media":"","overlay-type":"","overlay-color":"","overlay-opacity":"","overlay-gradient":""},"tablet":{"background-color":"var(--ast-global-color-5)","background-image":"","background-repeat":"repeat","background-position":"center center","background-size":"auto","background-attachment":"scroll","background-type":"","background-media":"","overlay-type":"","overlay-color":"","overlay-opacity":"","overlay-gradient":""},"mobile":{"background-color":"var(--ast-global-color-5)","background-image":"","background-repeat":"repeat","background-position":"center center","background-size":"auto","background-attachment":"scroll","background-type":"","background-media":"","overlay-type":"","overlay-color":"","overlay-opacity":"","overlay-gradient":""}},"footnotes":""},"class_list":["post-560","page","type-page","status-publish","hentry"],"yoast_head":"<!-- This site is optimized with the Yoast SEO plugin v27.1.1 - https:\/\/yoast.com\/product\/yoast-seo-wordpress\/ -->\n<title>Conas a oibr\u00edonn ICT? - \u00cdoca\u00edochta C\u00fanaimh Tith\u00edochta<\/title>\n<meta name=\"robots\" content=\"index, follow, max-snippet:-1, max-image-preview:large, max-video-preview:-1\" \/>\n<link rel=\"canonical\" href=\"https:\/\/www.hap.ie\/ga\/conas-a-oibrionn-ict\/\" \/>\n<meta property=\"og:locale\" content=\"ga_IE\" \/>\n<meta property=\"og:type\" content=\"article\" \/>\n<meta property=\"og:title\" content=\"Conas a oibr\u00edonn ICT? - \u00cdoca\u00edochta C\u00fanaimh Tith\u00edochta\" \/>\n<meta property=\"og:description\" content=\"Conas a oibr\u00edonn ICT?\" \/>\n<meta property=\"og:url\" content=\"https:\/\/www.hap.ie\/ga\/conas-a-oibrionn-ict\/\" \/>\n<meta property=\"og:site_name\" content=\"\u00cdoca\u00edochta C\u00fanaimh Tith\u00edochta\" \/>\n<meta property=\"article:modified_time\" content=\"2026-03-24T15:31:43+00:00\" \/>\n<meta name=\"twitter:card\" content=\"summary_large_image\" \/>\n<meta name=\"twitter:label1\" content=\"Est. reading time\" \/>\n\t<meta name=\"twitter:data1\" content=\"1 minute\" \/>\n<script type=\"application\/ld+json\" class=\"yoast-schema-graph\">{\"@context\":\"https:\/\/schema.org\",\"@graph\":[{\"@type\":\"WebPage\",\"@id\":\"https:\/\/www.hap.ie\/ga\/conas-a-oibrionn-ict\/\",\"url\":\"https:\/\/www.hap.ie\/ga\/conas-a-oibrionn-ict\/\",\"name\":\"Conas a oibr\u00edonn ICT? - \u00cdoca\u00edochta C\u00fanaimh Tith\u00edochta\",\"isPartOf\":{\"@id\":\"https:\/\/www.hap.ie\/ga\/#website\"},\"datePublished\":\"2022-09-30T12:57:41+00:00\",\"dateModified\":\"2026-03-24T15:31:43+00:00\",\"inLanguage\":\"ga-IE\",\"potentialAction\":[{\"@type\":\"ReadAction\",\"target\":[\"https:\/\/www.hap.ie\/ga\/conas-a-oibrionn-ict\/\"]}]},{\"@type\":\"WebSite\",\"@id\":\"https:\/\/www.hap.ie\/ga\/#website\",\"url\":\"https:\/\/www.hap.ie\/ga\/\",\"name\":\"\u00cdoca\u00edochta C\u00fanaimh Tith\u00edochta\",\"description\":\"\",\"publisher\":{\"@id\":\"https:\/\/www.hap.ie\/ga\/#organization\"},\"potentialAction\":[{\"@type\":\"SearchAction\",\"target\":{\"@type\":\"EntryPoint\",\"urlTemplate\":\"https:\/\/www.hap.ie\/ga\/?s={search_term_string}\"},\"query-input\":{\"@type\":\"PropertyValueSpecification\",\"valueRequired\":true,\"valueName\":\"search_term_string\"}}],\"inLanguage\":\"ga-IE\"},{\"@type\":\"Organization\",\"@id\":\"https:\/\/www.hap.ie\/ga\/#organization\",\"name\":\"\u00cdoca\u00edochta C\u00fanaimh Tith\u00edochta\",\"url\":\"https:\/\/www.hap.ie\/ga\/\",\"logo\":{\"@type\":\"ImageObject\",\"inLanguage\":\"ga-IE\",\"@id\":\"https:\/\/www.hap.ie\/ga\/#\/schema\/logo\/image\/\",\"url\":\"https:\/\/hap-cdn-prod.s3.eu-west-1.amazonaws.com\/wp-content\/uploads\/2022\/09\/02094307\/hap.png\",\"contentUrl\":\"https:\/\/hap-cdn-prod.s3.eu-west-1.amazonaws.com\/wp-content\/uploads\/2022\/09\/02094307\/hap.png\",\"width\":590,\"height\":282,\"caption\":\"\u00cdoca\u00edochta C\u00fanaimh Tith\u00edochta\"},\"image\":{\"@id\":\"https:\/\/www.hap.ie\/ga\/#\/schema\/logo\/image\/\"}}]}<\/script>\n<!-- \/ Yoast SEO plugin. -->","yoast_head_json":{"title":"Conas a oibr\u00edonn ICT? - \u00cdoca\u00edochta C\u00fanaimh Tith\u00edochta","robots":{"index":"index","follow":"follow","max-snippet":"max-snippet:-1","max-image-preview":"max-image-preview:large","max-video-preview":"max-video-preview:-1"},"canonical":"https:\/\/www.hap.ie\/ga\/conas-a-oibrionn-ict\/","og_locale":"ga_IE","og_type":"article","og_title":"Conas a oibr\u00edonn ICT? - \u00cdoca\u00edochta C\u00fanaimh Tith\u00edochta","og_description":"Conas a oibr\u00edonn ICT?","og_url":"https:\/\/www.hap.ie\/ga\/conas-a-oibrionn-ict\/","og_site_name":"\u00cdoca\u00edochta C\u00fanaimh Tith\u00edochta","article_modified_time":"2026-03-24T15:31:43+00:00","twitter_card":"summary_large_image","twitter_misc":{"Est. reading time":"1 minute"},"schema":{"@context":"https:\/\/schema.org","@graph":[{"@type":"WebPage","@id":"https:\/\/www.hap.ie\/ga\/conas-a-oibrionn-ict\/","url":"https:\/\/www.hap.ie\/ga\/conas-a-oibrionn-ict\/","name":"Conas a oibr\u00edonn ICT? - \u00cdoca\u00edochta C\u00fanaimh Tith\u00edochta","isPartOf":{"@id":"https:\/\/www.hap.ie\/ga\/#website"},"datePublished":"2022-09-30T12:57:41+00:00","dateModified":"2026-03-24T15:31:43+00:00","inLanguage":"ga-IE","potentialAction":[{"@type":"ReadAction","target":["https:\/\/www.hap.ie\/ga\/conas-a-oibrionn-ict\/"]}]},{"@type":"WebSite","@id":"https:\/\/www.hap.ie\/ga\/#website","url":"https:\/\/www.hap.ie\/ga\/","name":"\u00cdoca\u00edochta C\u00fanaimh Tith\u00edochta","description":"","publisher":{"@id":"https:\/\/www.hap.ie\/ga\/#organization"},"potentialAction":[{"@type":"SearchAction","target":{"@type":"EntryPoint","urlTemplate":"https:\/\/www.hap.ie\/ga\/?s={search_term_string}"},"query-input":{"@type":"PropertyValueSpecification","valueRequired":true,"valueName":"search_term_string"}}],"inLanguage":"ga-IE"},{"@type":"Organization","@id":"https:\/\/www.hap.ie\/ga\/#organization","name":"\u00cdoca\u00edochta C\u00fanaimh Tith\u00edochta","url":"https:\/\/www.hap.ie\/ga\/","logo":{"@type":"ImageObject","inLanguage":"ga-IE","@id":"https:\/\/www.hap.ie\/ga\/#\/schema\/logo\/image\/","url":"https:\/\/hap-cdn-prod.s3.eu-west-1.amazonaws.com\/wp-content\/uploads\/2022\/09\/02094307\/hap.png","contentUrl":"https:\/\/hap-cdn-prod.s3.eu-west-1.amazonaws.com\/wp-content\/uploads\/2022\/09\/02094307\/hap.png","width":590,"height":282,"caption":"\u00cdoca\u00edochta C\u00fanaimh Tith\u00edochta"},"image":{"@id":"https:\/\/www.hap.ie\/ga\/#\/schema\/logo\/image\/"}}]}},"spectra_custom_meta":{"_wpml_media_duplicate":["0"],"_wpml_media_featured":["1"],"adv-header-id-meta":[""],"stick-header-meta":[""],"site-post-title":["disabled"],"theme-transparent-header-meta":[""],"_top_nav_excluded":[""],"_cms_nav_minihome":[""],"_last_translation_edit_mode":["translation-editor"],"_wp_page_template":[""],"_cmplz_scanned_post":["1"],"ast-main-header-display":[""],"ast-hfb-above-header-display":[""],"ast-hfb-below-header-display":[""],"ast-hfb-mobile-header-display":[""],"footer-sml-layout":[""],"header-main-stick-meta":[""],"header-above-stick-meta":[""],"header-below-stick-meta":[""],"site-sidebar-layout":["default"],"site-content-layout":[""],"ast-featured-img":[""],"ast-breadcrumbs-content":[""],"ast-banner-title-visibility":[""],"ast-global-header-display":[""],"ast-site-content-layout":["default"],"site-content-style":["default"],"site-sidebar-style":["default"],"_wpml_word_count":["242"],"_uag_page_assets":["a:9:{s:3:\"css\";s:0:\"\";s:2:\"js\";s:0:\"\";s:18:\"current_block_list\";a:9:{i:0;s:12:\"core\/heading\";i:1;s:9:\"core\/list\";i:2;s:14:\"core\/list-item\";i:3;s:10:\"core\/group\";i:4;s:14:\"core\/paragraph\";i:7;s:12:\"core\/columns\";i:8;s:11:\"core\/column\";i:9;s:10:\"core\/image\";i:10;s:28:\"tiptip\/hyperlink-group-block\";}s:8:\"uag_flag\";b:0;s:11:\"uag_version\";s:10:\"1776217249\";s:6:\"gfonts\";a:0:{}s:10:\"gfonts_url\";s:0:\"\";s:12:\"gfonts_files\";a:0:{}s:14:\"uag_faq_layout\";b:0;}"]},"uagb_featured_image_src":{"full":false,"thumbnail":false,"medium":false,"medium_large":false,"large":false,"1536x1536":false,"2048x2048":false},"uagb_author_info":{"display_name":"BobbyJo","author_link":"https:\/\/www.hap.ie\/ga\/author\/bobbyjo\/"},"uagb_comment_info":0,"uagb_excerpt":"Conas a oibr\u00edonn ICT?","_links":{"self":[{"href":"https:\/\/www.hap.ie\/ga\/wp-json\/wp\/v2\/pages\/560","targetHints":{"allow":["GET"]}}],"collection":[{"href":"https:\/\/www.hap.ie\/ga\/wp-json\/wp\/v2\/pages"}],"about":[{"href":"https:\/\/www.hap.ie\/ga\/wp-json\/wp\/v2\/types\/page"}],"author":[{"embeddable":true,"href":"https:\/\/www.hap.ie\/ga\/wp-json\/wp\/v2\/users\/1"}],"replies":[{"embeddable":true,"href":"https:\/\/www.hap.ie\/ga\/wp-json\/wp\/v2\/comments?post=560"}],"version-history":[{"count":4,"href":"https:\/\/www.hap.ie\/ga\/wp-json\/wp\/v2\/pages\/560\/revisions"}],"predecessor-version":[{"id":1516,"href":"https:\/\/www.hap.ie\/ga\/wp-json\/wp\/v2\/pages\/560\/revisions\/1516"}],"wp:attachment":[{"href":"https:\/\/www.hap.ie\/ga\/wp-json\/wp\/v2\/media?parent=560"}],"curies":[{"name":"wp","href":"https:\/\/api.w.org\/{rel}","templated":true}]}}