{"id":558,"date":"2022-09-30T12:56:57","date_gmt":"2022-09-30T12:56:57","guid":{"rendered":"https:\/\/www.hap.ie\/cad-is-ict-ann\/"},"modified":"2022-10-20T12:53:26","modified_gmt":"2022-10-20T12:53:26","slug":"cad-is-ict-ann","status":"publish","type":"page","link":"https:\/\/www.hap.ie\/ga\/cad-is-ict-ann\/","title":{"rendered":"Cad is ICT ann?"},"content":{"rendered":"\n<h1 class=\"wp-block-heading\">Cad is ICT ann?<\/h1>\n\n<p>Is cine\u00e1l taca\u00edochta tith\u00edochta s\u00f3isialta an \u00cdoca\u00edocht C\u00fanaimh Tith\u00edochta (\u00cdCT) arna sol\u00e1thar ag d\u2019\u00fadar\u00e1s \u00e1iti\u00fail.<\/p>\n\n<p>D\u00e9anann \u00fadar\u00e1is \u00e1iti\u00fala \u00edoca\u00edocht ch\u00edosa mh\u00edos\u00fail ar do shon le do thiarna tal\u00fan, ag brath ar th\u00e9arma\u00ed agus coinn\u00edollacha, teorainneacha c\u00edosa san \u00e1ireamh. Agus \u00edocann an tion\u00f3nta \u00cdCT rann\u00edoca\u00edocht sheachtaini\u00fail ch\u00edosa leis an \u00fadar\u00e1s \u00e1iti\u00fail.<\/p>\n\n<p>Ligeann \u00cdCT duit a bheith ag obair go l\u00e1naimseartha, agus ag an am c\u00e9anna f\u00f3s ag f\u00e1il taca\u00edocht tith\u00edochta.<\/p>\n","protected":false},"excerpt":{"rendered":"<p>Cad is ICT ann? Is cine\u00e1l taca\u00edochta tith\u00edochta s\u00f3isialta an \u00cdoca\u00edocht C\u00fanaimh Tith\u00edochta (\u00cdCT) arna sol\u00e1thar ag d\u2019\u00fadar\u00e1s \u00e1iti\u00fail. D\u00e9anann \u00fadar\u00e1is \u00e1iti\u00fala \u00edoca\u00edocht ch\u00edosa mh\u00edos\u00fail ar do shon le do thiarna tal\u00fan, ag brath ar th\u00e9arma\u00ed agus coinn\u00edollacha, teorainneacha c\u00edosa san \u00e1ireamh. Agus \u00edocann an tion\u00f3nta \u00cdCT rann\u00edoca\u00edocht sheachtaini\u00fail ch\u00edosa leis an \u00fadar\u00e1s \u00e1iti\u00fail. Ligeann [&hellip;]<\/p>\n","protected":false},"author":1,"featured_media":0,"parent":0,"menu_order":0,"comment_status":"closed","ping_status":"closed","template":"","meta":{"_uag_custom_page_level_css":"","site-sidebar-layout":"default","site-content-layout":"","ast-site-content-layout":"default","site-content-style":"default","site-sidebar-style":"default","ast-global-header-display":"","ast-banner-title-visibility":"","ast-main-header-display":"","ast-hfb-above-header-display":"","ast-hfb-below-header-display":"","ast-hfb-mobile-header-display":"","site-post-title":"disabled","ast-breadcrumbs-content":"","ast-featured-img":"","footer-sml-layout":"","ast-disable-related-posts":"","theme-transparent-header-meta":"","adv-header-id-meta":"","stick-header-meta":"","header-above-stick-meta":"","header-main-stick-meta":"","header-below-stick-meta":"","astra-migrate-meta-layouts":"default","ast-page-background-enabled":"default","ast-page-background-meta":{"desktop":{"background-color":"var(--ast-global-color-4)","background-image":"","background-repeat":"repeat","background-position":"center center","background-size":"auto","background-attachment":"scroll","background-type":"","background-media":"","overlay-type":"","overlay-color":"","overlay-opacity":"","overlay-gradient":""},"tablet":{"background-color":"","background-image":"","background-repeat":"repeat","background-position":"center center","background-size":"auto","background-attachment":"scroll","background-type":"","background-media":"","overlay-type":"","overlay-color":"","overlay-opacity":"","overlay-gradient":""},"mobile":{"background-color":"","background-image":"","background-repeat":"repeat","background-position":"center center","background-size":"auto","background-attachment":"scroll","background-type":"","background-media":"","overlay-type":"","overlay-color":"","overlay-opacity":"","overlay-gradient":""}},"ast-content-background-meta":{"desktop":{"background-color":"var(--ast-global-color-5)","background-image":"","background-repeat":"repeat","background-position":"center center","background-size":"auto","background-attachment":"scroll","background-type":"","background-media":"","overlay-type":"","overlay-color":"","overlay-opacity":"","overlay-gradient":""},"tablet":{"background-color":"var(--ast-global-color-5)","background-image":"","background-repeat":"repeat","background-position":"center center","background-size":"auto","background-attachment":"scroll","background-type":"","background-media":"","overlay-type":"","overlay-color":"","overlay-opacity":"","overlay-gradient":""},"mobile":{"background-color":"var(--ast-global-color-5)","background-image":"","background-repeat":"repeat","background-position":"center center","background-size":"auto","background-attachment":"scroll","background-type":"","background-media":"","overlay-type":"","overlay-color":"","overlay-opacity":"","overlay-gradient":""}},"footnotes":""},"class_list":["post-558","page","type-page","status-publish","hentry"],"yoast_head":"<!-- This site is optimized with the Yoast SEO plugin v27.1.1 - https:\/\/yoast.com\/product\/yoast-seo-wordpress\/ -->\n<title>Cad is ICT ann? - \u00cdoca\u00edochta C\u00fanaimh Tith\u00edochta<\/title>\n<meta name=\"robots\" content=\"index, follow, max-snippet:-1, max-image-preview:large, max-video-preview:-1\" \/>\n<link rel=\"canonical\" href=\"https:\/\/www.hap.ie\/ga\/cad-is-ict-ann\/\" \/>\n<meta property=\"og:locale\" content=\"ga_IE\" \/>\n<meta property=\"og:type\" content=\"article\" \/>\n<meta property=\"og:title\" content=\"Cad is ICT ann? - \u00cdoca\u00edochta C\u00fanaimh Tith\u00edochta\" \/>\n<meta property=\"og:description\" content=\"Cad is ICT ann? Is cine\u00e1l taca\u00edochta tith\u00edochta s\u00f3isialta an \u00cdoca\u00edocht C\u00fanaimh Tith\u00edochta (\u00cdCT) arna sol\u00e1thar ag d\u2019\u00fadar\u00e1s \u00e1iti\u00fail. D\u00e9anann \u00fadar\u00e1is \u00e1iti\u00fala \u00edoca\u00edocht ch\u00edosa mh\u00edos\u00fail ar do shon le do thiarna tal\u00fan, ag brath ar th\u00e9arma\u00ed agus coinn\u00edollacha, teorainneacha c\u00edosa san \u00e1ireamh. Agus \u00edocann an tion\u00f3nta \u00cdCT rann\u00edoca\u00edocht sheachtaini\u00fail ch\u00edosa leis an \u00fadar\u00e1s \u00e1iti\u00fail. Ligeann [&hellip;]\" \/>\n<meta property=\"og:url\" content=\"https:\/\/www.hap.ie\/ga\/cad-is-ict-ann\/\" \/>\n<meta property=\"og:site_name\" content=\"\u00cdoca\u00edochta C\u00fanaimh Tith\u00edochta\" \/>\n<meta property=\"article:modified_time\" content=\"2022-10-20T12:53:26+00:00\" \/>\n<meta name=\"twitter:card\" content=\"summary_large_image\" \/>\n<meta name=\"twitter:label1\" content=\"Est. reading time\" \/>\n\t<meta name=\"twitter:data1\" content=\"1 minute\" \/>\n<script type=\"application\/ld+json\" class=\"yoast-schema-graph\">{\"@context\":\"https:\/\/schema.org\",\"@graph\":[{\"@type\":\"WebPage\",\"@id\":\"https:\/\/www.hap.ie\/ga\/cad-is-ict-ann\/\",\"url\":\"https:\/\/www.hap.ie\/ga\/cad-is-ict-ann\/\",\"name\":\"Cad is ICT ann? - \u00cdoca\u00edochta C\u00fanaimh Tith\u00edochta\",\"isPartOf\":{\"@id\":\"https:\/\/www.hap.ie\/ga\/#website\"},\"datePublished\":\"2022-09-30T12:56:57+00:00\",\"dateModified\":\"2022-10-20T12:53:26+00:00\",\"inLanguage\":\"ga-IE\",\"potentialAction\":[{\"@type\":\"ReadAction\",\"target\":[\"https:\/\/www.hap.ie\/ga\/cad-is-ict-ann\/\"]}]},{\"@type\":\"WebSite\",\"@id\":\"https:\/\/www.hap.ie\/ga\/#website\",\"url\":\"https:\/\/www.hap.ie\/ga\/\",\"name\":\"\u00cdoca\u00edochta C\u00fanaimh Tith\u00edochta\",\"description\":\"\",\"publisher\":{\"@id\":\"https:\/\/www.hap.ie\/ga\/#organization\"},\"potentialAction\":[{\"@type\":\"SearchAction\",\"target\":{\"@type\":\"EntryPoint\",\"urlTemplate\":\"https:\/\/www.hap.ie\/ga\/?s={search_term_string}\"},\"query-input\":{\"@type\":\"PropertyValueSpecification\",\"valueRequired\":true,\"valueName\":\"search_term_string\"}}],\"inLanguage\":\"ga-IE\"},{\"@type\":\"Organization\",\"@id\":\"https:\/\/www.hap.ie\/ga\/#organization\",\"name\":\"\u00cdoca\u00edochta C\u00fanaimh Tith\u00edochta\",\"url\":\"https:\/\/www.hap.ie\/ga\/\",\"logo\":{\"@type\":\"ImageObject\",\"inLanguage\":\"ga-IE\",\"@id\":\"https:\/\/www.hap.ie\/ga\/#\/schema\/logo\/image\/\",\"url\":\"https:\/\/hap-cdn-prod.s3.eu-west-1.amazonaws.com\/wp-content\/uploads\/2022\/09\/02094307\/hap.png\",\"contentUrl\":\"https:\/\/hap-cdn-prod.s3.eu-west-1.amazonaws.com\/wp-content\/uploads\/2022\/09\/02094307\/hap.png\",\"width\":590,\"height\":282,\"caption\":\"\u00cdoca\u00edochta C\u00fanaimh Tith\u00edochta\"},\"image\":{\"@id\":\"https:\/\/www.hap.ie\/ga\/#\/schema\/logo\/image\/\"}}]}<\/script>\n<!-- \/ Yoast SEO plugin. -->","yoast_head_json":{"title":"Cad is ICT ann? - \u00cdoca\u00edochta C\u00fanaimh Tith\u00edochta","robots":{"index":"index","follow":"follow","max-snippet":"max-snippet:-1","max-image-preview":"max-image-preview:large","max-video-preview":"max-video-preview:-1"},"canonical":"https:\/\/www.hap.ie\/ga\/cad-is-ict-ann\/","og_locale":"ga_IE","og_type":"article","og_title":"Cad is ICT ann? - \u00cdoca\u00edochta C\u00fanaimh Tith\u00edochta","og_description":"Cad is ICT ann? Is cine\u00e1l taca\u00edochta tith\u00edochta s\u00f3isialta an \u00cdoca\u00edocht C\u00fanaimh Tith\u00edochta (\u00cdCT) arna sol\u00e1thar ag d\u2019\u00fadar\u00e1s \u00e1iti\u00fail. D\u00e9anann \u00fadar\u00e1is \u00e1iti\u00fala \u00edoca\u00edocht ch\u00edosa mh\u00edos\u00fail ar do shon le do thiarna tal\u00fan, ag brath ar th\u00e9arma\u00ed agus coinn\u00edollacha, teorainneacha c\u00edosa san \u00e1ireamh. Agus \u00edocann an tion\u00f3nta \u00cdCT rann\u00edoca\u00edocht sheachtaini\u00fail ch\u00edosa leis an \u00fadar\u00e1s \u00e1iti\u00fail. Ligeann [&hellip;]","og_url":"https:\/\/www.hap.ie\/ga\/cad-is-ict-ann\/","og_site_name":"\u00cdoca\u00edochta C\u00fanaimh Tith\u00edochta","article_modified_time":"2022-10-20T12:53:26+00:00","twitter_card":"summary_large_image","twitter_misc":{"Est. reading time":"1 minute"},"schema":{"@context":"https:\/\/schema.org","@graph":[{"@type":"WebPage","@id":"https:\/\/www.hap.ie\/ga\/cad-is-ict-ann\/","url":"https:\/\/www.hap.ie\/ga\/cad-is-ict-ann\/","name":"Cad is ICT ann? - \u00cdoca\u00edochta C\u00fanaimh Tith\u00edochta","isPartOf":{"@id":"https:\/\/www.hap.ie\/ga\/#website"},"datePublished":"2022-09-30T12:56:57+00:00","dateModified":"2022-10-20T12:53:26+00:00","inLanguage":"ga-IE","potentialAction":[{"@type":"ReadAction","target":["https:\/\/www.hap.ie\/ga\/cad-is-ict-ann\/"]}]},{"@type":"WebSite","@id":"https:\/\/www.hap.ie\/ga\/#website","url":"https:\/\/www.hap.ie\/ga\/","name":"\u00cdoca\u00edochta C\u00fanaimh Tith\u00edochta","description":"","publisher":{"@id":"https:\/\/www.hap.ie\/ga\/#organization"},"potentialAction":[{"@type":"SearchAction","target":{"@type":"EntryPoint","urlTemplate":"https:\/\/www.hap.ie\/ga\/?s={search_term_string}"},"query-input":{"@type":"PropertyValueSpecification","valueRequired":true,"valueName":"search_term_string"}}],"inLanguage":"ga-IE"},{"@type":"Organization","@id":"https:\/\/www.hap.ie\/ga\/#organization","name":"\u00cdoca\u00edochta C\u00fanaimh Tith\u00edochta","url":"https:\/\/www.hap.ie\/ga\/","logo":{"@type":"ImageObject","inLanguage":"ga-IE","@id":"https:\/\/www.hap.ie\/ga\/#\/schema\/logo\/image\/","url":"https:\/\/hap-cdn-prod.s3.eu-west-1.amazonaws.com\/wp-content\/uploads\/2022\/09\/02094307\/hap.png","contentUrl":"https:\/\/hap-cdn-prod.s3.eu-west-1.amazonaws.com\/wp-content\/uploads\/2022\/09\/02094307\/hap.png","width":590,"height":282,"caption":"\u00cdoca\u00edochta C\u00fanaimh Tith\u00edochta"},"image":{"@id":"https:\/\/www.hap.ie\/ga\/#\/schema\/logo\/image\/"}}]}},"spectra_custom_meta":{"_wpml_media_duplicate":["0"],"_wpml_media_featured":["1"],"adv-header-id-meta":[""],"stick-header-meta":[""],"site-post-title":["disabled"],"theme-transparent-header-meta":[""],"_top_nav_excluded":[""],"_cms_nav_minihome":[""],"_last_translation_edit_mode":["translation-editor"],"_wp_page_template":[""],"_cmplz_scanned_post":["1"],"_uag_page_assets":["a:9:{s:3:\"css\";s:0:\"\";s:2:\"js\";s:0:\"\";s:18:\"current_block_list\";a:7:{i:0;s:12:\"core\/heading\";i:1;s:14:\"core\/paragraph\";i:2;s:10:\"core\/group\";i:5;s:12:\"core\/columns\";i:6;s:11:\"core\/column\";i:7;s:10:\"core\/image\";i:8;s:28:\"tiptip\/hyperlink-group-block\";}s:8:\"uag_flag\";b:0;s:11:\"uag_version\";s:10:\"1776558288\";s:6:\"gfonts\";a:0:{}s:10:\"gfonts_url\";s:0:\"\";s:12:\"gfonts_files\";a:0:{}s:14:\"uag_faq_layout\";b:0;}"]},"uagb_featured_image_src":{"full":false,"thumbnail":false,"medium":false,"medium_large":false,"large":false,"1536x1536":false,"2048x2048":false},"uagb_author_info":{"display_name":"BobbyJo","author_link":"https:\/\/www.hap.ie\/ga\/author\/bobbyjo\/"},"uagb_comment_info":0,"uagb_excerpt":"Cad is ICT ann? Is cine\u00e1l taca\u00edochta tith\u00edochta s\u00f3isialta an \u00cdoca\u00edocht C\u00fanaimh Tith\u00edochta (\u00cdCT) arna sol\u00e1thar ag d\u2019\u00fadar\u00e1s \u00e1iti\u00fail. D\u00e9anann \u00fadar\u00e1is \u00e1iti\u00fala \u00edoca\u00edocht ch\u00edosa mh\u00edos\u00fail ar do shon le do thiarna tal\u00fan, ag brath ar th\u00e9arma\u00ed agus coinn\u00edollacha, teorainneacha c\u00edosa san \u00e1ireamh. Agus \u00edocann an tion\u00f3nta \u00cdCT rann\u00edoca\u00edocht sheachtaini\u00fail ch\u00edosa leis an \u00fadar\u00e1s \u00e1iti\u00fail. Ligeann&hellip;","_links":{"self":[{"href":"https:\/\/www.hap.ie\/ga\/wp-json\/wp\/v2\/pages\/558","targetHints":{"allow":["GET"]}}],"collection":[{"href":"https:\/\/www.hap.ie\/ga\/wp-json\/wp\/v2\/pages"}],"about":[{"href":"https:\/\/www.hap.ie\/ga\/wp-json\/wp\/v2\/types\/page"}],"author":[{"embeddable":true,"href":"https:\/\/www.hap.ie\/ga\/wp-json\/wp\/v2\/users\/1"}],"replies":[{"embeddable":true,"href":"https:\/\/www.hap.ie\/ga\/wp-json\/wp\/v2\/comments?post=558"}],"version-history":[{"count":6,"href":"https:\/\/www.hap.ie\/ga\/wp-json\/wp\/v2\/pages\/558\/revisions"}],"predecessor-version":[{"id":758,"href":"https:\/\/www.hap.ie\/ga\/wp-json\/wp\/v2\/pages\/558\/revisions\/758"}],"wp:attachment":[{"href":"https:\/\/www.hap.ie\/ga\/wp-json\/wp\/v2\/media?parent=558"}],"curies":[{"name":"wp","href":"https:\/\/api.w.org\/{rel}","templated":true}]}}