{"id":301,"date":"2022-09-30T09:56:43","date_gmt":"2022-09-30T09:56:43","guid":{"rendered":"https:\/\/www.hap.ie\/home\/"},"modified":"2026-03-10T09:58:56","modified_gmt":"2026-03-10T09:58:56","slug":"home","status":"publish","type":"page","link":"https:\/\/www.hap.ie\/ga\/","title":{"rendered":"Baile"},"content":{"rendered":"\n<div class=\"wp-block-cover alignfull\" style=\"padding-top:0px;padding-right:0px;padding-bottom:0px;padding-left:0px\" id=\"frontcover\"><img loading=\"lazy\" decoding=\"async\" width=\"2400\" height=\"1200\" class=\"wp-block-cover__image-background wp-image-22\" alt=\"\" src=\"https:\/\/hap-cdn-prod.s3.eu-west-1.amazonaws.com\/wp-content\/uploads\/2022\/09\/02094306\/home.jpg\" style=\"object-position:0% 0%\" data-object-fit=\"cover\" data-object-position=\"0% 0%\" srcset=\"https:\/\/hap-cdn-prod.s3.eu-west-1.amazonaws.com\/wp-content\/uploads\/2022\/09\/02094306\/home.jpg 2400w, https:\/\/hap-cdn-prod.s3.eu-west-1.amazonaws.com\/wp-content\/uploads\/2022\/09\/02094306\/home-300x150.jpg 300w, https:\/\/hap-cdn-prod.s3.eu-west-1.amazonaws.com\/wp-content\/uploads\/2022\/09\/02094306\/home-1024x512.jpg 1024w, https:\/\/hap-cdn-prod.s3.eu-west-1.amazonaws.com\/wp-content\/uploads\/2022\/09\/02094306\/home-768x384.jpg 768w, https:\/\/hap-cdn-prod.s3.eu-west-1.amazonaws.com\/wp-content\/uploads\/2022\/09\/02094306\/home-1536x768.jpg 1536w, https:\/\/hap-cdn-prod.s3.eu-west-1.amazonaws.com\/wp-content\/uploads\/2022\/09\/02094306\/home-2048x1024.jpg 2048w\" sizes=\"auto, (max-width: 2400px) 100vw, 2400px\" \/><span aria-hidden=\"true\" class=\"wp-block-cover__background has-background-dim-0 has-background-dim\"><\/span><div class=\"wp-block-cover__inner-container is-layout-flow wp-block-cover-is-layout-flow\">\n<div class=\"inherit-container-width wp-block-group alignfull is-layout-constrained wp-block-group-is-layout-constrained\">\n<div class=\"wp-block-columns is-layout-flex wp-container-core-columns-is-layout-28f84493 wp-block-columns-is-layout-flex\">\n<div class=\"wp-block-column is-layout-flow wp-block-column-is-layout-flow\">\n<div class=\"inherit-container-width wp-block-group alignfull is-layout-constrained wp-block-group-is-layout-constrained\" id=\"intro-text\">\n<h1 class=\"wp-block-heading custom-style has-ast-global-color-5-color has-text-color has-link-color has-x-large-font-size wp-elements-b2349ee2d133bd484e5a8df5005212b4\">Sc\u00e9im \u00cdoca\u00edochta Ch\u00fanaimh Tith\u00edochta<\/h1>\n\n\n\n<p class=\"has-ast-global-color-5-color has-text-color\" style=\"font-size:20px; font-weight:500; margin-bottom: 0; line-height: 1.1\">Is \u00e9 ICT saghas taca\u00edochta tith\u00edochta s\u00f3isialta curtha ar f\u00e1il ag gach \u00fadar\u00e1is \u00e1iti\u00fala. Faoi ICT, is f\u00e9idir le h\u00fadar\u00e1is \u00e1iti\u00fala c\u00fanamh tith\u00edochta a chuir ar f\u00e1il do theaghlaigh le riachtanas tith\u00edochta fadt\u00e9arma, san \u00e1ireamh go leor faighteoir\u00ed fadt\u00e9arma Forl\u00edonadh C\u00edosa.<\/p>\n\n\n\n<a href=\"https:\/\/www.hap.ie\/ga\/cad-is-ict-ann\/\" aria-label=\"Read More about the Housing Assistance Payment\" style=\"font-size:18px; font-weight:500; margin-bottom: 0\">L\u00e9igh tuilleadh<\/a>\n<\/div>\n<\/div>\n\n\n\n<div class=\"wp-block-column is-vertically-aligned-bottom is-layout-flow wp-block-column-is-layout-flow\">\n<div style=\"height:400px\" aria-hidden=\"true\" class=\"wp-block-spacer\"><\/div>\n<\/div>\n<\/div>\n<\/div>\n\n\n\n<div class=\"wp-block-columns is-layout-flex wp-container-core-columns-is-layout-28f84493 wp-block-columns-is-layout-flex\">\n<div class=\"wp-block-column is-layout-flow wp-block-column-is-layout-flow\"><\/div>\n\n\n\n<div class=\"wp-block-column is-vertically-aligned-top is-layout-flow wp-block-column-is-layout-flow\">\n<div class=\"wp-block-buttons is-content-justification-center is-layout-flex wp-container-core-buttons-is-layout-72caf8c6 wp-block-buttons-is-layout-flex\">\n<div class=\"wp-block-button\"><a class=\"wp-block-button__link has-ast-global-color-5-color has-text-color has-background has-link-color has-medium-font-size has-text-align-center has-custom-font-size wp-element-button\" href=\"https:\/\/www.hap.ie\/ga\/iarratas-a-dheanamh\/\" style=\"background-color:#860038\"><strong>D\u00e9an Iarratas Ar L\u00edne<\/strong><\/a><\/div>\n<\/div>\n<\/div>\n<\/div>\n<\/div><\/div>\n\n<div style=\"height:15px\" aria-hidden=\"true\" class=\"wp-block-spacer\"><\/div>\n\n<div class=\"inherit-container-width wp-block-group alignfull is-layout-constrained wp-block-group-is-layout-constrained\" id=\"intro-text-mobile\">\n<h1 class=\"wp-block-heading custom-style\">Sc\u00e9im \u00cdoca\u00edochta Ch\u00fanaimh Tith\u00edochta<\/h1>\n\n\n\n<p>Is \u00e9 ICT saghas taca\u00edochta tith\u00edochta s\u00f3isialta curtha ar f\u00e1il ag gach \u00fadar\u00e1is \u00e1iti\u00fala. Faoi ICT, is f\u00e9idir le h\u00fadar\u00e1is \u00e1iti\u00fala c\u00fanamh tith\u00edochta a chuir ar f\u00e1il do theaghlaigh le riachtanas tith\u00edochta fadt\u00e9arma, san \u00e1ireamh go leor faighteoir\u00ed fadt\u00e9arma Forl\u00edonadh C\u00edosa.<\/p>\n\n\n\n<a href=\"#\" aria-label=\"Read More about the Housing Assistance Payment\">L\u00e9igh tuilleadh<\/a>\n<\/div>\n","protected":false},"excerpt":{"rendered":"<p>Sc\u00e9im \u00cdoca\u00edochta Ch\u00fanaimh Tith\u00edochta Is \u00e9 ICT saghas taca\u00edochta tith\u00edochta s\u00f3isialta curtha ar f\u00e1il ag gach \u00fadar\u00e1is \u00e1iti\u00fala. Faoi ICT, is f\u00e9idir le h\u00fadar\u00e1is \u00e1iti\u00fala c\u00fanamh tith\u00edochta a chuir ar f\u00e1il do theaghlaigh le riachtanas tith\u00edochta fadt\u00e9arma, san \u00e1ireamh go leor faighteoir\u00ed fadt\u00e9arma Forl\u00edonadh C\u00edosa. L\u00e9igh tuilleadh<\/p>\n","protected":false},"author":1,"featured_media":0,"parent":0,"menu_order":0,"comment_status":"closed","ping_status":"closed","template":"","meta":{"_uag_custom_page_level_css":"","site-sidebar-layout":"no-sidebar","site-content-layout":"page-builder","ast-site-content-layout":"full-width-container","site-content-style":"unboxed","site-sidebar-style":"unboxed","ast-global-header-display":"","ast-banner-title-visibility":"","ast-main-header-display":"","ast-hfb-above-header-display":"","ast-hfb-below-header-display":"","ast-hfb-mobile-header-display":"","site-post-title":"disabled","ast-breadcrumbs-content":"","ast-featured-img":"","footer-sml-layout":"","ast-disable-related-posts":"","theme-transparent-header-meta":"enabled","adv-header-id-meta":"","stick-header-meta":"","header-above-stick-meta":"","header-main-stick-meta":"","header-below-stick-meta":"","astra-migrate-meta-layouts":"default","ast-page-background-enabled":"default","ast-page-background-meta":{"desktop":{"background-color":"var(--ast-global-color-4)","background-image":"","background-repeat":"repeat","background-position":"center center","background-size":"auto","background-attachment":"scroll","background-type":"","background-media":"","overlay-type":"","overlay-color":"","overlay-opacity":"","overlay-gradient":""},"tablet":{"background-color":"","background-image":"","background-repeat":"repeat","background-position":"center center","background-size":"auto","background-attachment":"scroll","background-type":"","background-media":"","overlay-type":"","overlay-color":"","overlay-opacity":"","overlay-gradient":""},"mobile":{"background-color":"","background-image":"","background-repeat":"repeat","background-position":"center center","background-size":"auto","background-attachment":"scroll","background-type":"","background-media":"","overlay-type":"","overlay-color":"","overlay-opacity":"","overlay-gradient":""}},"ast-content-background-meta":{"desktop":{"background-color":"var(--ast-global-color-5)","background-image":"","background-repeat":"repeat","background-position":"center center","background-size":"auto","background-attachment":"scroll","background-type":"","background-media":"","overlay-type":"","overlay-color":"","overlay-opacity":"","overlay-gradient":""},"tablet":{"background-color":"var(--ast-global-color-5)","background-image":"","background-repeat":"repeat","background-position":"center center","background-size":"auto","background-attachment":"scroll","background-type":"","background-media":"","overlay-type":"","overlay-color":"","overlay-opacity":"","overlay-gradient":""},"mobile":{"background-color":"var(--ast-global-color-5)","background-image":"","background-repeat":"repeat","background-position":"center center","background-size":"auto","background-attachment":"scroll","background-type":"","background-media":"","overlay-type":"","overlay-color":"","overlay-opacity":"","overlay-gradient":""}},"footnotes":""},"class_list":["post-301","page","type-page","status-publish","hentry"],"yoast_head":"<!-- This site is optimized with the Yoast SEO plugin v27.1.1 - https:\/\/yoast.com\/product\/yoast-seo-wordpress\/ -->\n<title>Baile - \u00cdoca\u00edochta C\u00fanaimh Tith\u00edochta<\/title>\n<meta name=\"robots\" content=\"index, follow, max-snippet:-1, max-image-preview:large, max-video-preview:-1\" \/>\n<link rel=\"canonical\" href=\"https:\/\/www.hap.ie\/ga\/\" \/>\n<meta property=\"og:locale\" content=\"ga_IE\" \/>\n<meta property=\"og:type\" content=\"article\" \/>\n<meta property=\"og:title\" content=\"Baile - \u00cdoca\u00edochta C\u00fanaimh Tith\u00edochta\" \/>\n<meta property=\"og:description\" content=\"Sc\u00e9im \u00cdoca\u00edochta Ch\u00fanaimh Tith\u00edochta Is \u00e9 ICT saghas taca\u00edochta tith\u00edochta s\u00f3isialta curtha ar f\u00e1il ag gach \u00fadar\u00e1is \u00e1iti\u00fala. Faoi ICT, is f\u00e9idir le h\u00fadar\u00e1is \u00e1iti\u00fala c\u00fanamh tith\u00edochta a chuir ar f\u00e1il do theaghlaigh le riachtanas tith\u00edochta fadt\u00e9arma, san \u00e1ireamh go leor faighteoir\u00ed fadt\u00e9arma Forl\u00edonadh C\u00edosa. L\u00e9igh tuilleadh\" \/>\n<meta property=\"og:url\" content=\"https:\/\/www.hap.ie\/ga\/\" \/>\n<meta property=\"og:site_name\" content=\"\u00cdoca\u00edochta C\u00fanaimh Tith\u00edochta\" \/>\n<meta property=\"article:modified_time\" content=\"2026-03-10T09:58:56+00:00\" \/>\n<meta property=\"og:image\" content=\"https:\/\/www.hap.ie\/wp-content\/uploads\/2022\/09\/home.jpg\" \/>\n<meta name=\"twitter:card\" content=\"summary_large_image\" \/>\n<meta name=\"twitter:label1\" content=\"Est. reading time\" \/>\n\t<meta name=\"twitter:data1\" content=\"1 minute\" \/>\n<script type=\"application\/ld+json\" class=\"yoast-schema-graph\">{\"@context\":\"https:\/\/schema.org\",\"@graph\":[{\"@type\":\"WebPage\",\"@id\":\"https:\/\/www.hap.ie\/ga\/\",\"url\":\"https:\/\/www.hap.ie\/ga\/\",\"name\":\"Baile - \u00cdoca\u00edochta C\u00fanaimh Tith\u00edochta\",\"isPartOf\":{\"@id\":\"https:\/\/www.hap.ie\/ga\/#website\"},\"primaryImageOfPage\":{\"@id\":\"https:\/\/www.hap.ie\/ga\/#primaryimage\"},\"image\":{\"@id\":\"https:\/\/www.hap.ie\/ga\/#primaryimage\"},\"thumbnailUrl\":\"https:\/\/www.hap.ie\/wp-content\/uploads\/2022\/09\/home.jpg\",\"datePublished\":\"2022-09-30T09:56:43+00:00\",\"dateModified\":\"2026-03-10T09:58:56+00:00\",\"inLanguage\":\"ga-IE\",\"potentialAction\":[{\"@type\":\"ReadAction\",\"target\":[\"https:\/\/www.hap.ie\/ga\/\"]}]},{\"@type\":\"ImageObject\",\"inLanguage\":\"ga-IE\",\"@id\":\"https:\/\/www.hap.ie\/ga\/#primaryimage\",\"url\":\"https:\/\/www.hap.ie\/wp-content\/uploads\/2022\/09\/home.jpg\",\"contentUrl\":\"https:\/\/www.hap.ie\/wp-content\/uploads\/2022\/09\/home.jpg\"},{\"@type\":\"WebSite\",\"@id\":\"https:\/\/www.hap.ie\/ga\/#website\",\"url\":\"https:\/\/www.hap.ie\/ga\/\",\"name\":\"\u00cdoca\u00edochta C\u00fanaimh Tith\u00edochta\",\"description\":\"\",\"publisher\":{\"@id\":\"https:\/\/www.hap.ie\/ga\/#organization\"},\"potentialAction\":[{\"@type\":\"SearchAction\",\"target\":{\"@type\":\"EntryPoint\",\"urlTemplate\":\"https:\/\/www.hap.ie\/ga\/?s={search_term_string}\"},\"query-input\":{\"@type\":\"PropertyValueSpecification\",\"valueRequired\":true,\"valueName\":\"search_term_string\"}}],\"inLanguage\":\"ga-IE\"},{\"@type\":\"Organization\",\"@id\":\"https:\/\/www.hap.ie\/ga\/#organization\",\"name\":\"\u00cdoca\u00edochta C\u00fanaimh Tith\u00edochta\",\"url\":\"https:\/\/www.hap.ie\/ga\/\",\"logo\":{\"@type\":\"ImageObject\",\"inLanguage\":\"ga-IE\",\"@id\":\"https:\/\/www.hap.ie\/ga\/#\/schema\/logo\/image\/\",\"url\":\"https:\/\/hap-cdn-prod.s3.eu-west-1.amazonaws.com\/wp-content\/uploads\/2022\/09\/02094307\/hap.png\",\"contentUrl\":\"https:\/\/hap-cdn-prod.s3.eu-west-1.amazonaws.com\/wp-content\/uploads\/2022\/09\/02094307\/hap.png\",\"width\":590,\"height\":282,\"caption\":\"\u00cdoca\u00edochta C\u00fanaimh Tith\u00edochta\"},\"image\":{\"@id\":\"https:\/\/www.hap.ie\/ga\/#\/schema\/logo\/image\/\"}}]}<\/script>\n<!-- \/ Yoast SEO plugin. -->","yoast_head_json":{"title":"Baile - \u00cdoca\u00edochta C\u00fanaimh Tith\u00edochta","robots":{"index":"index","follow":"follow","max-snippet":"max-snippet:-1","max-image-preview":"max-image-preview:large","max-video-preview":"max-video-preview:-1"},"canonical":"https:\/\/www.hap.ie\/ga\/","og_locale":"ga_IE","og_type":"article","og_title":"Baile - \u00cdoca\u00edochta C\u00fanaimh Tith\u00edochta","og_description":"Sc\u00e9im \u00cdoca\u00edochta Ch\u00fanaimh Tith\u00edochta Is \u00e9 ICT saghas taca\u00edochta tith\u00edochta s\u00f3isialta curtha ar f\u00e1il ag gach \u00fadar\u00e1is \u00e1iti\u00fala. Faoi ICT, is f\u00e9idir le h\u00fadar\u00e1is \u00e1iti\u00fala c\u00fanamh tith\u00edochta a chuir ar f\u00e1il do theaghlaigh le riachtanas tith\u00edochta fadt\u00e9arma, san \u00e1ireamh go leor faighteoir\u00ed fadt\u00e9arma Forl\u00edonadh C\u00edosa. L\u00e9igh tuilleadh","og_url":"https:\/\/www.hap.ie\/ga\/","og_site_name":"\u00cdoca\u00edochta C\u00fanaimh Tith\u00edochta","article_modified_time":"2026-03-10T09:58:56+00:00","og_image":[{"url":"https:\/\/www.hap.ie\/wp-content\/uploads\/2022\/09\/home.jpg","type":"","width":"","height":""}],"twitter_card":"summary_large_image","twitter_misc":{"Est. reading time":"1 minute"},"schema":{"@context":"https:\/\/schema.org","@graph":[{"@type":"WebPage","@id":"https:\/\/www.hap.ie\/ga\/","url":"https:\/\/www.hap.ie\/ga\/","name":"Baile - \u00cdoca\u00edochta C\u00fanaimh Tith\u00edochta","isPartOf":{"@id":"https:\/\/www.hap.ie\/ga\/#website"},"primaryImageOfPage":{"@id":"https:\/\/www.hap.ie\/ga\/#primaryimage"},"image":{"@id":"https:\/\/www.hap.ie\/ga\/#primaryimage"},"thumbnailUrl":"https:\/\/www.hap.ie\/wp-content\/uploads\/2022\/09\/home.jpg","datePublished":"2022-09-30T09:56:43+00:00","dateModified":"2026-03-10T09:58:56+00:00","inLanguage":"ga-IE","potentialAction":[{"@type":"ReadAction","target":["https:\/\/www.hap.ie\/ga\/"]}]},{"@type":"ImageObject","inLanguage":"ga-IE","@id":"https:\/\/www.hap.ie\/ga\/#primaryimage","url":"https:\/\/www.hap.ie\/wp-content\/uploads\/2022\/09\/home.jpg","contentUrl":"https:\/\/www.hap.ie\/wp-content\/uploads\/2022\/09\/home.jpg"},{"@type":"WebSite","@id":"https:\/\/www.hap.ie\/ga\/#website","url":"https:\/\/www.hap.ie\/ga\/","name":"\u00cdoca\u00edochta C\u00fanaimh Tith\u00edochta","description":"","publisher":{"@id":"https:\/\/www.hap.ie\/ga\/#organization"},"potentialAction":[{"@type":"SearchAction","target":{"@type":"EntryPoint","urlTemplate":"https:\/\/www.hap.ie\/ga\/?s={search_term_string}"},"query-input":{"@type":"PropertyValueSpecification","valueRequired":true,"valueName":"search_term_string"}}],"inLanguage":"ga-IE"},{"@type":"Organization","@id":"https:\/\/www.hap.ie\/ga\/#organization","name":"\u00cdoca\u00edochta C\u00fanaimh Tith\u00edochta","url":"https:\/\/www.hap.ie\/ga\/","logo":{"@type":"ImageObject","inLanguage":"ga-IE","@id":"https:\/\/www.hap.ie\/ga\/#\/schema\/logo\/image\/","url":"https:\/\/hap-cdn-prod.s3.eu-west-1.amazonaws.com\/wp-content\/uploads\/2022\/09\/02094307\/hap.png","contentUrl":"https:\/\/hap-cdn-prod.s3.eu-west-1.amazonaws.com\/wp-content\/uploads\/2022\/09\/02094307\/hap.png","width":590,"height":282,"caption":"\u00cdoca\u00edochta C\u00fanaimh Tith\u00edochta"},"image":{"@id":"https:\/\/www.hap.ie\/ga\/#\/schema\/logo\/image\/"}}]}},"spectra_custom_meta":{"_wpml_media_duplicate":["0"],"_wpml_media_featured":["1"],"adv-header-id-meta":[""],"stick-header-meta":[""],"site-post-title":["disabled"],"site-sidebar-layout":["no-sidebar"],"site-content-layout":["page-builder"],"theme-transparent-header-meta":["enabled"],"_top_nav_excluded":[""],"_cms_nav_minihome":[""],"_last_translation_edit_mode":["translation-editor"],"_wp_page_template":[""],"_cmplz_scanned_post":["1"],"ast-site-content-layout":["full-width-container"],"site-content-style":["unboxed"],"site-sidebar-style":["unboxed"],"_wpml_media_has_media":["1"],"cmplz_hide_cookiebanner":[""],"amazonS3_cache":["a:2:{s:48:\"\/\/www.hap.ie\/wp-content\/uploads\/2022\/09\/home.jpg\";a:2:{s:2:\"id\";i:22;s:11:\"source_type\";s:13:\"media-library\";}s:86:\"\/\/hap-cdn-prod.s3.eu-west-1.amazonaws.com\/wp-content\/uploads\/2022\/09\/02094306\/home.jpg\";a:2:{s:2:\"id\";i:22;s:11:\"source_type\";s:13:\"media-library\";}}"],"_wpml_word_count":["129"],"_uag_page_assets":["a:9:{s:3:\"css\";s:0:\"\";s:2:\"js\";s:0:\"\";s:18:\"current_block_list\";a:12:{i:0;s:10:\"core\/cover\";i:1;s:10:\"core\/group\";i:2;s:12:\"core\/columns\";i:3;s:11:\"core\/column\";i:5;s:12:\"core\/heading\";i:6;s:9:\"core\/html\";i:8;s:11:\"core\/spacer\";i:10;s:12:\"core\/buttons\";i:11;s:11:\"core\/button\";i:12;s:14:\"core\/paragraph\";i:17;s:10:\"core\/image\";i:18;s:28:\"tiptip\/hyperlink-group-block\";}s:8:\"uag_flag\";b:0;s:11:\"uag_version\";s:10:\"1776217249\";s:6:\"gfonts\";a:0:{}s:10:\"gfonts_url\";s:0:\"\";s:12:\"gfonts_files\";a:0:{}s:14:\"uag_faq_layout\";b:0;}"]},"uagb_featured_image_src":{"full":false,"thumbnail":false,"medium":false,"medium_large":false,"large":false,"1536x1536":false,"2048x2048":false},"uagb_author_info":{"display_name":"BobbyJo","author_link":"https:\/\/www.hap.ie\/ga\/author\/bobbyjo\/"},"uagb_comment_info":0,"uagb_excerpt":"Sc\u00e9im \u00cdoca\u00edochta Ch\u00fanaimh Tith\u00edochta Is \u00e9 ICT saghas taca\u00edochta tith\u00edochta s\u00f3isialta curtha ar f\u00e1il ag gach \u00fadar\u00e1is \u00e1iti\u00fala. Faoi ICT, is f\u00e9idir le h\u00fadar\u00e1is \u00e1iti\u00fala c\u00fanamh tith\u00edochta a chuir ar f\u00e1il do theaghlaigh le riachtanas tith\u00edochta fadt\u00e9arma, san \u00e1ireamh go leor faighteoir\u00ed fadt\u00e9arma Forl\u00edonadh C\u00edosa. L\u00e9igh tuilleadh","_links":{"self":[{"href":"https:\/\/www.hap.ie\/ga\/wp-json\/wp\/v2\/pages\/301","targetHints":{"allow":["GET"]}}],"collection":[{"href":"https:\/\/www.hap.ie\/ga\/wp-json\/wp\/v2\/pages"}],"about":[{"href":"https:\/\/www.hap.ie\/ga\/wp-json\/wp\/v2\/types\/page"}],"author":[{"embeddable":true,"href":"https:\/\/www.hap.ie\/ga\/wp-json\/wp\/v2\/users\/1"}],"replies":[{"embeddable":true,"href":"https:\/\/www.hap.ie\/ga\/wp-json\/wp\/v2\/comments?post=301"}],"version-history":[{"count":20,"href":"https:\/\/www.hap.ie\/ga\/wp-json\/wp\/v2\/pages\/301\/revisions"}],"predecessor-version":[{"id":1497,"href":"https:\/\/www.hap.ie\/ga\/wp-json\/wp\/v2\/pages\/301\/revisions\/1497"}],"wp:attachment":[{"href":"https:\/\/www.hap.ie\/ga\/wp-json\/wp\/v2\/media?parent=301"}],"curies":[{"name":"wp","href":"https:\/\/api.w.org\/{rel}","templated":true}]}}